{"id":10968,"date":"2023-11-10T13:45:52","date_gmt":"2023-11-10T12:45:52","guid":{"rendered":"https:\/\/mes-pochoirs.com\/?post_type=product&#038;p=10968"},"modified":"2025-10-31T11:59:04","modified_gmt":"2025-10-31T10:59:04","slug":"pochoir-etoiles-s0019","status":"publish","type":"product","link":"https:\/\/mes-pochoirs.com\/en\/produit\/pochoir-etoiles-s0019","title":{"rendered":"Stencil Stars - S0019"},"content":{"rendered":"<h2>Stars Stencil<\/h2>\n<h3>Une pluie d\u2019\u00e9toiles pour illuminer vos cr\u00e9ations<\/h3>\n<p><strong>Stars Stencil<\/strong> \u2014 Ce pochoir regroupe cinq \u00e9toiles de tailles diff\u00e9rentes, soigneusement r\u00e9parties pour \u00e9voquer une constellation po\u00e9tique ou une envol\u00e9e graphique. Utilis\u00e9es en ensemble ou s\u00e9par\u00e9ment, ces \u00e9toiles apportent un souffle de l\u00e9g\u00e8ret\u00e9, de r\u00eave et de brillance \u00e0 toutes vos \u0153uvres. Elles symbolisent l\u2019\u00e9l\u00e9vation, la r\u00e9ussite ou simplement l\u2019\u00e9merveillement. Ce pochoir est une invitation \u00e0 jouer avec la lumi\u00e8re et le contraste, \u00e0 faire scintiller vos projets sur toile, mur, papier ou textile. Une touche c\u00e9leste \u00e0 int\u00e9grer dans toute cr\u00e9ation.<\/p>\n<h3>Un outil artistique flexible au style pur et graphique<\/h3>\n<p><strong>Stars Stencil<\/strong> \u2014 Avec son design net, \u00e9quilibr\u00e9 et modulable, ce pochoir convient parfaitement \u00e0 des approches vari\u00e9es : du style minimaliste au d\u00e9cor festif, du pop art \u00e0 l\u2019univers enfantin, jusqu\u2019au street art contemporain. Gr\u00e2ce aux cinq tailles propos\u00e9es, il permet de cr\u00e9er des effets de profondeur, de mouvement ou de r\u00e9p\u00e9tition tr\u00e8s visuels. <strong>Reusable<\/strong>, <strong>reversible<\/strong> and available in <strong>high quality<\/strong>, ce pochoir est un excellent choix pour les artistes peintres, d\u00e9corateurs, amateurs de DIY ou passionn\u00e9s d\u2019illustration. Un outil graphique indispensable pour illuminer vos id\u00e9es.<\/p>\n<p>\u00a0 \u00a0<\/p>","protected":false},"excerpt":{"rendered":"<p><strong>Stars Stencil<\/strong> parfait pour fresque, toile ou projet artistique. Haute qualit\u00e9, r\u00e9utilisable et disponible en plusieurs tailles.<\/p>","protected":false},"featured_media":10963,"comment_status":"open","ping_status":"closed","template":"","meta":{"bwfblock_default_font":"","_kad_blocks_custom_css":"","_kad_blocks_head_custom_js":"","_kad_blocks_body_custom_js":"","_kad_blocks_footer_custom_js":"","_kadence_starter_templates_imported_post":false,"_kad_post_transparent":"default","_kad_post_title":"","_kad_post_layout":"default","_kad_post_sidebar_id":"","_kad_post_content_style":"default","_kad_post_vertical_padding":"default","_kad_post_feature":"","_kad_post_feature_position":"","_kad_post_header":false,"_kad_post_footer":false,"_kad_post_classname":""},"product_brand":[1415],"product_cat":[315],"product_tag":[233,477,474,476,475,478,324],"class_list":{"0":"post-10968","1":"product","2":"type-product","3":"status-publish","4":"has-post-thumbnail","6":"product_brand-mes-pochoirs","7":"product_cat-pochoirs-symboles","8":"product_tag-etoile","9":"product_tag-etoiles","10":"product_tag-forme","11":"product_tag-pochoir","12":"product_tag-star","13":"product_tag-stars","14":"product_tag-symbole","16":"first","17":"instock","18":"taxable","19":"shipping-taxable","20":"purchasable","21":"product-type-variable","22":"has-default-attributes","23":"entry","24":"content-bg","25":"loop-entry"},"taxonomy_info":{"product_brand":[{"value":1415,"label":"Mes Pochoirs"}],"product_cat":[{"value":315,"label":"Symboles"}],"product_tag":[{"value":233,"label":"\u00e9toile"},{"value":477,"label":"\u00e9toiles"},{"value":474,"label":"forme"},{"value":476,"label":"pochoir"},{"value":475,"label":"star"},{"value":478,"label":"stars"},{"value":324,"label":"symbole"}]},"featured_image_src_large":["https:\/\/mes-pochoirs.com\/wp-content\/uploads\/2023\/11\/S0019-FR-pochoir-etoile-copyright-mes-pochoirs-com-858x1030.jpg",858,1030,true],"author_info":[],"comment_info":0,"_links":{"self":[{"href":"https:\/\/mes-pochoirs.com\/en\/wp-json\/wp\/v2\/product\/10968","targetHints":{"allow":["GET"]}}],"collection":[{"href":"https:\/\/mes-pochoirs.com\/en\/wp-json\/wp\/v2\/product"}],"about":[{"href":"https:\/\/mes-pochoirs.com\/en\/wp-json\/wp\/v2\/types\/product"}],"replies":[{"embeddable":true,"href":"https:\/\/mes-pochoirs.com\/en\/wp-json\/wp\/v2\/comments?post=10968"}],"wp:featuredmedia":[{"embeddable":true,"href":"https:\/\/mes-pochoirs.com\/en\/wp-json\/wp\/v2\/media\/10963"}],"wp:attachment":[{"href":"https:\/\/mes-pochoirs.com\/en\/wp-json\/wp\/v2\/media?parent=10968"}],"wp:term":[{"taxonomy":"product_brand","embeddable":true,"href":"https:\/\/mes-pochoirs.com\/en\/wp-json\/wp\/v2\/product_brand?post=10968"},{"taxonomy":"product_cat","embeddable":true,"href":"https:\/\/mes-pochoirs.com\/en\/wp-json\/wp\/v2\/product_cat?post=10968"},{"taxonomy":"product_tag","embeddable":true,"href":"https:\/\/mes-pochoirs.com\/en\/wp-json\/wp\/v2\/product_tag?post=10968"}],"curies":[{"name":"wp","href":"https:\/\/api.w.org\/{rel}","templated":true}]}}