{"id":11134,"date":"2023-12-07T22:10:32","date_gmt":"2023-12-07T21:10:32","guid":{"rendered":"https:\/\/mes-pochoirs.com\/?post_type=product&#038;p=11134"},"modified":"2025-10-31T11:59:11","modified_gmt":"2025-10-31T10:59:11","slug":"small-glittering-stars-stencil-s0023","status":"publish","type":"product","link":"https:\/\/mes-pochoirs.com\/en\/produit\/pochoir-petites-etoiles-scintillantes-s0023","title":{"rendered":"Small Sparkling Stars Stencil - S0023"},"content":{"rendered":"<h2>Small Sparkling Stars Stencil<\/h2>\n<p>Le <strong>Small Sparkling Stars Stencil<\/strong> offers an enchanting motif, made up of stars of varying sizes that seem to float in the night sky. It evokes the magic of a starry night and the beauty of the constellations, inviting you to daydream. Whether you're decorating a painting, a mural, a piece of furniture or a textile, this stencil will add a luminous, poetic touch to your creations. Each star becomes a tiny sliver of light that instantly transforms your works into captivating and inspiring scenes.<\/p>\n<h3>An airy, creative graphic style<\/h3>\n<p>Le <strong>Small Sparkling Stars Stencil<\/strong> seduces with its light, dynamic style, perfect for creating an effect of depth and movement. Ideal for painters, DIY enthusiasts and wall painters, it can be used to create decorative backgrounds or main motifs with a professional finish. Reusable, reversible and available in several sizes, it can be adapted to all techniques: spray paint, acrylic, ink or even textile paint. With this stencil, every creation becomes an eye-catching sparkling sky.<\/p>","protected":false},"excerpt":{"rendered":"<p><strong>Small Sparkling Stars Stencil<\/strong>High quality paint. Multi-sized, reversible, perfect for decorative work or paintings.<\/p>","protected":false},"featured_media":10967,"comment_status":"open","ping_status":"closed","template":"","meta":{"bwfblock_default_font":"","_kad_blocks_custom_css":"","_kad_blocks_head_custom_js":"","_kad_blocks_body_custom_js":"","_kad_blocks_footer_custom_js":"","_kadence_starter_templates_imported_post":false,"_kad_post_transparent":"default","_kad_post_title":"","_kad_post_layout":"default","_kad_post_sidebar_id":"","_kad_post_content_style":"default","_kad_post_vertical_padding":"default","_kad_post_feature":"","_kad_post_feature_position":"","_kad_post_header":false,"_kad_post_footer":false,"_kad_post_classname":""},"product_brand":[1415],"product_cat":[315],"product_tag":[233,477,474,480,476,479,475,478,324],"class_list":{"0":"post-11134","1":"product","2":"type-product","3":"status-publish","4":"has-post-thumbnail","6":"product_brand-mes-pochoirs","7":"product_cat-pochoirs-symboles","8":"product_tag-etoile","9":"product_tag-etoiles","10":"product_tag-forme","11":"product_tag-petites-etoiles","12":"product_tag-pochoir","13":"product_tag-scintillantes","14":"product_tag-star","15":"product_tag-stars","16":"product_tag-symbole","18":"first","19":"instock","20":"taxable","21":"shipping-taxable","22":"purchasable","23":"product-type-variable","24":"has-default-attributes","25":"entry","26":"content-bg","27":"loop-entry"},"taxonomy_info":{"product_brand":[{"value":1415,"label":"Mes Pochoirs"}],"product_cat":[{"value":315,"label":"Symboles"}],"product_tag":[{"value":233,"label":"\u00e9toile"},{"value":477,"label":"\u00e9toiles"},{"value":474,"label":"forme"},{"value":480,"label":"petites \u00e9toiles"},{"value":476,"label":"pochoir"},{"value":479,"label":"scintillantes"},{"value":475,"label":"star"},{"value":478,"label":"stars"},{"value":324,"label":"symbole"}]},"featured_image_src_large":["https:\/\/mes-pochoirs.com\/wp-content\/uploads\/2023\/11\/S0023-FR-pochoir-etoiles-copyright-mes-pochoirs-com-858x1030.jpg",858,1030,true],"author_info":[],"comment_info":0,"_links":{"self":[{"href":"https:\/\/mes-pochoirs.com\/en\/wp-json\/wp\/v2\/product\/11134","targetHints":{"allow":["GET"]}}],"collection":[{"href":"https:\/\/mes-pochoirs.com\/en\/wp-json\/wp\/v2\/product"}],"about":[{"href":"https:\/\/mes-pochoirs.com\/en\/wp-json\/wp\/v2\/types\/product"}],"replies":[{"embeddable":true,"href":"https:\/\/mes-pochoirs.com\/en\/wp-json\/wp\/v2\/comments?post=11134"}],"wp:featuredmedia":[{"embeddable":true,"href":"https:\/\/mes-pochoirs.com\/en\/wp-json\/wp\/v2\/media\/10967"}],"wp:attachment":[{"href":"https:\/\/mes-pochoirs.com\/en\/wp-json\/wp\/v2\/media?parent=11134"}],"wp:term":[{"taxonomy":"product_brand","embeddable":true,"href":"https:\/\/mes-pochoirs.com\/en\/wp-json\/wp\/v2\/product_brand?post=11134"},{"taxonomy":"product_cat","embeddable":true,"href":"https:\/\/mes-pochoirs.com\/en\/wp-json\/wp\/v2\/product_cat?post=11134"},{"taxonomy":"product_tag","embeddable":true,"href":"https:\/\/mes-pochoirs.com\/en\/wp-json\/wp\/v2\/product_tag?post=11134"}],"curies":[{"name":"wp","href":"https:\/\/api.w.org\/{rel}","templated":true}]}}