{"id":11149,"date":"2023-12-08T13:22:41","date_gmt":"2023-12-08T12:22:41","guid":{"rendered":"https:\/\/mes-pochoirs.com\/?post_type=product&#038;p=11149"},"modified":"2025-10-31T11:59:13","modified_gmt":"2025-10-31T10:59:13","slug":"stencil-close-up-look-cu0001","status":"publish","type":"product","link":"https:\/\/mes-pochoirs.com\/en\/produit\/pochoir-close-up-regard-cu0001","title":{"rendered":"Close-Up stencil \"Regard\" - CU0001"},"content":{"rendered":"<h2>Pochoir Close-Up &#8220;Regard&#8221;<\/h2>\n<h3>Le Regard Artistique: Immersion in the World of Close-Up Stencils<\/h3>\n<p>Discover the <em>Close-Up stencil \"Regard<\/em>a key piece in our exclusive collection<strong> \"Expressions en Close-Up<\/strong> que vous ne trouverez dans aucune autre boutique. Con\u00e7ue et dessin\u00e9e par notre \u00e9quipe cr\u00e9ative, cette collection unique est ax\u00e9e sur des gros plans de visages f\u00e9minins. L&#8217;art du portrait en close-up, en vogue dans le mouvement Pop Art, offre une approche audacieuse et moderne de l&#8217;expression artistique, capturant de mani\u00e8re frappante et imm\u00e9diate l&#8217;essence et l&#8217;\u00e9motion des sujets. Notre pochoir Close-Up \u00ab Regard \u00bb est une ode \u00e0 la beaut\u00e9 et \u00e0 la complexit\u00e9 des portraits en gros plan. Il repr\u00e9sente un \u0153il f\u00e9minin en gros plan, capturant l&#8217;essence de l&#8217;expression f\u00e9minine dans son regard, incarnant ainsi un style Pop Art distinct et vibrant. Avec son style affirm\u00e9, il invite non seulement \u00e0 la cr\u00e9ation, mais aussi \u00e0 l&#8217;interpr\u00e9tation personnelle des \u00e9motions et des histoires cach\u00e9es derri\u00e8re chaque regard. Laissez-vous inspirer par son style singulier et ajoutez une touche de cr\u00e9ativit\u00e9 \u00e0 vos projets artistiques.<\/p>\n<h3>Stencil adaptability and quality<\/h3>\n<p>Our \"Expressions en Close-Up\" stencils are available in several sizes, <strong>for all your artistic projects<\/strong>, petits ou grands. Faciles \u00e0 entretenir, nos pochoirs con\u00e7us en plastique r\u00e9sistant de haute qualit\u00e9 sont r\u00e9utilisables et r\u00e9versibles. Ils sont parfaits pour une utilisation sur divers supports tels que toiles, murs, papier, bois, et bien plus. Leur <strong>application is simple and fun<\/strong>, offrant une libert\u00e9 totale dans le choix de la m\u00e9thode d&#8217;application, que ce soit au couteau, au pinceau, \u00e0 la bombe de peinture, ou toute autre technique. Fabriqu\u00e9s dans notre atelier avec un savoir-faire artisanal, nos pochoirs sont le fruit d&#8217;une attention m\u00e9ticuleuse port\u00e9e aux d\u00e9tails. Ils ne sont pas seulement un outil, mais un <strong>a partner in your creative process<\/strong>helping you explore new techniques and express your artistic vision with confidence. Whether you're an experienced painter or a beginner, our stencils give you the opportunity to make impressive creations, making it easy to <strong>creating spectacular works of art<\/strong> !<\/p>\n<h3>More details:<\/h3>\n<ul>\n<li>Dimensions: De 40x40cm \u00e0 100x100cm (s\u00e9lectionnez la taille qui convient \u00e0 votre projet parmi les options propos\u00e9es)<\/li>\n<li>Material: High-quality plastic, flexible and ultra-resistant, reusable for life if cared for.<\/li>\n<li>Format du pochoir: Carr\u00e9 (1:1)<\/li>\n<li>R\u00e9f\u00e9rence: CU0001<\/li>\n<\/ul>","protected":false},"excerpt":{"rendered":"<p><strong>Pochoir Close-Up Regard,<\/strong> haute qualit\u00e9 pour tableau ou fresque. Multi-formats, r\u00e9utilisable, parfait pour peinture et \u0153uvre d\u00e9corative.<\/p>","protected":false},"featured_media":11123,"comment_status":"open","ping_status":"closed","template":"","meta":{"bwfblock_default_font":"","_kad_blocks_custom_css":"","_kad_blocks_head_custom_js":"","_kad_blocks_body_custom_js":"","_kad_blocks_footer_custom_js":"","_kadence_starter_templates_imported_post":false,"_kad_post_transparent":"default","_kad_post_title":"","_kad_post_layout":"default","_kad_post_sidebar_id":"","_kad_post_content_style":"default","_kad_post_vertical_padding":"default","_kad_post_feature":"","_kad_post_feature_position":"","_kad_post_header":false,"_kad_post_footer":false,"_kad_post_classname":""},"product_brand":[1415],"product_cat":[486,485,481,332,36],"product_tag":[489,492,491,359,490,487,476,333,488,338],"class_list":{"0":"post-11149","1":"product","2":"type-product","3":"status-publish","4":"has-post-thumbnail","6":"product_brand-mes-pochoirs","7":"product_cat-expressions-en-close-up","8":"product_cat-close-up","9":"product_cat-collections","10":"product_cat-pochoirs-pop-art","11":"product_cat-pochoirs-portraits-visages","12":"product_tag-close-up","13":"product_tag-collection","14":"product_tag-expression","15":"product_tag-femme","16":"product_tag-gros-plan","17":"product_tag-oeil","18":"product_tag-pochoir","19":"product_tag-pop-art","20":"product_tag-regard","21":"product_tag-visage","23":"first","24":"instock","25":"taxable","26":"shipping-taxable","27":"purchasable","28":"product-type-variable","29":"entry","30":"content-bg","31":"loop-entry"},"taxonomy_info":{"product_brand":[{"value":1415,"label":"Mes Pochoirs"}],"product_cat":[{"value":486,"label":"Expressions en Close-Up"},{"value":485,"label":"Close-Up"},{"value":481,"label":"Collections"},{"value":332,"label":"Pop Art"},{"value":36,"label":"Portraits &amp; Visages"}],"product_tag":[{"value":489,"label":"Close-Up"},{"value":492,"label":"collection"},{"value":491,"label":"expression"},{"value":359,"label":"femme"},{"value":490,"label":"Gros plan"},{"value":487,"label":"oeil"},{"value":476,"label":"pochoir"},{"value":333,"label":"pop art"},{"value":488,"label":"regard"},{"value":338,"label":"visage"}]},"featured_image_src_large":["https:\/\/mes-pochoirs.com\/wp-content\/uploads\/2023\/12\/CU0001-FR-pochoir-Close-Up-Regard-1-1-copyright-mes-pochoirs-com-858x1030.jpg",858,1030,true],"author_info":[],"comment_info":0,"_links":{"self":[{"href":"https:\/\/mes-pochoirs.com\/en\/wp-json\/wp\/v2\/product\/11149","targetHints":{"allow":["GET"]}}],"collection":[{"href":"https:\/\/mes-pochoirs.com\/en\/wp-json\/wp\/v2\/product"}],"about":[{"href":"https:\/\/mes-pochoirs.com\/en\/wp-json\/wp\/v2\/types\/product"}],"replies":[{"embeddable":true,"href":"https:\/\/mes-pochoirs.com\/en\/wp-json\/wp\/v2\/comments?post=11149"}],"wp:featuredmedia":[{"embeddable":true,"href":"https:\/\/mes-pochoirs.com\/en\/wp-json\/wp\/v2\/media\/11123"}],"wp:attachment":[{"href":"https:\/\/mes-pochoirs.com\/en\/wp-json\/wp\/v2\/media?parent=11149"}],"wp:term":[{"taxonomy":"product_brand","embeddable":true,"href":"https:\/\/mes-pochoirs.com\/en\/wp-json\/wp\/v2\/product_brand?post=11149"},{"taxonomy":"product_cat","embeddable":true,"href":"https:\/\/mes-pochoirs.com\/en\/wp-json\/wp\/v2\/product_cat?post=11149"},{"taxonomy":"product_tag","embeddable":true,"href":"https:\/\/mes-pochoirs.com\/en\/wp-json\/wp\/v2\/product_tag?post=11149"}],"curies":[{"name":"wp","href":"https:\/\/api.w.org\/{rel}","templated":true}]}}