{"id":11197,"date":"2023-12-11T15:48:13","date_gmt":"2023-12-11T14:48:13","guid":{"rendered":"https:\/\/mes-pochoirs.com\/?post_type=product&#038;p=11197"},"modified":"2025-10-31T11:59:51","modified_gmt":"2025-10-31T10:59:51","slug":"stencil-close-up-look-cu0005","status":"publish","type":"product","link":"https:\/\/mes-pochoirs.com\/en\/produit\/pochoir-close-up-regard-cu0005","title":{"rendered":"Close-Up Regard Stencil - CU0005"},"content":{"rendered":"<h2>Close-Up Regard Stencil<\/h2>\n<h3>Immerse yourself in the world of Close-Up Stencils\u00a0<\/h3>\n<p>Immerse yourself in the artistic world of Close-Up with our \"Close Up Regard\" stencil, an exclusive piece from our \"Expressions en Close-Up\" collection, impossible to find anywhere else. Imagined and created by ourselves, this <strong>exclusive series<\/strong> se concentre sur des plans rapproch\u00e9s de visages f\u00e9minins, inspir\u00e9e du style Pop Art. Elle se caract\u00e9rise par son audace et sa modernit\u00e9, capturant avec intensit\u00e9 l&#8217;\u00e2me et les \u00e9motions de ses mod\u00e8les. Le pochoir Close-Up &#8220;Regard&#8221; est un hommage \u00e0 la splendeur des portraits zoom\u00e9s. Il d\u00e9peint un fragment de visage f\u00e9minin, incarnant un <strong>unique and vibrant Pop Art style<\/strong>It stimulates the creation and personal interpretation of the feelings and stories behind each expression. It's perfect for bringing a touch of innovation to your artistic projects.<\/p>\n<h3>Stencil flexibility and quality<\/h3>\n<p>Nos pochoirs \u00ab Expressions en Close-Up \u00bb sont disponibles en plusieurs tailles pour r\u00e9pondre \u00e0 tous vos besoins cr\u00e9atifs, petits ou grands. Fabriqu\u00e9s en plastique durable de haute qualit\u00e9, nos pochoirs sont faciles \u00e0 nettoyer, r\u00e9utilisables et r\u00e9versibles, parfaits pour une vari\u00e9t\u00e9 de surfaces comme les toiles, les murs, le papier ou le bois. Ils offrent une libert\u00e9 totale dans le choix de la peinture (acrylique, aquarelle&#8230;) et de la technique d&#8217;application, que ce soit au couteau, au pinceau, a\u00e9rosols ou toute autre m\u00e9thode. Produits dans notre atelier avec un savoir-faire artisanal, nos pochoirs sont le fruit d&#8217;une attention minutieuse port\u00e9e aux d\u00e9tails. Ils ne sont pas de simples outils, mais de v\u00e9ritables partenaires de votre voyage cr\u00e9atif, vous permettant d&#8217;explorer de nouvelles techniques et de manifester votre vision artistique. Que vous soyez un artiste exp\u00e9riment\u00e9 ou un d\u00e9butant, nos pochoirs sont con\u00e7us pour vous aider \u00e0 cr\u00e9er des <strong>impressive works of art<\/strong> and create spectacular visual art with ease.<\/p>\n<h3>More details:<\/h3>\n<ul>\n<li>Dimensions: De\u00a040x50cm \u00e0 100 x 125 cm (s\u00e9lectionnez la taille qui convient \u00e0 votre projet parmi les options propos\u00e9es)<\/li>\n<li>Material: High-quality plastic, flexible and ultra-resistant, reusable for life if cared for.<\/li>\n<li>Stencil format: Portrait (4:5)<\/li>\n<li>R\u00e9f\u00e9rence: CU0005<\/li>\n<\/ul>","protected":false},"excerpt":{"rendered":"<p><strong>Close-Up Regard Stencil<\/strong> for wall painting or chalkboard. High quality, striking effect, several sizes, reusable at will.<\/p>","protected":false},"featured_media":11119,"comment_status":"open","ping_status":"closed","template":"","meta":{"bwfblock_default_font":"","_kad_blocks_custom_css":"","_kad_blocks_head_custom_js":"","_kad_blocks_body_custom_js":"","_kad_blocks_footer_custom_js":"","_kadence_starter_templates_imported_post":false,"_kad_post_transparent":"default","_kad_post_title":"","_kad_post_layout":"default","_kad_post_sidebar_id":"","_kad_post_content_style":"default","_kad_post_vertical_padding":"default","_kad_post_feature":"","_kad_post_feature_position":"","_kad_post_header":false,"_kad_post_footer":false,"_kad_post_classname":""},"product_brand":[1415],"product_cat":[486,485,481,332,36],"product_tag":[489,492,491,359,490,487,476,333,488,338],"class_list":{"0":"post-11197","1":"product","2":"type-product","3":"status-publish","4":"has-post-thumbnail","6":"product_brand-mes-pochoirs","7":"product_cat-expressions-en-close-up","8":"product_cat-close-up","9":"product_cat-collections","10":"product_cat-pochoirs-pop-art","11":"product_cat-pochoirs-portraits-visages","12":"product_tag-close-up","13":"product_tag-collection","14":"product_tag-expression","15":"product_tag-femme","16":"product_tag-gros-plan","17":"product_tag-oeil","18":"product_tag-pochoir","19":"product_tag-pop-art","20":"product_tag-regard","21":"product_tag-visage","23":"first","24":"instock","25":"taxable","26":"shipping-taxable","27":"purchasable","28":"product-type-variable","29":"entry","30":"content-bg","31":"loop-entry"},"taxonomy_info":{"product_brand":[{"value":1415,"label":"Mes Pochoirs"}],"product_cat":[{"value":486,"label":"Expressions en Close-Up"},{"value":485,"label":"Close-Up"},{"value":481,"label":"Collections"},{"value":332,"label":"Pop Art"},{"value":36,"label":"Portraits &amp; Visages"}],"product_tag":[{"value":489,"label":"Close-Up"},{"value":492,"label":"collection"},{"value":491,"label":"expression"},{"value":359,"label":"femme"},{"value":490,"label":"Gros plan"},{"value":487,"label":"oeil"},{"value":476,"label":"pochoir"},{"value":333,"label":"pop art"},{"value":488,"label":"regard"},{"value":338,"label":"visage"}]},"featured_image_src_large":["https:\/\/mes-pochoirs.com\/wp-content\/uploads\/2023\/12\/CU0005-FR-pochoir-Close-Up-Regard-4-5-copyright-mes-pochoirs-com-858x1030.jpg",858,1030,true],"author_info":[],"comment_info":0,"_links":{"self":[{"href":"https:\/\/mes-pochoirs.com\/en\/wp-json\/wp\/v2\/product\/11197","targetHints":{"allow":["GET"]}}],"collection":[{"href":"https:\/\/mes-pochoirs.com\/en\/wp-json\/wp\/v2\/product"}],"about":[{"href":"https:\/\/mes-pochoirs.com\/en\/wp-json\/wp\/v2\/types\/product"}],"replies":[{"embeddable":true,"href":"https:\/\/mes-pochoirs.com\/en\/wp-json\/wp\/v2\/comments?post=11197"}],"wp:featuredmedia":[{"embeddable":true,"href":"https:\/\/mes-pochoirs.com\/en\/wp-json\/wp\/v2\/media\/11119"}],"wp:attachment":[{"href":"https:\/\/mes-pochoirs.com\/en\/wp-json\/wp\/v2\/media?parent=11197"}],"wp:term":[{"taxonomy":"product_brand","embeddable":true,"href":"https:\/\/mes-pochoirs.com\/en\/wp-json\/wp\/v2\/product_brand?post=11197"},{"taxonomy":"product_cat","embeddable":true,"href":"https:\/\/mes-pochoirs.com\/en\/wp-json\/wp\/v2\/product_cat?post=11197"},{"taxonomy":"product_tag","embeddable":true,"href":"https:\/\/mes-pochoirs.com\/en\/wp-json\/wp\/v2\/product_tag?post=11197"}],"curies":[{"name":"wp","href":"https:\/\/api.w.org\/{rel}","templated":true}]}}