{"id":12088,"date":"2024-02-02T09:00:13","date_gmt":"2024-02-02T08:00:13","guid":{"rendered":"https:\/\/mes-pochoirs.com\/?post_type=product&#038;p=12088"},"modified":"2025-10-31T12:01:25","modified_gmt":"2025-10-31T11:01:25","slug":"young-love-graffiti-stencil-an0004","status":"publish","type":"product","link":"https:\/\/mes-pochoirs.com\/en\/produit\/pochoir-jeunes-amours-graffiti-an0004","title":{"rendered":"Young Love &amp; Graffiti\" stencil - AN0004"},"content":{"rendered":"<h2>Pochoir &#8220;Jeunes Amours &amp; Graffiti&#8221;<\/h2>\n<h3>Un Instant d'Amour Captur\u00e9<\/h3>\n<p>Dive into the heart of tenderness and innocence with our exclusive \"Young Love &amp; Graffiti\" stencil, a moving depiction of two children discovering the first thrills of love in an urban setting. As the boy, armed with a can of spray paint, leaves a trace of their budding affection on a wall, the girl observes him, a suspended moment that embodies pure love, tenderness and raw emotion. This painting, an integral part of our \"Amour Naissant\" collection, perfectly illustrates the unique link between street art and the most sincere feelings, all in a distinctive Street Art style and specially imagined by our team to offer you a unique piece.<\/p>\n<h3>Quality and flexibility for your creativity<\/h3>\n<p>This stencil, carefully designed in our workshop, comes in a square format available in several sizes to suit all your creative projects. Made from hard-wearing, high-quality plastic, it's designed to be easy to maintain, reusable and reversible, so you can express your creativity on a variety of surfaces. Whether you're using a brush, spray paint, acrylic or watercolour, this stencil promises a simple and fun application, ideal for all art lovers.<\/p>","protected":false},"excerpt":{"rendered":"<p><strong>Pochoir Jeunes Amours &amp; Graffiti<\/strong> de haute qualit\u00e9, r\u00e9utilisable et r\u00e9versible, parfait pour oeuvre street art. Disponible en plusieurs tailles<\/p>","protected":false},"featured_media":12061,"comment_status":"open","ping_status":"closed","template":"","meta":{"bwfblock_default_font":"","_kad_blocks_custom_css":"","_kad_blocks_head_custom_js":"","_kad_blocks_body_custom_js":"","_kad_blocks_footer_custom_js":"","_kadence_starter_templates_imported_post":false,"_kad_post_transparent":"default","_kad_post_title":"","_kad_post_layout":"default","_kad_post_sidebar_id":"","_kad_post_content_style":"default","_kad_post_vertical_padding":"default","_kad_post_feature":"","_kad_post_feature_position":"","_kad_post_header":false,"_kad_post_footer":false,"_kad_post_classname":""},"product_brand":[1415],"product_cat":[526,481,1138,328],"product_tag":[325,507,497,236,492,506,527,528,529,296,476,503,327,287,286],"class_list":{"0":"post-12088","1":"product","2":"type-product","3":"status-publish","4":"has-post-thumbnail","6":"product_brand-mes-pochoirs","7":"product_cat-amour-naissant","8":"product_cat-collections","9":"product_cat-pochoirs-saint-valentin","10":"product_cat-pochoirs-street-art","11":"product_tag-amour","12":"product_tag-amoureux","13":"product_tag-art-urbain","14":"product_tag-coeur","15":"product_tag-collection","16":"product_tag-couple","17":"product_tag-enfants","18":"product_tag-fille","19":"product_tag-garcon","20":"product_tag-love","21":"product_tag-pochoir","22":"product_tag-rue","23":"product_tag-street-art","24":"product_tag-tag","25":"product_tag-urbain","27":"first","28":"instock","29":"taxable","30":"shipping-taxable","31":"purchasable","32":"product-type-variable","33":"entry","34":"content-bg","35":"loop-entry"},"taxonomy_info":{"product_brand":[{"value":1415,"label":"Mes Pochoirs"}],"product_cat":[{"value":526,"label":"Amour Naissant"},{"value":481,"label":"Collections"},{"value":1138,"label":"Saint-Valentin"},{"value":328,"label":"Street Art"}],"product_tag":[{"value":325,"label":"amour"},{"value":507,"label":"amoureux"},{"value":497,"label":"Art urbain"},{"value":236,"label":"coeur"},{"value":492,"label":"collection"},{"value":506,"label":"couple"},{"value":527,"label":"enfants"},{"value":528,"label":"fille"},{"value":529,"label":"gar\u00e7on"},{"value":296,"label":"Love"},{"value":476,"label":"pochoir"},{"value":503,"label":"rue"},{"value":327,"label":"street art"},{"value":287,"label":"tag"},{"value":286,"label":"urbain"}]},"featured_image_src_large":["https:\/\/mes-pochoirs.com\/wp-content\/uploads\/2024\/02\/AN0004-FR-pochoir-collection-amour-naissant-copyright-mes-pochoirs-858x1030.jpg",858,1030,true],"author_info":[],"comment_info":1,"_links":{"self":[{"href":"https:\/\/mes-pochoirs.com\/en\/wp-json\/wp\/v2\/product\/12088","targetHints":{"allow":["GET"]}}],"collection":[{"href":"https:\/\/mes-pochoirs.com\/en\/wp-json\/wp\/v2\/product"}],"about":[{"href":"https:\/\/mes-pochoirs.com\/en\/wp-json\/wp\/v2\/types\/product"}],"replies":[{"embeddable":true,"href":"https:\/\/mes-pochoirs.com\/en\/wp-json\/wp\/v2\/comments?post=12088"}],"wp:featuredmedia":[{"embeddable":true,"href":"https:\/\/mes-pochoirs.com\/en\/wp-json\/wp\/v2\/media\/12061"}],"wp:attachment":[{"href":"https:\/\/mes-pochoirs.com\/en\/wp-json\/wp\/v2\/media?parent=12088"}],"wp:term":[{"taxonomy":"product_brand","embeddable":true,"href":"https:\/\/mes-pochoirs.com\/en\/wp-json\/wp\/v2\/product_brand?post=12088"},{"taxonomy":"product_cat","embeddable":true,"href":"https:\/\/mes-pochoirs.com\/en\/wp-json\/wp\/v2\/product_cat?post=12088"},{"taxonomy":"product_tag","embeddable":true,"href":"https:\/\/mes-pochoirs.com\/en\/wp-json\/wp\/v2\/product_tag?post=12088"}],"curies":[{"name":"wp","href":"https:\/\/api.w.org\/{rel}","templated":true}]}}