{"id":12114,"date":"2024-02-02T09:00:56","date_gmt":"2024-02-02T08:00:56","guid":{"rendered":"https:\/\/mes-pochoirs.com\/?post_type=product&#038;p=12114"},"modified":"2025-10-31T12:01:33","modified_gmt":"2025-10-31T11:01:33","slug":"tendres-graffitis-denfants-stencil-an0008","status":"publish","type":"product","link":"https:\/\/mes-pochoirs.com\/en\/produit\/pochoir-tendres-graffitis-denfants-an0008","title":{"rendered":"Tendres Graffitis d'enfants\" stencil - AN0008"},"content":{"rendered":"<h2>Pochoir &#8220;Tendres Graffitis\u00a0d\u2019enfants&#8221;<\/h2>\n<h3>A Stencil of Love and Urban Art<\/h3>\n<p>D\u00e9couvrez le charme et la douceur de &#8220;Tendres Graffitis d&#8217;Enfants&#8221;, une pi\u00e8ce remarquable de notre collection \u00ab Amour Naissant \u00bb. Ce pochoir captivant met en sc\u00e8ne deux jeunes \u00e2mes, une fille et un gar\u00e7on, immerg\u00e9s dans un acte d&#8217;amour spontan\u00e9 sur un fond de rue. Le gar\u00e7on, avec une bombe de peinture \u00e0 la main, trace un c\u0153ur sur le mur, capturant l&#8217;attention et l&#8217;admiration de la fille \u00e0 ses c\u00f4t\u00e9s. Cette \u0153uvre \u00e9voque non seulement l&#8217;innocence et la puret\u00e9 de l&#8217;amour enfantin mais c\u00e9l\u00e8bre \u00e9galement l&#8217;expression libre et audacieuse du Street Art. Ce design unique vous est propos\u00e9 en exclusivit\u00e9, une v\u00e9ritable invitation \u00e0 partager des moments de tendresse et de cr\u00e9ativit\u00e9.<\/p>\n<h3>Perfect adaptability for all your inspirations<\/h3>\n<p>Our \"Tender Children's Graffiti\" stencil comes in a range of sizes, offering unrivalled flexibility for all your art projects. Carefully crafted in our workshop, this high-quality, hard-wearing plastic stencil is designed to be easy to maintain, reusable and reversible. Perfect for a variety of media, it makes application easy and fun, whether you're using a brush, spray paint, or other mediums such as acrylic or watercolour.<\/p>","protected":false},"excerpt":{"rendered":"<p data-start=\"812\" data-end=\"955\"><strong>Pochoir &#8220;Tendres Graffitis d\u2019Enfants&#8221;<\/strong> r\u00e9versible et durable, parfait pour artiste peintre souhaitant cr\u00e9er une \u0153uvre graffiti murale \u00e9motive.<\/p>","protected":false},"featured_media":12065,"comment_status":"open","ping_status":"closed","template":"","meta":{"bwfblock_default_font":"","_kad_blocks_custom_css":"","_kad_blocks_head_custom_js":"","_kad_blocks_body_custom_js":"","_kad_blocks_footer_custom_js":"","_kadence_starter_templates_imported_post":false,"_kad_post_transparent":"default","_kad_post_title":"","_kad_post_layout":"default","_kad_post_sidebar_id":"","_kad_post_content_style":"default","_kad_post_vertical_padding":"default","_kad_post_feature":"","_kad_post_feature_position":"","_kad_post_header":false,"_kad_post_footer":false,"_kad_post_classname":""},"product_brand":[1415],"product_cat":[526,481,1138,328],"product_tag":[325,507,497,236,492,506,527,528,529,296,476,503,327,287,286],"class_list":{"0":"post-12114","1":"product","2":"type-product","3":"status-publish","4":"has-post-thumbnail","6":"product_brand-mes-pochoirs","7":"product_cat-amour-naissant","8":"product_cat-collections","9":"product_cat-pochoirs-saint-valentin","10":"product_cat-pochoirs-street-art","11":"product_tag-amour","12":"product_tag-amoureux","13":"product_tag-art-urbain","14":"product_tag-coeur","15":"product_tag-collection","16":"product_tag-couple","17":"product_tag-enfants","18":"product_tag-fille","19":"product_tag-garcon","20":"product_tag-love","21":"product_tag-pochoir","22":"product_tag-rue","23":"product_tag-street-art","24":"product_tag-tag","25":"product_tag-urbain","27":"first","28":"instock","29":"taxable","30":"shipping-taxable","31":"purchasable","32":"product-type-variable","33":"entry","34":"content-bg","35":"loop-entry"},"taxonomy_info":{"product_brand":[{"value":1415,"label":"Mes Pochoirs"}],"product_cat":[{"value":526,"label":"Amour Naissant"},{"value":481,"label":"Collections"},{"value":1138,"label":"Saint-Valentin"},{"value":328,"label":"Street Art"}],"product_tag":[{"value":325,"label":"amour"},{"value":507,"label":"amoureux"},{"value":497,"label":"Art urbain"},{"value":236,"label":"coeur"},{"value":492,"label":"collection"},{"value":506,"label":"couple"},{"value":527,"label":"enfants"},{"value":528,"label":"fille"},{"value":529,"label":"gar\u00e7on"},{"value":296,"label":"Love"},{"value":476,"label":"pochoir"},{"value":503,"label":"rue"},{"value":327,"label":"street art"},{"value":287,"label":"tag"},{"value":286,"label":"urbain"}]},"featured_image_src_large":["https:\/\/mes-pochoirs.com\/wp-content\/uploads\/2024\/02\/AN0008-FR-pochoir-collection-amour-naissant-copyright-mes-pochoirs-858x1030.jpg",858,1030,true],"author_info":[],"comment_info":0,"_links":{"self":[{"href":"https:\/\/mes-pochoirs.com\/en\/wp-json\/wp\/v2\/product\/12114","targetHints":{"allow":["GET"]}}],"collection":[{"href":"https:\/\/mes-pochoirs.com\/en\/wp-json\/wp\/v2\/product"}],"about":[{"href":"https:\/\/mes-pochoirs.com\/en\/wp-json\/wp\/v2\/types\/product"}],"replies":[{"embeddable":true,"href":"https:\/\/mes-pochoirs.com\/en\/wp-json\/wp\/v2\/comments?post=12114"}],"wp:featuredmedia":[{"embeddable":true,"href":"https:\/\/mes-pochoirs.com\/en\/wp-json\/wp\/v2\/media\/12065"}],"wp:attachment":[{"href":"https:\/\/mes-pochoirs.com\/en\/wp-json\/wp\/v2\/media?parent=12114"}],"wp:term":[{"taxonomy":"product_brand","embeddable":true,"href":"https:\/\/mes-pochoirs.com\/en\/wp-json\/wp\/v2\/product_brand?post=12114"},{"taxonomy":"product_cat","embeddable":true,"href":"https:\/\/mes-pochoirs.com\/en\/wp-json\/wp\/v2\/product_cat?post=12114"},{"taxonomy":"product_tag","embeddable":true,"href":"https:\/\/mes-pochoirs.com\/en\/wp-json\/wp\/v2\/product_tag?post=12114"}],"curies":[{"name":"wp","href":"https:\/\/api.w.org\/{rel}","templated":true}]}}