{"id":12382,"date":"2024-02-22T15:42:16","date_gmt":"2024-02-22T14:42:16","guid":{"rendered":"https:\/\/mes-pochoirs.com\/?post_type=product&#038;p=12382"},"modified":"2025-10-31T12:02:07","modified_gmt":"2025-10-31T11:02:07","slug":"art-style-throw-up-stencil-t0019","status":"publish","type":"product","link":"https:\/\/mes-pochoirs.com\/en\/produit\/pochoir-art-style-throw-up-t0019","title":{"rendered":"Art\" Throw-Up Style Stencil - T0019"},"content":{"rendered":"<h2>Pochoir &#8220;Art&#8221; Style Throw-Up<\/h2>\n<h3>Celebration of Graffiti Art<\/h3>\n<p>Discover a real treasure trove of urban expression with our \"Art\" graffiti stencil. Imagined and created with passion, this stencil embodies the very essence of Street Art thanks to its Throw-Up \/ Flop style, a technique prized by street artists for its dynamism and visual impact. The word \"Art\", written with boldness and flamboyance, doesn't just dress up a surface; it tells a story, that of a raw and universal emotion, transposed into the colourful and rebellious world of graffiti. It's an invitation to share, through art, the most powerful feeling there is.<\/p>\n<h3>Vibrant messages from Street Art<\/h3>\n<p>The use of strong messages such as \"Art\" in Tags and Graffiti by artists is no accident. These creations, marked by energetic outlines and vibrant fills typical of Flop and Graffiti, transform urban spaces into narrative backdrops. With this stencil, we offer you the chance to capture the essence of the Throw-Up style, to let powerful words like \"Art\" resonate in your Street Art creations, adding a layer of emotion and meaning to the street art that embellishes our everyday lives.<\/p>","protected":false},"excerpt":{"rendered":"<p><strong>Pochoir Art Style Throw-Up<\/strong> r\u00e9utilisable, r\u00e9versible et durable, con\u00e7u pour artiste peintre cherchant \u00e0 r\u00e9aliser une \u0153uvre graffiti unique.<\/p>","protected":false},"featured_media":12392,"comment_status":"open","ping_status":"closed","template":"","meta":{"bwfblock_default_font":"","_kad_blocks_custom_css":"","_kad_blocks_head_custom_js":"","_kad_blocks_body_custom_js":"","_kad_blocks_footer_custom_js":"","_kadence_starter_templates_imported_post":false,"_kad_post_transparent":"default","_kad_post_title":"","_kad_post_layout":"default","_kad_post_sidebar_id":"","_kad_post_content_style":"default","_kad_post_vertical_padding":"default","_kad_post_feature":"","_kad_post_feature_position":"","_kad_post_header":false,"_kad_post_footer":false,"_kad_post_classname":""},"product_brand":[1415],"product_cat":[533,537,284,316],"product_tag":[439,536,285,275,327,287,295,535,286],"class_list":{"0":"post-12382","1":"product","2":"type-product","3":"status-publish","4":"has-post-thumbnail","6":"product_brand-mes-pochoirs","7":"product_cat-pochoirs-style-throw-up-flop","8":"product_cat-pochoirs-mot-art","9":"product_cat-pochoirs-graffitis","10":"product_cat-pochoirs-textes-et-messages","11":"product_tag-art","12":"product_tag-flop","13":"product_tag-graffiti","14":"product_tag-message","15":"product_tag-street-art","16":"product_tag-tag","17":"product_tag-texte","18":"product_tag-throw-up","19":"product_tag-urbain","21":"first","22":"instock","23":"taxable","24":"shipping-taxable","25":"purchasable","26":"product-type-variable","27":"has-default-attributes","28":"entry","29":"content-bg","30":"loop-entry"},"taxonomy_info":{"product_brand":[{"value":1415,"label":"Mes Pochoirs"}],"product_cat":[{"value":533,"label":"Throw-Up \/ Flop"},{"value":537,"label":"Art"},{"value":284,"label":"Graffitis"},{"value":316,"label":"Textes et Messages"}],"product_tag":[{"value":439,"label":"art"},{"value":536,"label":"Flop"},{"value":285,"label":"graffiti"},{"value":275,"label":"message"},{"value":327,"label":"street art"},{"value":287,"label":"tag"},{"value":295,"label":"Texte"},{"value":535,"label":"Throw-Up"},{"value":286,"label":"urbain"}]},"featured_image_src_large":["https:\/\/mes-pochoirs.com\/wp-content\/uploads\/2024\/02\/T0019-FR-pochoir-ThrowUp-Art-copyright-mes-pochoirs-com-858x1030.jpg",858,1030,true],"author_info":[],"comment_info":0,"_links":{"self":[{"href":"https:\/\/mes-pochoirs.com\/en\/wp-json\/wp\/v2\/product\/12382","targetHints":{"allow":["GET"]}}],"collection":[{"href":"https:\/\/mes-pochoirs.com\/en\/wp-json\/wp\/v2\/product"}],"about":[{"href":"https:\/\/mes-pochoirs.com\/en\/wp-json\/wp\/v2\/types\/product"}],"replies":[{"embeddable":true,"href":"https:\/\/mes-pochoirs.com\/en\/wp-json\/wp\/v2\/comments?post=12382"}],"wp:featuredmedia":[{"embeddable":true,"href":"https:\/\/mes-pochoirs.com\/en\/wp-json\/wp\/v2\/media\/12392"}],"wp:attachment":[{"href":"https:\/\/mes-pochoirs.com\/en\/wp-json\/wp\/v2\/media?parent=12382"}],"wp:term":[{"taxonomy":"product_brand","embeddable":true,"href":"https:\/\/mes-pochoirs.com\/en\/wp-json\/wp\/v2\/product_brand?post=12382"},{"taxonomy":"product_cat","embeddable":true,"href":"https:\/\/mes-pochoirs.com\/en\/wp-json\/wp\/v2\/product_cat?post=12382"},{"taxonomy":"product_tag","embeddable":true,"href":"https:\/\/mes-pochoirs.com\/en\/wp-json\/wp\/v2\/product_tag?post=12382"}],"curies":[{"name":"wp","href":"https:\/\/api.w.org\/{rel}","templated":true}]}}