{"id":12405,"date":"2024-02-22T17:02:38","date_gmt":"2024-02-22T16:02:38","guid":{"rendered":"https:\/\/mes-pochoirs.com\/?post_type=product&#038;p=12405"},"modified":"2025-10-31T12:02:11","modified_gmt":"2025-10-31T11:02:11","slug":"cool-style-throw-up-stencil-t0021","status":"publish","type":"product","link":"https:\/\/mes-pochoirs.com\/en\/produit\/pochoir-cool-style-throw-up-t0021","title":{"rendered":"Cool\" Throw-Up Style Stencil - T0021"},"content":{"rendered":"<h2>Pochoir &#8220;Cool&#8221; Style Throw-Up<\/h2>\n<h3>Unleash your artistic spirit with our \"Cool\" stencil<\/h3>\n<p>Discover the essence of Urban Art with the skilful use of Graffiti. Used by street artists all over the world, the \"throw-Up\" or \"Flop\" style of writing has become emblematic in Street Art. Let yourself be carried away by the urban energy and authentic artistic expression of the street.<\/p>\n<h3>The Throw-Up Style: An Urban Tradition<\/h3>\n<p>Graffiti is a bold and expressive form of urban art, characterised by stylised lettering and bright colours. Our \"Cool\" stencil captures the very essence of this rebellious art form. With its energetic strokes and dynamic typography, this stencil lets you create works that capture attention and inspire the imagination. Whether you're an urban art enthusiast or a budding artist, this stencil gives you a canvas to express your creativity in a bold and authentic way. Immerse yourself in the vibrant world of Street Art and let the freedom to create take over with the \"Cool\" stencil.<\/p>","protected":false},"excerpt":{"rendered":"<p><strong>Pochoir Cool Style Throw-Up<\/strong> id\u00e9al pour peinture et tableau. R\u00e9utilisable, r\u00e9versible, haute qualit\u00e9 et d\u00e9clin\u00e9 en plusieurs tailles.<\/p>","protected":false},"featured_media":12394,"comment_status":"open","ping_status":"closed","template":"","meta":{"bwfblock_default_font":"","_kad_blocks_custom_css":"","_kad_blocks_head_custom_js":"","_kad_blocks_body_custom_js":"","_kad_blocks_footer_custom_js":"","_kadence_starter_templates_imported_post":false,"_kad_post_transparent":"default","_kad_post_title":"","_kad_post_layout":"default","_kad_post_sidebar_id":"","_kad_post_content_style":"default","_kad_post_vertical_padding":"default","_kad_post_feature":"","_kad_post_feature_position":"","_kad_post_header":false,"_kad_post_footer":false,"_kad_post_classname":""},"product_brand":[1415],"product_cat":[533,539,284,316],"product_tag":[439,322,553,536,285,275,327,287,295,535,286],"class_list":{"0":"post-12405","1":"product","2":"type-product","3":"status-publish","4":"has-post-thumbnail","6":"product_brand-mes-pochoirs","7":"product_cat-pochoirs-style-throw-up-flop","8":"product_cat-pochoirs-mot-cool","9":"product_cat-pochoirs-graffitis","10":"product_cat-pochoirs-textes-et-messages","11":"product_tag-art","12":"product_tag-cool","13":"product_tag-couleur","14":"product_tag-flop","15":"product_tag-graffiti","16":"product_tag-message","17":"product_tag-street-art","18":"product_tag-tag","19":"product_tag-texte","20":"product_tag-throw-up","21":"product_tag-urbain","23":"first","24":"instock","25":"taxable","26":"shipping-taxable","27":"purchasable","28":"product-type-variable","29":"has-default-attributes","30":"entry","31":"content-bg","32":"loop-entry"},"taxonomy_info":{"product_brand":[{"value":1415,"label":"Mes Pochoirs"}],"product_cat":[{"value":533,"label":"Throw-Up \/ Flop"},{"value":539,"label":"Cool"},{"value":284,"label":"Graffitis"},{"value":316,"label":"Textes et Messages"}],"product_tag":[{"value":439,"label":"art"},{"value":322,"label":"cool"},{"value":553,"label":"couleur"},{"value":536,"label":"Flop"},{"value":285,"label":"graffiti"},{"value":275,"label":"message"},{"value":327,"label":"street art"},{"value":287,"label":"tag"},{"value":295,"label":"Texte"},{"value":535,"label":"Throw-Up"},{"value":286,"label":"urbain"}]},"featured_image_src_large":["https:\/\/mes-pochoirs.com\/wp-content\/uploads\/2024\/02\/T0021-FR-pochoir-ThrowUp-Cool-copyright-mes-pochoirs-com-858x1030.jpg",858,1030,true],"author_info":[],"comment_info":0,"_links":{"self":[{"href":"https:\/\/mes-pochoirs.com\/en\/wp-json\/wp\/v2\/product\/12405","targetHints":{"allow":["GET"]}}],"collection":[{"href":"https:\/\/mes-pochoirs.com\/en\/wp-json\/wp\/v2\/product"}],"about":[{"href":"https:\/\/mes-pochoirs.com\/en\/wp-json\/wp\/v2\/types\/product"}],"replies":[{"embeddable":true,"href":"https:\/\/mes-pochoirs.com\/en\/wp-json\/wp\/v2\/comments?post=12405"}],"wp:featuredmedia":[{"embeddable":true,"href":"https:\/\/mes-pochoirs.com\/en\/wp-json\/wp\/v2\/media\/12394"}],"wp:attachment":[{"href":"https:\/\/mes-pochoirs.com\/en\/wp-json\/wp\/v2\/media?parent=12405"}],"wp:term":[{"taxonomy":"product_brand","embeddable":true,"href":"https:\/\/mes-pochoirs.com\/en\/wp-json\/wp\/v2\/product_brand?post=12405"},{"taxonomy":"product_cat","embeddable":true,"href":"https:\/\/mes-pochoirs.com\/en\/wp-json\/wp\/v2\/product_cat?post=12405"},{"taxonomy":"product_tag","embeddable":true,"href":"https:\/\/mes-pochoirs.com\/en\/wp-json\/wp\/v2\/product_tag?post=12405"}],"curies":[{"name":"wp","href":"https:\/\/api.w.org\/{rel}","templated":true}]}}