{"id":12599,"date":"2024-02-22T17:50:21","date_gmt":"2024-02-22T16:50:21","guid":{"rendered":"https:\/\/mes-pochoirs.com\/?post_type=product&#038;p=12599"},"modified":"2025-10-31T12:02:35","modified_gmt":"2025-10-31T11:02:35","slug":"vibe-style-throw-up-stencil-t0033","status":"publish","type":"product","link":"https:\/\/mes-pochoirs.com\/en\/produit\/pochoir-vibe-style-throw-up-t0033","title":{"rendered":"Vibe\" Throw-Up Style Stencil - T0033"},"content":{"rendered":"<h2>Pochoir &#8220;Vibe&#8221; Style Throw-Up<\/h2>\n<h3>Express your creativity with style<\/h3>\n<p>This unique stencil captures the rebellious, vibrant essence of Street Art, immortalising the word \"Vibe\" in a Throw-Up \/ Flop style. Designed for urban art lovers, this stencil adds a touch of spontaneity and originality to your spaces. Graffiti writing, with its free and casual look, invites personal expression, transforming any surface into an ephemeral work of art full of life.<\/p>\n<h3>The Art of Throw-Up: More than a Style, a Statement<\/h3>\n<p>Throw-Up words, characterised by their swollen, colourful appearance, are more than just a graffiti technique: they are a declaration of artistic independence. Used by Street Art artists to give depth and character to their work, they evoke limitless creative freedom. By incorporating this stencil into your projects, you're embracing some of that boldness, bringing a new and captivating dimension to your creations. \u00a0<\/p>","protected":false},"excerpt":{"rendered":"<p><strong>Pochoir Vibe Style Throw-Up<\/strong> parfait pour street art graffiti. R\u00e9utilisable, r\u00e9versible, haute qualit\u00e9 et pens\u00e9 pour artistes peintres.<\/p>","protected":false},"featured_media":12609,"comment_status":"open","ping_status":"closed","template":"","meta":{"bwfblock_default_font":"","_kad_blocks_custom_css":"","_kad_blocks_head_custom_js":"","_kad_blocks_body_custom_js":"","_kad_blocks_footer_custom_js":"","_kadence_starter_templates_imported_post":false,"_kad_post_transparent":"default","_kad_post_title":"","_kad_post_layout":"default","_kad_post_sidebar_id":"","_kad_post_content_style":"default","_kad_post_vertical_padding":"default","_kad_post_feature":"","_kad_post_feature_position":"","_kad_post_header":false,"_kad_post_footer":false,"_kad_post_classname":""},"product_brand":[1415],"product_cat":[533,284,316,551],"product_tag":[439,553,558,536,285,275,327,287,295,535,286,448],"class_list":{"0":"post-12599","1":"product","2":"type-product","3":"status-publish","4":"has-post-thumbnail","6":"product_brand-mes-pochoirs","7":"product_cat-pochoirs-style-throw-up-flop","8":"product_cat-pochoirs-graffitis","9":"product_cat-pochoirs-textes-et-messages","10":"product_cat-pochoirs-mot-vibe","11":"product_tag-art","12":"product_tag-couleur","13":"product_tag-espoir","14":"product_tag-flop","15":"product_tag-graffiti","16":"product_tag-message","17":"product_tag-street-art","18":"product_tag-tag","19":"product_tag-texte","20":"product_tag-throw-up","21":"product_tag-urbain","22":"product_tag-vibe","24":"first","25":"instock","26":"taxable","27":"shipping-taxable","28":"purchasable","29":"product-type-variable","30":"has-default-attributes","31":"entry","32":"content-bg","33":"loop-entry"},"taxonomy_info":{"product_brand":[{"value":1415,"label":"Mes Pochoirs"}],"product_cat":[{"value":533,"label":"Throw-Up \/ Flop"},{"value":284,"label":"Graffitis"},{"value":316,"label":"Textes et Messages"},{"value":551,"label":"Vibe"}],"product_tag":[{"value":439,"label":"art"},{"value":553,"label":"couleur"},{"value":558,"label":"Espoir"},{"value":536,"label":"Flop"},{"value":285,"label":"graffiti"},{"value":275,"label":"message"},{"value":327,"label":"street art"},{"value":287,"label":"tag"},{"value":295,"label":"Texte"},{"value":535,"label":"Throw-Up"},{"value":286,"label":"urbain"},{"value":448,"label":"vibe"}]},"featured_image_src_large":["https:\/\/mes-pochoirs.com\/wp-content\/uploads\/2024\/03\/T0033-FR-pochoir-ThrowUp-Vibe-copyright-mes-pochoirs-com-858x1030.jpg",858,1030,true],"author_info":[],"comment_info":0,"_links":{"self":[{"href":"https:\/\/mes-pochoirs.com\/en\/wp-json\/wp\/v2\/product\/12599","targetHints":{"allow":["GET"]}}],"collection":[{"href":"https:\/\/mes-pochoirs.com\/en\/wp-json\/wp\/v2\/product"}],"about":[{"href":"https:\/\/mes-pochoirs.com\/en\/wp-json\/wp\/v2\/types\/product"}],"replies":[{"embeddable":true,"href":"https:\/\/mes-pochoirs.com\/en\/wp-json\/wp\/v2\/comments?post=12599"}],"wp:featuredmedia":[{"embeddable":true,"href":"https:\/\/mes-pochoirs.com\/en\/wp-json\/wp\/v2\/media\/12609"}],"wp:attachment":[{"href":"https:\/\/mes-pochoirs.com\/en\/wp-json\/wp\/v2\/media?parent=12599"}],"wp:term":[{"taxonomy":"product_brand","embeddable":true,"href":"https:\/\/mes-pochoirs.com\/en\/wp-json\/wp\/v2\/product_brand?post=12599"},{"taxonomy":"product_cat","embeddable":true,"href":"https:\/\/mes-pochoirs.com\/en\/wp-json\/wp\/v2\/product_cat?post=12599"},{"taxonomy":"product_tag","embeddable":true,"href":"https:\/\/mes-pochoirs.com\/en\/wp-json\/wp\/v2\/product_tag?post=12599"}],"curies":[{"name":"wp","href":"https:\/\/api.w.org\/{rel}","templated":true}]}}