{"id":13055,"date":"2024-03-18T16:06:42","date_gmt":"2024-03-18T15:06:42","guid":{"rendered":"https:\/\/mes-pochoirs.com\/?post_type=product&#038;p=13055"},"modified":"2026-01-05T16:26:11","modified_gmt":"2026-01-05T15:26:11","slug":"comic-boom-bubble-stencil","status":"publish","type":"product","link":"https:\/\/mes-pochoirs.com\/en\/produit\/pochoir-bulles-comic-boom","title":{"rendered":"Pop Art Bubble Stencil \"BOOM! - PAB003"},"content":{"rendered":"<p><strong>Immerse yourself in the colourful, dynamic world of Pop Art with our comic book bubble stencil.<\/strong><\/p>\n<p>Transform your environment with our \"Boom\" comic book bubble stencil, the perfect choice for fans of superheroes and Pop Art. This stencil creates impressive visual effects, bringing action and adventure to any surface.<\/p>\n<p><b>Your ideas become works of art<\/b><\/p>\n<p>\"Boom\", \"Ooh\", \"Yeah!\"... With our Pop Art Bubbles stencils, you can easily incorporate these words, texts, cult expressions or quotations into your creations. Our stencils are the ideal tool for transforming your messages into real Pop Art-style design elements. Let your imagination guide you and bring a new, captivating dimension to all your artistic projects.<\/p>\n<p><b>A Multitude of Creative Possibilities<\/b><\/p>\n<p>Nos pochoirs sont le tremplin parfait pour vos envies de personnalisation inspir\u00e9es du style comics. \u00a0Fabriqu\u00e9 avec pr\u00e9cision, ce pochoir permet de recr\u00e9er facilement des bulles de dialogue vives et pleines d&#8217;\u00e9nergie. Disponibles en plusieurs tailles, ils sont con\u00e7us pour s&#8217;adapter \u00e0 tous projets artistiques et besoins cr\u00e9atifs.<\/p>\n<p>Applying them is child's play, whether you prefer to use a brush, spray paint or any other technique. Suitable for a multitude of surfaces including canvas, card and paper, as well as walls and objects, these tough, reusable plastic stencils are easy to maintain, ensuring maximum longevity and versatility.<\/p>","protected":false},"excerpt":{"rendered":"<p>This Pop Art Bubble stencil is made in our workshop in France.<br \/>\nYou can choose the size you want from the drop-down menu.<\/p>","protected":false},"featured_media":13038,"comment_status":"open","ping_status":"closed","template":"","meta":{"bwfblock_default_font":"","_kad_blocks_custom_css":"","_kad_blocks_head_custom_js":"","_kad_blocks_body_custom_js":"","_kad_blocks_footer_custom_js":"","_kadence_starter_templates_imported_post":false,"_kad_post_transparent":"default","_kad_post_title":"","_kad_post_layout":"default","_kad_post_sidebar_id":"","_kad_post_content_style":"default","_kad_post_vertical_padding":"default","_kad_post_feature":"","_kad_post_feature_position":"","_kad_post_header":false,"_kad_post_footer":false,"_kad_post_classname":""},"product_brand":[1415],"product_cat":[1879,571],"product_tag":[574,523,580,240,575,576,572,491,578,577,521,333,295],"class_list":{"0":"post-13055","1":"product","2":"type-product","3":"status-publish","4":"has-post-thumbnail","6":"product_brand-mes-pochoirs","7":"product_cat-pochoirs-bd-comics","8":"product_cat-pochoirs-bulles-bande-dessinee","9":"product_tag-bande-dessinee","10":"product_tag-bd","11":"product_tag-boom","12":"product_tag-bulles","13":"product_tag-comics","14":"product_tag-dialogue","15":"product_tag-explosion","16":"product_tag-expression","17":"product_tag-humour","18":"product_tag-mot","19":"product_tag-motif","20":"product_tag-pop-art","21":"product_tag-texte","23":"first","24":"instock","25":"featured","26":"taxable","27":"shipping-taxable","28":"purchasable","29":"product-type-variable","30":"has-default-attributes","31":"entry","32":"content-bg","33":"loop-entry"},"taxonomy_info":{"product_brand":[{"value":1415,"label":"Mes Pochoirs"}],"product_cat":[{"value":1879,"label":"BD &amp; Comics"},{"value":571,"label":"Bulles Bande Dessin\u00e9e"}],"product_tag":[{"value":574,"label":"Bande Dessin\u00e9e"},{"value":523,"label":"BD"},{"value":580,"label":"Boom"},{"value":240,"label":"bulles"},{"value":575,"label":"Comics"},{"value":576,"label":"dialogue"},{"value":572,"label":"Explosion"},{"value":491,"label":"expression"},{"value":578,"label":"humour"},{"value":577,"label":"mot"},{"value":521,"label":"motif"},{"value":333,"label":"pop art"},{"value":295,"label":"Texte"}]},"featured_image_src_large":["https:\/\/mes-pochoirs.com\/wp-content\/uploads\/2024\/03\/PAB003-FR-pochoir-Pop-Art-Bulle-Boom-copyright-mes-pochoirs-com-858x1030.jpg",858,1030,true],"author_info":[],"comment_info":0,"_links":{"self":[{"href":"https:\/\/mes-pochoirs.com\/en\/wp-json\/wp\/v2\/product\/13055","targetHints":{"allow":["GET"]}}],"collection":[{"href":"https:\/\/mes-pochoirs.com\/en\/wp-json\/wp\/v2\/product"}],"about":[{"href":"https:\/\/mes-pochoirs.com\/en\/wp-json\/wp\/v2\/types\/product"}],"replies":[{"embeddable":true,"href":"https:\/\/mes-pochoirs.com\/en\/wp-json\/wp\/v2\/comments?post=13055"}],"wp:featuredmedia":[{"embeddable":true,"href":"https:\/\/mes-pochoirs.com\/en\/wp-json\/wp\/v2\/media\/13038"}],"wp:attachment":[{"href":"https:\/\/mes-pochoirs.com\/en\/wp-json\/wp\/v2\/media?parent=13055"}],"wp:term":[{"taxonomy":"product_brand","embeddable":true,"href":"https:\/\/mes-pochoirs.com\/en\/wp-json\/wp\/v2\/product_brand?post=13055"},{"taxonomy":"product_cat","embeddable":true,"href":"https:\/\/mes-pochoirs.com\/en\/wp-json\/wp\/v2\/product_cat?post=13055"},{"taxonomy":"product_tag","embeddable":true,"href":"https:\/\/mes-pochoirs.com\/en\/wp-json\/wp\/v2\/product_tag?post=13055"}],"curies":[{"name":"wp","href":"https:\/\/api.w.org\/{rel}","templated":true}]}}