{"id":13494,"date":"2024-03-26T15:04:40","date_gmt":"2024-03-26T14:04:40","guid":{"rendered":"https:\/\/mes-pochoirs.com\/?post_type=product&#038;p=13494"},"modified":"2025-10-31T12:04:47","modified_gmt":"2025-10-31T11:04:47","slug":"stencil-woman-lipstick-pop-art","status":"publish","type":"product","link":"https:\/\/mes-pochoirs.com\/en\/produit\/pochoir-femme-rouge-a-levres-pop-art","title":{"rendered":"Woman &amp; Lipstick Comics Stencil - LRV001"},"content":{"rendered":"<h2>Pop Art Lipstick Stencil for Women<\/h2>\n<h3>Add a touch of feminine elegance<\/h3>\n<p>Bring a touch of glamour and daring to your artistic creations with the Pop Art Lipstick Stencil for Women. Designed especially for fans of the Pop Art style and for those who want to represent beauty and femininity in a vibrant way, this stencil is the ideal tool for capturing the essence of seduction and charm.<\/p>\n<p>Use it to create eye-catching works of art that tell a story of glamour, attraction and style. Whether you want to embellish your canvases, decorate spaces or create unique fashion designs, the Pop Art Lipstick Stencil for Women lets you express a bold, contemporary artistic vision. Let this stencil become one of your works, where seduction and art meet to form an unforgettable composition.<\/p>\n<h3>\"Lipstick Rendezvous: A fusion of glamour and pop art<\/h3>\n<p>Plongez dans l&#8217;univers de notre collection &#8220;Lipstick Rendezvous&#8221;, o\u00f9 l&#8217;esth\u00e9tique audacieuse, color\u00e9e et contrast\u00e9e des bandes dessin\u00e9es et publicit\u00e9s vintage prend vie. Imagin\u00e9e et r\u00e9alis\u00e9e par notre \u00e9quipe d&#8217;artistes et graphistes passionn\u00e9s, chaque pochoir est une invitation \u00e0 explorer la richesse de l&#8217;art Pop des ann\u00e9es 60, m\u00ealant avec harmonie nostalgie et modernit\u00e9. Au c\u0153ur de cette collection s\u00e9duisante, d\u00e9couvrez des mod\u00e8les captivant l&#8217;instant glamour d&#8217;une femme appliquant son rouge \u00e0 l\u00e8vres, une sc\u00e8ne aussi intemporelle qu&#8217;\u00e9l\u00e9gante. Ces pochoirs, mettant en vedette le visage expressif d&#8217;une femme en gros plan, sont impr\u00e9gn\u00e9s de l&#8217;\u00e9nergie, des couleurs vives et des contrastes inspir\u00e9s par le style BD comics des ic\u00f4nes telles que Roy Lichtenstein. Chaque pi\u00e8ce, con\u00e7ue avec un soin m\u00e9ticuleux, est non seulement un outil artistique mais aussi une source d&#8217;inspiration, poussant les limites de votre cr\u00e9ativit\u00e9 et enrichissant vos \u0153uvres d&#8217;une touche de glamour r\u00e9tro. En choisissant un pochoir de cette collection exclusive, vous embrassez une pi\u00e8ce unique qui \u00e9veillera votre imagination et ajoutera une dimension profonde et personnelle \u00e0 vos cr\u00e9ations artistiques.<\/p>","protected":false},"excerpt":{"rendered":"<p>This stencil, with its comic book-inspired design, is an exclusive, carefully crafted in our workshop in France.<\/p>","protected":false},"featured_media":13477,"comment_status":"open","ping_status":"closed","template":"","meta":{"bwfblock_default_font":"","_kad_blocks_custom_css":"","_kad_blocks_head_custom_js":"","_kad_blocks_body_custom_js":"","_kad_blocks_footer_custom_js":"","_kadence_starter_templates_imported_post":false,"_kad_post_transparent":"default","_kad_post_title":"","_kad_post_layout":"default","_kad_post_sidebar_id":"","_kad_post_content_style":"default","_kad_post_vertical_padding":"default","_kad_post_feature":"","_kad_post_feature_position":"","_kad_post_header":false,"_kad_post_footer":false,"_kad_post_classname":""},"product_brand":[1415],"product_cat":[605,332],"product_tag":[611,610,574,523,489,492,612,589,575,613,491,608,359,607,490,609,333,390,525,606,231,338],"class_list":{"0":"post-13494","1":"product","2":"type-product","3":"status-publish","4":"has-post-thumbnail","6":"product_brand-mes-pochoirs","7":"product_cat-lipstick-rendezvous","8":"product_cat-pochoirs-pop-art","9":"product_tag-anime","10":"product_tag-annees-60","11":"product_tag-bande-dessinee","12":"product_tag-bd","13":"product_tag-close-up","14":"product_tag-collection","15":"product_tag-colore","16":"product_tag-comic-book","17":"product_tag-comics","18":"product_tag-elegance","19":"product_tag-expression","20":"product_tag-feminin","21":"product_tag-femme","22":"product_tag-glamour","23":"product_tag-gros-plan","24":"product_tag-maquillage","25":"product_tag-pop-art","26":"product_tag-portrait","27":"product_tag-retro","28":"product_tag-rouge-a-levres","29":"product_tag-vintage","30":"product_tag-visage","32":"first","33":"instock","34":"featured","35":"taxable","36":"shipping-taxable","37":"purchasable","38":"product-type-variable","39":"has-default-attributes","40":"entry","41":"content-bg","42":"loop-entry"},"taxonomy_info":{"product_brand":[{"value":1415,"label":"Mes Pochoirs"}],"product_cat":[{"value":605,"label":"Lipstick Rendezvous"},{"value":332,"label":"Pop Art"}],"product_tag":[{"value":611,"label":"anim\u00e9"},{"value":610,"label":"ann\u00e9es 60"},{"value":574,"label":"Bande Dessin\u00e9e"},{"value":523,"label":"BD"},{"value":489,"label":"Close-Up"},{"value":492,"label":"collection"},{"value":612,"label":"color\u00e9"},{"value":589,"label":"comic book"},{"value":575,"label":"Comics"},{"value":613,"label":"\u00e9l\u00e9gance"},{"value":491,"label":"expression"},{"value":608,"label":"feminin"},{"value":359,"label":"femme"},{"value":607,"label":"glamour"},{"value":490,"label":"Gros plan"},{"value":609,"label":"maquillage"},{"value":333,"label":"pop art"},{"value":390,"label":"portrait"},{"value":525,"label":"r\u00e9tro"},{"value":606,"label":"rouge \u00e0 l\u00e8vres"},{"value":231,"label":"vintage"},{"value":338,"label":"visage"}]},"featured_image_src_large":["https:\/\/mes-pochoirs.com\/wp-content\/uploads\/2024\/03\/pochoir-LRV001-collection-Lipstick-Rendezvous-mes-pochoirs-com--858x1030.jpg",858,1030,true],"author_info":[],"comment_info":0,"_links":{"self":[{"href":"https:\/\/mes-pochoirs.com\/en\/wp-json\/wp\/v2\/product\/13494","targetHints":{"allow":["GET"]}}],"collection":[{"href":"https:\/\/mes-pochoirs.com\/en\/wp-json\/wp\/v2\/product"}],"about":[{"href":"https:\/\/mes-pochoirs.com\/en\/wp-json\/wp\/v2\/types\/product"}],"replies":[{"embeddable":true,"href":"https:\/\/mes-pochoirs.com\/en\/wp-json\/wp\/v2\/comments?post=13494"}],"wp:featuredmedia":[{"embeddable":true,"href":"https:\/\/mes-pochoirs.com\/en\/wp-json\/wp\/v2\/media\/13477"}],"wp:attachment":[{"href":"https:\/\/mes-pochoirs.com\/en\/wp-json\/wp\/v2\/media?parent=13494"}],"wp:term":[{"taxonomy":"product_brand","embeddable":true,"href":"https:\/\/mes-pochoirs.com\/en\/wp-json\/wp\/v2\/product_brand?post=13494"},{"taxonomy":"product_cat","embeddable":true,"href":"https:\/\/mes-pochoirs.com\/en\/wp-json\/wp\/v2\/product_cat?post=13494"},{"taxonomy":"product_tag","embeddable":true,"href":"https:\/\/mes-pochoirs.com\/en\/wp-json\/wp\/v2\/product_tag?post=13494"}],"curies":[{"name":"wp","href":"https:\/\/api.w.org\/{rel}","templated":true}]}}