{"id":15127,"date":"2024-07-17T11:06:07","date_gmt":"2024-07-17T09:06:07","guid":{"rendered":"https:\/\/mes-pochoirs.com\/?post_type=product&#038;p=15127"},"modified":"2025-10-31T12:07:20","modified_gmt":"2025-10-31T11:07:20","slug":"leopard-head-stencil-a0013","status":"publish","type":"product","link":"https:\/\/mes-pochoirs.com\/en\/produit\/pochoir-tete-de-leopard-a0013","title":{"rendered":"Leopard Head Stencil - A0013"},"content":{"rendered":"<h2>Leopard head stencil<\/h2>\n<h3>A symbol of power and elegance<\/h3>\n<p>Le pochoir t\u00eate de l\u00e9opard est bien plus qu&#8217;un simple outil de cr\u00e9ation. Il incarne la puissance et l&#8217;\u00e9l\u00e9gance de l&#8217;un des f\u00e9lins les plus majestueux de la savane. En choisissant ce pochoir, vous apportez \u00e0 vos \u0153uvres la force brute et la gr\u00e2ce naturelle du l\u00e9opard, un animal symbole de vitesse et d&#8217;agilit\u00e9. Parfait pour les passionn\u00e9s d&#8217;animaux et les amateurs de motifs sauvages, ce pochoir vous permet de capturer l&#8217;essence du l\u00e9opard et de l&#8217;int\u00e9grer dans vos projets artistiques avec une facilit\u00e9 d\u00e9concertante. Ce mod\u00e8le unique et exclusif, issu de notre cat\u00e9gorie animaux, a \u00e9t\u00e9 imagin\u00e9 et cr\u00e9\u00e9 par notre \u00e9quipe. Chaque d\u00e9tail a \u00e9t\u00e9 soigneusement pens\u00e9 pour offrir un rendu r\u00e9aliste et saisissant. Que vous souhaitiez personnaliser un mur, une toile, ou tout autre support, le pochoir t\u00eate de l\u00e9opard est l&#8217;outil id\u00e9al pour ajouter une touche de dynamisme et de nature \u00e0 vos \u0153uvres. Avec ce pochoir, vos cr\u00e9ations ne passeront pas inaper\u00e7ues et sauront captiver l&#8217;attention de tous par leur originalit\u00e9 et leur beaut\u00e9.<\/p>\n<h3>A versatile tool for a wide range of creations<\/h3>\n<p>Le pochoir t\u00eate de l\u00e9opard se distingue \u00e9galement par sa capacit\u00e9 \u00e0 s&#8217;adapter \u00e0 diff\u00e9rents styles de cr\u00e9ation. Que vous soyez un artiste en herbe ou un professionnel aguerri, ce pochoir vous permet de laisser libre cours \u00e0 votre imagination. Vous pouvez l&#8217;utiliser pour des projets artistiques vari\u00e9s, allant de la d\u00e9coration murale \u00e0 la customisation de v\u00eatements, en passant par la cr\u00e9ation de tableaux peints \u00e0 la main ou de cartes scrapbooking. Gr\u00e2ce \u00e0 son design minutieux, il s&#8217;int\u00e8gre parfaitement dans des compositions artistiques aux influences diverses, qu&#8217;elles soient r\u00e9alistes, abstraites ou m\u00eame pop art. Nos mod\u00e8les ont \u00e9t\u00e9 sp\u00e9cialement con\u00e7us pour les artistes d\u00e9sireux d&#8217;apporter une touche unique \u00e0 leurs \u0153uvres. En utilisant ce pochoir, vous pouvez jouer avec les couleurs et les techniques pour obtenir des effets surprenants et originaux. Que vous pr\u00e9f\u00e9riez la peinture acrylique, l&#8217;aquarelle ou la peinture en spray, le pochoir t\u00eate de l\u00e9opard est votre alli\u00e9 pour des cr\u00e9ations toujours r\u00e9ussies. Il ne vous reste plus qu&#8217;\u00e0 laisser parler votre cr\u00e9ativit\u00e9 et \u00e0 explorer toutes les possibilit\u00e9s offertes par cet outil versatile et inspirant.<\/p>","protected":false},"excerpt":{"rendered":"<p>The Leopard Head Stencil is a reusable art tool made from high-quality flexible plastic, offering a detailed and precise design for creating works inspired by the power and elegance of one of the savannah's most majestic felines.<\/p>","protected":false},"featured_media":15046,"comment_status":"open","ping_status":"closed","template":"","meta":{"bwfblock_default_font":"","_kad_blocks_custom_css":"","_kad_blocks_head_custom_js":"","_kad_blocks_body_custom_js":"","_kad_blocks_footer_custom_js":"","_kadence_starter_templates_imported_post":false,"_kad_post_transparent":"default","_kad_post_title":"","_kad_post_layout":"default","_kad_post_sidebar_id":"","_kad_post_content_style":"default","_kad_post_vertical_padding":"default","_kad_post_feature":"","_kad_post_feature_position":"","_kad_post_header":false,"_kad_post_footer":false,"_kad_post_classname":""},"product_brand":[1415],"product_cat":[364],"product_tag":[367,366,460,663,370,452,457,500],"class_list":{"0":"post-15127","1":"product","2":"type-product","3":"status-publish","4":"has-post-thumbnail","6":"product_brand-mes-pochoirs","7":"product_cat-pochoirs-animaux","8":"product_tag-animal","9":"product_tag-animaux","10":"product_tag-foret","11":"product_tag-leopard","12":"product_tag-nature","13":"product_tag-sauvage","14":"product_tag-savane","15":"product_tag-tete","17":"first","18":"instock","19":"taxable","20":"shipping-taxable","21":"purchasable","22":"product-type-variable","23":"has-default-attributes","24":"entry","25":"content-bg","26":"loop-entry"},"taxonomy_info":{"product_brand":[{"value":1415,"label":"Mes Pochoirs"}],"product_cat":[{"value":364,"label":"Animaux"}],"product_tag":[{"value":367,"label":"animal"},{"value":366,"label":"animaux"},{"value":460,"label":"for\u00eat"},{"value":663,"label":"l\u00e9opard"},{"value":370,"label":"nature"},{"value":452,"label":"sauvage"},{"value":457,"label":"savane"},{"value":500,"label":"t\u00eate"}]},"featured_image_src_large":["https:\/\/mes-pochoirs.com\/wp-content\/uploads\/2024\/07\/A0013-FR-pochoir-Animaux-tete-leopard-1-1-copyright-mes-pochoirs-com--858x1030.jpg",858,1030,true],"author_info":[],"comment_info":0,"_links":{"self":[{"href":"https:\/\/mes-pochoirs.com\/en\/wp-json\/wp\/v2\/product\/15127","targetHints":{"allow":["GET"]}}],"collection":[{"href":"https:\/\/mes-pochoirs.com\/en\/wp-json\/wp\/v2\/product"}],"about":[{"href":"https:\/\/mes-pochoirs.com\/en\/wp-json\/wp\/v2\/types\/product"}],"replies":[{"embeddable":true,"href":"https:\/\/mes-pochoirs.com\/en\/wp-json\/wp\/v2\/comments?post=15127"}],"wp:featuredmedia":[{"embeddable":true,"href":"https:\/\/mes-pochoirs.com\/en\/wp-json\/wp\/v2\/media\/15046"}],"wp:attachment":[{"href":"https:\/\/mes-pochoirs.com\/en\/wp-json\/wp\/v2\/media?parent=15127"}],"wp:term":[{"taxonomy":"product_brand","embeddable":true,"href":"https:\/\/mes-pochoirs.com\/en\/wp-json\/wp\/v2\/product_brand?post=15127"},{"taxonomy":"product_cat","embeddable":true,"href":"https:\/\/mes-pochoirs.com\/en\/wp-json\/wp\/v2\/product_cat?post=15127"},{"taxonomy":"product_tag","embeddable":true,"href":"https:\/\/mes-pochoirs.com\/en\/wp-json\/wp\/v2\/product_tag?post=15127"}],"curies":[{"name":"wp","href":"https:\/\/api.w.org\/{rel}","templated":true}]}}