{"id":16639,"date":"2024-09-25T12:34:45","date_gmt":"2024-09-25T10:34:45","guid":{"rendered":"https:\/\/mes-pochoirs.com\/?post_type=product&#038;p=16639"},"modified":"2025-10-31T12:13:40","modified_gmt":"2025-10-31T11:13:40","slug":"abstract-graffiti-fragment-stencil-gr0011","status":"publish","type":"product","link":"https:\/\/mes-pochoirs.com\/en\/produit\/pochoir-fragment-graffiti-abstrait-gr0011","title":{"rendered":"Abstract Graffiti Fragment Stencil - GR0011"},"content":{"rendered":"<h2>Abstract Graffiti Fragment Stencil<\/h2>\n<h2>A Creative Tool for Expressive Urban Artworks<\/h2>\n<p>Le Pochoir fragment graffiti abstrait est con\u00e7u pour les artistes cherchant \u00e0 int\u00e9grer l\u2019\u00e9nergie brute et l\u2019esth\u00e9tique urbaine dans leurs cr\u00e9ations. Ce pochoir repr\u00e9sente un fragment de graffiti abstrait, id\u00e9al \u00e0 utiliser comme base pour des fonds riches et dynamiques. Il capte l\u2019essence du street art, un style souvent marqu\u00e9 par la spontan\u00e9it\u00e9, la libert\u00e9 d&#8217;expression, et les formes abstraites. Ce mod\u00e8le vous permet de recr\u00e9er ces \u00e9l\u00e9ments typiques du graffiti urbain sur divers supports, que ce soit pour d\u00e9corer des murs, des toiles ou des objets. Issu de notre collection graffiti, ce pochoir apporte une touche moderne et authentique \u00e0 vos projets, en permettant d\u2019ajouter des textures et des motifs en arri\u00e8re-plan. L\u2019art urbain, et plus particuli\u00e8rement le graffiti, est une forme d&#8217;expression artistique qui dialogue avec l\u2019espace public. Utiliser le Pochoir fragment graffiti abstrait vous permet d\u2019explorer cette interaction en introduisant des \u00e9l\u00e9ments visuels marquants dans vos \u0153uvres. Que vous soyez amateur ou professionnel, ce pochoir vous offre une grande libert\u00e9 cr\u00e9ative. Son design unique, cr\u00e9\u00e9 par notre \u00e9quipe de designers, garantit une originalit\u00e9 et une exclusivit\u00e9 qui donneront du caract\u00e8re \u00e0 vos cr\u00e9ations. En jouant avec des techniques comme la peinture \u00e0 la bombe, l&#8217;acrylique, ou m\u00eame des textures mixtes, vous pourrez explorer de nouvelles dimensions artistiques tout en conservant l\u2019esprit du street art dans vos \u0153uvres.<\/p>","protected":false},"excerpt":{"rendered":"<p>High-quality, reusable abstract graffiti fragment stencil available in several sizes. Perfect for creating modern urban backgrounds on all types of surfaces.<\/p>","protected":false},"featured_media":16557,"comment_status":"open","ping_status":"closed","template":"","meta":{"bwfblock_default_font":"","_kad_blocks_custom_css":"","_kad_blocks_head_custom_js":"","_kad_blocks_body_custom_js":"","_kad_blocks_footer_custom_js":"","_kadence_starter_templates_imported_post":false,"_kad_post_transparent":"default","_kad_post_title":"","_kad_post_layout":"default","_kad_post_sidebar_id":"","_kad_post_content_style":"default","_kad_post_vertical_padding":"default","_kad_post_feature":"","_kad_post_feature_position":"","_kad_post_header":false,"_kad_post_footer":false,"_kad_post_classname":""},"product_brand":[1415],"product_cat":[284,328,273],"product_tag":[694,761,762,285,433,760,327,286],"class_list":{"0":"post-16639","1":"product","2":"type-product","3":"status-publish","4":"has-post-thumbnail","6":"product_brand-mes-pochoirs","7":"product_cat-pochoirs-graffitis","8":"product_cat-pochoirs-street-art","9":"product_cat-pochoirs-urbains","10":"product_tag-abstrait","11":"product_tag-base","12":"product_tag-fond","13":"product_tag-graffiti","14":"product_tag-mur","15":"product_tag-peinture-a-la-bombe","16":"product_tag-street-art","17":"product_tag-urbain","19":"first","20":"instock","21":"taxable","22":"shipping-taxable","23":"purchasable","24":"product-type-variable","25":"entry","26":"content-bg","27":"loop-entry"},"taxonomy_info":{"product_brand":[{"value":1415,"label":"Mes Pochoirs"}],"product_cat":[{"value":284,"label":"Graffitis"},{"value":328,"label":"Street Art"},{"value":273,"label":"Urbains"}],"product_tag":[{"value":694,"label":"abstrait"},{"value":761,"label":"base"},{"value":762,"label":"fond"},{"value":285,"label":"graffiti"},{"value":433,"label":"mur"},{"value":760,"label":"peinture \u00e0 la bombe"},{"value":327,"label":"street art"},{"value":286,"label":"urbain"}]},"featured_image_src_large":["https:\/\/mes-pochoirs.com\/wp-content\/uploads\/2024\/09\/GR0011-FR-pochoir-fragment-graffiti-abstrait-7-10-copyright-mes-pochoirs-com--858x1030.jpg",858,1030,true],"author_info":[],"comment_info":0,"_links":{"self":[{"href":"https:\/\/mes-pochoirs.com\/en\/wp-json\/wp\/v2\/product\/16639","targetHints":{"allow":["GET"]}}],"collection":[{"href":"https:\/\/mes-pochoirs.com\/en\/wp-json\/wp\/v2\/product"}],"about":[{"href":"https:\/\/mes-pochoirs.com\/en\/wp-json\/wp\/v2\/types\/product"}],"replies":[{"embeddable":true,"href":"https:\/\/mes-pochoirs.com\/en\/wp-json\/wp\/v2\/comments?post=16639"}],"wp:featuredmedia":[{"embeddable":true,"href":"https:\/\/mes-pochoirs.com\/en\/wp-json\/wp\/v2\/media\/16557"}],"wp:attachment":[{"href":"https:\/\/mes-pochoirs.com\/en\/wp-json\/wp\/v2\/media?parent=16639"}],"wp:term":[{"taxonomy":"product_brand","embeddable":true,"href":"https:\/\/mes-pochoirs.com\/en\/wp-json\/wp\/v2\/product_brand?post=16639"},{"taxonomy":"product_cat","embeddable":true,"href":"https:\/\/mes-pochoirs.com\/en\/wp-json\/wp\/v2\/product_cat?post=16639"},{"taxonomy":"product_tag","embeddable":true,"href":"https:\/\/mes-pochoirs.com\/en\/wp-json\/wp\/v2\/product_tag?post=16639"}],"curies":[{"name":"wp","href":"https:\/\/api.w.org\/{rel}","templated":true}]}}