{"id":16877,"date":"2024-09-26T09:00:16","date_gmt":"2024-09-26T07:00:16","guid":{"rendered":"https:\/\/mes-pochoirs.com\/?post_type=product&#038;p=16877"},"modified":"2025-10-31T12:14:37","modified_gmt":"2025-10-31T11:14:37","slug":"stencil-vincent-van-gogh-and-his-sunflowers-ic0002","status":"publish","type":"product","link":"https:\/\/mes-pochoirs.com\/en\/produit\/pochoir-vincent-van-gogh-et-ses-tournesols-ic0002","title":{"rendered":"Stencil Vincent Van Gogh and his Sunflowers - IC0002"},"content":{"rendered":"<h2>Vincent Van Gogh and his sunflowers stencil<\/h2>\n<h3>Fusion of Light: Van Gogh in the Heart of the Sunflowers<\/h3>\n<p>\u00a0<\/p>\n<p>Based on John Beckley's \"The Sun's Embrace\", this unique stencil captures the symbolic power of the encounter between Vincent van Gogh's self-portrait and his famous sunflowers. The stencil depicts Van Gogh holding a vase of sunflowers, a profoundly metaphorical gesture that evokes the duality of the artist: a creative and tormented genius, yet rooted in the light and vitality symbolised by these flowers.<\/p>\n<p>This stencil is more than a simple representation; it embodies the artist's inner struggle with the beauty he seeks to capture. The radiant sunflowers seem almost an extension of Van Gogh himself, a part of him that he wears proudly, intimately linked to his most luminous works. John Beckley's reinterpretation of this work is a respectful and powerful tribute to Van Gogh, with a contemporary twist. This unique stencil is a work of art in itself.<\/p>\n<h3>Inspiration without Limits : The Magic of the Van Gogh Stencil<\/h3>\n<p>Whether you're a budding artist or a professional, passionate about Van Gogh or looking to push back the boundaries of your creativity, this unique stencil will add a profound and symbolic artistic dimension to your work. Ideal for use on a variety of media, it will allow you to incorporate the richness of an iconic work into your projects. This stencil offers an opportunity to explore new techniques, while paying tribute to Van Gogh's artistic legacy through a modern interpretation.<\/p>","protected":false},"excerpt":{"rendered":"<p>Stencil <span style=\"font-family: var(--global-body-font-family); font-size: 18px; font-weight: normal;\">Vincent Van Gogh and his Sunflowers<\/span>A symbolic fusion of Van Gogh's self-portrait and his emblematic flowers, ideal for enriching your artistic creations with a contemporary interpretation.<\/p>","protected":false},"featured_media":16897,"comment_status":"open","ping_status":"closed","template":"","meta":{"bwfblock_default_font":"","_kad_blocks_custom_css":"","_kad_blocks_head_custom_js":"","_kad_blocks_body_custom_js":"","_kad_blocks_footer_custom_js":"","_kadence_starter_templates_imported_post":false,"_kad_post_transparent":"default","_kad_post_title":"","_kad_post_layout":"default","_kad_post_sidebar_id":"","_kad_post_content_style":"default","_kad_post_vertical_padding":"default","_kad_post_feature":"","_kad_post_feature_position":"","_kad_post_header":false,"_kad_post_footer":false,"_kad_post_classname":""},"product_brand":[1415],"product_cat":[732,36],"product_tag":[656,735,469,340,416,471,564,468,390,792,794,791,338],"class_list":{"0":"post-16877","1":"product","2":"type-product","3":"status-publish","4":"has-post-thumbnail","6":"product_brand-mes-pochoirs","7":"product_cat-pochoirs-icones-celebrites","8":"product_cat-pochoirs-portraits-visages","9":"product_tag-artiste","10":"product_tag-artiste-peintre","11":"product_tag-celebre","12":"product_tag-celebrite","13":"product_tag-fleurs","14":"product_tag-icone","15":"product_tag-oeuvre","16":"product_tag-peintre","17":"product_tag-portrait","18":"product_tag-tournesol","19":"product_tag-van-gogh","20":"product_tag-vincent-van-gogh","21":"product_tag-visage","23":"first","24":"instock","25":"taxable","26":"shipping-taxable","27":"purchasable","28":"product-type-variable","29":"has-default-attributes","30":"entry","31":"content-bg","32":"loop-entry"},"taxonomy_info":{"product_brand":[{"value":1415,"label":"Mes Pochoirs"}],"product_cat":[{"value":732,"label":"Ic\u00f4nes &amp; C\u00e9l\u00e9brit\u00e9s"},{"value":36,"label":"Portraits &amp; Visages"}],"product_tag":[{"value":656,"label":"artiste"},{"value":735,"label":"artiste peintre"},{"value":469,"label":"c\u00e9l\u00e8bre"},{"value":340,"label":"c\u00e9l\u00e9brit\u00e9"},{"value":416,"label":"fleurs"},{"value":471,"label":"icone"},{"value":564,"label":"oeuvre"},{"value":468,"label":"peintre"},{"value":390,"label":"portrait"},{"value":792,"label":"tournesol"},{"value":794,"label":"Van Gogh"},{"value":791,"label":"Vincent Van Gogh"},{"value":338,"label":"visage"}]},"featured_image_src_large":["https:\/\/mes-pochoirs.com\/wp-content\/uploads\/2024\/09\/IC0002-FR-pochoir-vincent-van-gogh-tournesols-1-1-copyright-mes-pochoirs-com--858x1030.jpg",858,1030,true],"author_info":[],"comment_info":7,"_links":{"self":[{"href":"https:\/\/mes-pochoirs.com\/en\/wp-json\/wp\/v2\/product\/16877","targetHints":{"allow":["GET"]}}],"collection":[{"href":"https:\/\/mes-pochoirs.com\/en\/wp-json\/wp\/v2\/product"}],"about":[{"href":"https:\/\/mes-pochoirs.com\/en\/wp-json\/wp\/v2\/types\/product"}],"replies":[{"embeddable":true,"href":"https:\/\/mes-pochoirs.com\/en\/wp-json\/wp\/v2\/comments?post=16877"}],"wp:featuredmedia":[{"embeddable":true,"href":"https:\/\/mes-pochoirs.com\/en\/wp-json\/wp\/v2\/media\/16897"}],"wp:attachment":[{"href":"https:\/\/mes-pochoirs.com\/en\/wp-json\/wp\/v2\/media?parent=16877"}],"wp:term":[{"taxonomy":"product_brand","embeddable":true,"href":"https:\/\/mes-pochoirs.com\/en\/wp-json\/wp\/v2\/product_brand?post=16877"},{"taxonomy":"product_cat","embeddable":true,"href":"https:\/\/mes-pochoirs.com\/en\/wp-json\/wp\/v2\/product_cat?post=16877"},{"taxonomy":"product_tag","embeddable":true,"href":"https:\/\/mes-pochoirs.com\/en\/wp-json\/wp\/v2\/product_tag?post=16877"}],"curies":[{"name":"wp","href":"https:\/\/api.w.org\/{rel}","templated":true}]}}