{"id":16910,"date":"2024-09-19T10:37:18","date_gmt":"2024-09-19T08:37:18","guid":{"rendered":"https:\/\/mes-pochoirs.com\/?post_type=product&#038;p=16910"},"modified":"2025-10-31T12:14:43","modified_gmt":"2025-10-31T11:14:43","slug":"leaf-pattern-stencil-n0020","status":"publish","type":"product","link":"https:\/\/mes-pochoirs.com\/en\/produit\/pochoir-motif-feuille-n0020","title":{"rendered":"Leaf motif stencil - N0020"},"content":{"rendered":"<h2>Leaf motif stencil<\/h2>\n<h3>Bring the Beauty of Nature to Your Designs<\/h3>\n<p>Le pochoir motif feuille est une ode \u00e0 la nature, repr\u00e9sentant un motif d\u00e9licat et d\u00e9taill\u00e9 inspir\u00e9 des feuilles d\u2019arbres et de la v\u00e9g\u00e9tation environnante. Il capture l\u2019essence m\u00eame du feuillage, avec ses formes organiques et ses variations subtiles qui rappellent les cycles des saisons. Ce pochoir est issu de notre cat\u00e9gorie nature, con\u00e7ue pour offrir aux artistes une connexion profonde avec le monde naturel. En utilisant ce mod\u00e8le, vous introduisez des \u00e9l\u00e9ments v\u00e9g\u00e9taux dans vos cr\u00e9ations, qu&#8217;il s&#8217;agisse d&#8217;une simple feuille isol\u00e9e ou d&#8217;un ensemble complexe. Ce motif est parfait pour ceux qui veulent s&#8217;immerger dans l&#8217;univers des arbres, de la v\u00e9g\u00e9tation et des changements saisonniers, symboles de renouveau et de croissance. Que ce soit pour une touche automnale, un souffle printanier ou une ambiance estivale, ce pochoir saura vous inspirer. Cr\u00e9\u00e9 par notre \u00e9quipe de designers, ce mod\u00e8le exclusif est sp\u00e9cialement con\u00e7u pour les artistes et les cr\u00e9ateurs souhaitant ajouter une dimension organique \u00e0 leurs \u0153uvres. Le motif feuille est un \u00e9l\u00e9ment central qui peut \u00eatre utilis\u00e9 comme fond ou point focal dans vos cr\u00e9ations. Il se pr\u00eate \u00e0 une grande vari\u00e9t\u00e9 de styles artistiques, du r\u00e9alisme botanique aux compositions abstraites. Ce pochoir est id\u00e9al pour personnaliser des supports vari\u00e9s et apporter une touche de nature apaisante \u00e0 tout projet, qu&#8217;il s&#8217;agisse de d\u00e9coration murale, de mobilier ou de cr\u00e9ation textile. Avec ce pochoir, vous pouvez facilement cr\u00e9er un d\u00e9cor v\u00e9g\u00e9tal harmonieux, subtil ou plus affirm\u00e9 selon vos envies artistiques.<\/p>","protected":false},"excerpt":{"rendered":"<p>High-quality, reusable leaf motif stencil, available in several sizes. Perfect for decorating all kinds of artistic and creative materials.<\/p>","protected":false},"featured_media":16896,"comment_status":"open","ping_status":"closed","template":"","meta":{"bwfblock_default_font":"","_kad_blocks_custom_css":"","_kad_blocks_head_custom_js":"","_kad_blocks_body_custom_js":"","_kad_blocks_footer_custom_js":"","_kadence_starter_templates_imported_post":false,"_kad_post_transparent":"default","_kad_post_title":"","_kad_post_layout":"default","_kad_post_sidebar_id":"","_kad_post_content_style":"default","_kad_post_vertical_padding":"default","_kad_post_feature":"","_kad_post_feature_position":"","_kad_post_header":false,"_kad_post_footer":false,"_kad_post_classname":""},"product_brand":[1415],"product_cat":[369],"product_tag":[414,790,237,521,370,789,788],"class_list":{"0":"post-16910","1":"product","2":"type-product","3":"status-publish","4":"has-post-thumbnail","6":"product_brand-mes-pochoirs","7":"product_cat-pochoirs-nature","8":"product_tag-arbre","9":"product_tag-feuillage","10":"product_tag-feuille","11":"product_tag-motif","12":"product_tag-nature","13":"product_tag-saison","14":"product_tag-vegetation","16":"first","17":"instock","18":"taxable","19":"shipping-taxable","20":"purchasable","21":"product-type-variable","22":"has-default-attributes","23":"entry","24":"content-bg","25":"loop-entry"},"taxonomy_info":{"product_brand":[{"value":1415,"label":"Mes Pochoirs"}],"product_cat":[{"value":369,"label":"Nature"}],"product_tag":[{"value":414,"label":"Arbre"},{"value":790,"label":"feuillage"},{"value":237,"label":"feuille"},{"value":521,"label":"motif"},{"value":370,"label":"nature"},{"value":789,"label":"saison"},{"value":788,"label":"v\u00e9g\u00e9tation"}]},"featured_image_src_large":["https:\/\/mes-pochoirs.com\/wp-content\/uploads\/2024\/09\/N0020-FR-pochoir-nature-feuille-arbres-1-1-copyright-mes-pochoirs-com--858x1030.jpg",858,1030,true],"author_info":[],"comment_info":0,"_links":{"self":[{"href":"https:\/\/mes-pochoirs.com\/en\/wp-json\/wp\/v2\/product\/16910","targetHints":{"allow":["GET"]}}],"collection":[{"href":"https:\/\/mes-pochoirs.com\/en\/wp-json\/wp\/v2\/product"}],"about":[{"href":"https:\/\/mes-pochoirs.com\/en\/wp-json\/wp\/v2\/types\/product"}],"replies":[{"embeddable":true,"href":"https:\/\/mes-pochoirs.com\/en\/wp-json\/wp\/v2\/comments?post=16910"}],"wp:featuredmedia":[{"embeddable":true,"href":"https:\/\/mes-pochoirs.com\/en\/wp-json\/wp\/v2\/media\/16896"}],"wp:attachment":[{"href":"https:\/\/mes-pochoirs.com\/en\/wp-json\/wp\/v2\/media?parent=16910"}],"wp:term":[{"taxonomy":"product_brand","embeddable":true,"href":"https:\/\/mes-pochoirs.com\/en\/wp-json\/wp\/v2\/product_brand?post=16910"},{"taxonomy":"product_cat","embeddable":true,"href":"https:\/\/mes-pochoirs.com\/en\/wp-json\/wp\/v2\/product_cat?post=16910"},{"taxonomy":"product_tag","embeddable":true,"href":"https:\/\/mes-pochoirs.com\/en\/wp-json\/wp\/v2\/product_tag?post=16910"}],"curies":[{"name":"wp","href":"https:\/\/api.w.org\/{rel}","templated":true}]}}