{"id":19566,"date":"2025-01-24T15:15:04","date_gmt":"2025-01-24T14:15:04","guid":{"rendered":"https:\/\/mes-pochoirs.com\/?post_type=product&#038;p=19566"},"modified":"2025-10-31T12:23:20","modified_gmt":"2025-10-31T11:23:20","slug":"vintage-television-stencil-sa0027","status":"publish","type":"product","link":"https:\/\/mes-pochoirs.com\/en\/produit\/pochoir-television-vintage-sa0027","title":{"rendered":"Vintage Television Stencil - SA0027"},"content":{"rendered":"<h2>Vintage Television Stencil<\/h2>\n<h3>A timeless retro touch<\/h3>\n<p>Le <strong>Vintage Television Stencil<\/strong> represents a television with a retro design from the 60s and 70s, an emblematic object from an era marked by the emergence of modern media. This stencil highlights the contours of a cathode-ray screen set on slender legs, accompanied by characteristic details such as the control knobs and aerial. This nostalgic image is perfect for decorating a wall, customising furniture or creating artwork on canvas. Ideal for fans of vintage decorating, this reusable stencil adapts to all types of surface and adds a stylish retro touch to your artistic or decorative projects. Available in a range of sizes, it's easy to personalise your creations.<\/p>\n<h3>A design with a raw, quirky street art style<\/h3>\n<p>Le <strong>Vintage Television Stencil<\/strong> is part of a <strong>raw, minimalist street art style<\/strong>It combines the authenticity of retro with the boldness of urban art. With its clean lines and grunge effects, this stencil has a quirky, contemporary aesthetic, ideal for those looking to combine modernity and nostalgia. Inspired by the visual codes of street art, it's an essential creative tool for expressing a strong message while playing on the contrast between past and present.<\/p>","protected":false},"excerpt":{"rendered":"<p>Vintage Television stencil: ideal for personalising your creations. Reusable, reversible, high quality, available in several sizes.<\/p>","protected":false},"featured_media":19409,"comment_status":"open","ping_status":"closed","template":"","meta":{"bwfblock_default_font":"","_kad_blocks_custom_css":"","_kad_blocks_head_custom_js":"","_kad_blocks_body_custom_js":"","_kad_blocks_footer_custom_js":"","_kadence_starter_templates_imported_post":false,"_kad_post_transparent":"default","_kad_post_title":"","_kad_post_layout":"default","_kad_post_sidebar_id":"","_kad_post_content_style":"default","_kad_post_vertical_padding":"default","_kad_post_feature":"","_kad_post_feature_position":"","_kad_post_header":false,"_kad_post_footer":false,"_kad_post_classname":""},"product_brand":[1415],"product_cat":[328,481,1029],"product_tag":[1032,525,1030,1031,1026,231],"class_list":{"0":"post-19566","1":"product","2":"type-product","3":"status-publish","4":"has-post-thumbnail","6":"product_brand-mes-pochoirs","7":"product_cat-pochoirs-street-art","8":"product_cat-collections","9":"product_cat-spray-and-soul","10":"product_tag-ecran","11":"product_tag-retro","12":"product_tag-tele","13":"product_tag-television","14":"product_tag-tv","15":"product_tag-vintage","17":"first","18":"instock","19":"taxable","20":"shipping-taxable","21":"purchasable","22":"product-type-variable","23":"has-default-attributes","24":"entry","25":"content-bg","26":"loop-entry"},"taxonomy_info":{"product_brand":[{"value":1415,"label":"Mes Pochoirs"}],"product_cat":[{"value":328,"label":"Street Art"},{"value":481,"label":"Collections"},{"value":1029,"label":"Spray and Soul"}],"product_tag":[{"value":1032,"label":"\u00e9cran"},{"value":525,"label":"r\u00e9tro"},{"value":1030,"label":"t\u00e9l\u00e9"},{"value":1031,"label":"t\u00e9l\u00e9vision"},{"value":1026,"label":"TV"},{"value":231,"label":"vintage"}]},"featured_image_src_large":["https:\/\/mes-pochoirs.com\/wp-content\/uploads\/2025\/01\/SA0027-pochoir-tv-retro-copyright-mes-pochoirs-858x1030.jpg",858,1030,true],"author_info":[],"comment_info":0,"_links":{"self":[{"href":"https:\/\/mes-pochoirs.com\/en\/wp-json\/wp\/v2\/product\/19566","targetHints":{"allow":["GET"]}}],"collection":[{"href":"https:\/\/mes-pochoirs.com\/en\/wp-json\/wp\/v2\/product"}],"about":[{"href":"https:\/\/mes-pochoirs.com\/en\/wp-json\/wp\/v2\/types\/product"}],"replies":[{"embeddable":true,"href":"https:\/\/mes-pochoirs.com\/en\/wp-json\/wp\/v2\/comments?post=19566"}],"wp:featuredmedia":[{"embeddable":true,"href":"https:\/\/mes-pochoirs.com\/en\/wp-json\/wp\/v2\/media\/19409"}],"wp:attachment":[{"href":"https:\/\/mes-pochoirs.com\/en\/wp-json\/wp\/v2\/media?parent=19566"}],"wp:term":[{"taxonomy":"product_brand","embeddable":true,"href":"https:\/\/mes-pochoirs.com\/en\/wp-json\/wp\/v2\/product_brand?post=19566"},{"taxonomy":"product_cat","embeddable":true,"href":"https:\/\/mes-pochoirs.com\/en\/wp-json\/wp\/v2\/product_cat?post=19566"},{"taxonomy":"product_tag","embeddable":true,"href":"https:\/\/mes-pochoirs.com\/en\/wp-json\/wp\/v2\/product_tag?post=19566"}],"curies":[{"name":"wp","href":"https:\/\/api.w.org\/{rel}","templated":true}]}}