{"id":21434,"date":"2025-03-05T12:21:26","date_gmt":"2025-03-05T11:21:26","guid":{"rendered":"https:\/\/mes-pochoirs.com\/?post_type=product&#038;p=21434"},"modified":"2025-10-31T12:31:31","modified_gmt":"2025-10-31T11:31:31","slug":"cinema-actress-stencil-pld001","status":"publish","type":"product","link":"https:\/\/mes-pochoirs.com\/en\/produit\/pochoir-actrice-cinema-pld001","title":{"rendered":"Pop Legends\" Collection Stencil - PLD001"},"content":{"rendered":"<h2>film actress stencil<\/h2>\n<h3>an icon with captivating eyes<\/h3>\n<p>This <strong>film actress stencil<\/strong> captures the essence of the glamour and power of the great legends of the 7th art. This portrait highlights the intense and expressive features inspired by a British actress, a true celebrity whose face marked by deep eyes and a sensual mouth evokes the <strong>Hollywood grandeur<\/strong>. This stencil is much more than a simple creative tool: it carries a story, that of these <strong>female personalities<\/strong> have become <strong>icons<\/strong> timeless. He invites each artist to give his or her own interpretation of this timeless theme. <strong>movie star<\/strong>Playing with colours, textures and materials to transform each creation into a unique and vibrant work of art.<\/p>\n<h3>a pop art style<\/h3>\n<p>This <strong>film actress stencil<\/strong> is fully in line with the heritage of <strong>pop art<\/strong>with its striking contrasts and sharp graphics. Inspired by <strong>film posters<\/strong> and urban frescoes, he blends the classic elegance of the <strong>celebrity portraits<\/strong> with the raw energy of street art. This stencil is perfect for dressing up a wall, customising a piece of furniture or enhancing a canvas. By using this stencil, designers can bring a mythical figure to life while asserting their own style. It's an inspiring tool, designed for those who want to tell a powerful story through their art, celebrate film icons or express their passion for the personalities who have shaped popular culture.<\/p>","protected":false},"excerpt":{"rendered":"<p><strong>Movie Actress Stencil<\/strong> to enhance your painting, picture or artwork. Our models are reusable, high quality, reversible and in several sizes!<\/p>","protected":false},"featured_media":21736,"comment_status":"open","ping_status":"closed","template":"","meta":{"bwfblock_default_font":"","_kad_blocks_custom_css":"","_kad_blocks_head_custom_js":"","_kad_blocks_body_custom_js":"","_kad_blocks_footer_custom_js":"","_kadence_starter_templates_imported_post":false,"_kad_post_transparent":"default","_kad_post_title":"","_kad_post_layout":"default","_kad_post_sidebar_id":"","_kad_post_content_style":"default","_kad_post_vertical_padding":"default","_kad_post_feature":"","_kad_post_feature_position":"","_kad_post_header":false,"_kad_post_footer":false,"_kad_post_classname":""},"product_brand":[1415],"product_cat":[1190,481,732,332,36],"product_tag":[1193,1194,340,824,471,1191,1192,333,390,478,338],"class_list":{"0":"post-21434","1":"product","2":"type-product","3":"status-publish","4":"has-post-thumbnail","6":"product_brand-mes-pochoirs","7":"product_cat-pop-legends","8":"product_cat-collections","9":"product_cat-pochoirs-icones-celebrites","10":"product_cat-pochoirs-pop-art","11":"product_cat-pochoirs-portraits-visages","12":"product_tag-actrice","13":"product_tag-britannique","14":"product_tag-celebrite","15":"product_tag-cinema","16":"product_tag-icone","17":"product_tag-legende","18":"product_tag-personnalite","19":"product_tag-pop-art","20":"product_tag-portrait","21":"product_tag-stars","22":"product_tag-visage","24":"first","25":"instock","26":"taxable","27":"shipping-taxable","28":"purchasable","29":"product-type-variable","30":"has-default-attributes","31":"entry","32":"content-bg","33":"loop-entry"},"taxonomy_info":{"product_brand":[{"value":1415,"label":"Mes Pochoirs"}],"product_cat":[{"value":1190,"label":"Pop Legends"},{"value":481,"label":"Collections"},{"value":732,"label":"Ic\u00f4nes &amp; C\u00e9l\u00e9brit\u00e9s"},{"value":332,"label":"Pop Art"},{"value":36,"label":"Portraits &amp; Visages"}],"product_tag":[{"value":1193,"label":"actrice"},{"value":1194,"label":"britannique"},{"value":340,"label":"c\u00e9l\u00e9brit\u00e9"},{"value":824,"label":"cin\u00e9ma"},{"value":471,"label":"icone"},{"value":1191,"label":"l\u00e9gende"},{"value":1192,"label":"personnalit\u00e9"},{"value":333,"label":"pop art"},{"value":390,"label":"portrait"},{"value":478,"label":"stars"},{"value":338,"label":"visage"}]},"featured_image_src_large":["https:\/\/mes-pochoirs.com\/wp-content\/uploads\/2025\/03\/PLD001-pochoir-pop-legends-copyright-mes-pochoirs-858x1030.jpg",858,1030,true],"author_info":[],"comment_info":0,"_links":{"self":[{"href":"https:\/\/mes-pochoirs.com\/en\/wp-json\/wp\/v2\/product\/21434","targetHints":{"allow":["GET"]}}],"collection":[{"href":"https:\/\/mes-pochoirs.com\/en\/wp-json\/wp\/v2\/product"}],"about":[{"href":"https:\/\/mes-pochoirs.com\/en\/wp-json\/wp\/v2\/types\/product"}],"replies":[{"embeddable":true,"href":"https:\/\/mes-pochoirs.com\/en\/wp-json\/wp\/v2\/comments?post=21434"}],"wp:featuredmedia":[{"embeddable":true,"href":"https:\/\/mes-pochoirs.com\/en\/wp-json\/wp\/v2\/media\/21736"}],"wp:attachment":[{"href":"https:\/\/mes-pochoirs.com\/en\/wp-json\/wp\/v2\/media?parent=21434"}],"wp:term":[{"taxonomy":"product_brand","embeddable":true,"href":"https:\/\/mes-pochoirs.com\/en\/wp-json\/wp\/v2\/product_brand?post=21434"},{"taxonomy":"product_cat","embeddable":true,"href":"https:\/\/mes-pochoirs.com\/en\/wp-json\/wp\/v2\/product_cat?post=21434"},{"taxonomy":"product_tag","embeddable":true,"href":"https:\/\/mes-pochoirs.com\/en\/wp-json\/wp\/v2\/product_tag?post=21434"}],"curies":[{"name":"wp","href":"https:\/\/api.w.org\/{rel}","templated":true}]}}