{"id":21449,"date":"2025-03-05T12:50:21","date_gmt":"2025-03-05T11:50:21","guid":{"rendered":"https:\/\/mes-pochoirs.com\/?post_type=product&#038;p=21449"},"modified":"2025-10-31T12:31:35","modified_gmt":"2025-10-31T11:31:35","slug":"street-art-artist-stencil-pld003","status":"publish","type":"product","link":"https:\/\/mes-pochoirs.com\/en\/produit\/pochoir-artiste-peintre-street-art-pld003","title":{"rendered":"Pop Legends\" Collection Stencil - PLD003"},"content":{"rendered":"<h2>stencil artist painter Street Art<\/h2>\n<h3>Inspired by an iconic figure<\/h3>\n<p>This <strong>stencil Artist Painter Street Art<\/strong>was inspired by the face of a legendary artist, a key figure on the New York scene in the 80s. With his free flowing hair and intense gaze, he symbolises a fusion between <strong>Urban art<\/strong>culture <strong>underground<\/strong> and paint <strong>contemporary<\/strong>. A true icon of the artistic avant-garde, he embodies a generation that transformed the street into a space for free and committed expression.<\/p>\n<h3>A raw, instinctive pop art style<\/h3>\n<p>This pop art-style Street Art stencil reflects the creative energy of this artist, who has been working for many years on a variety of projects. <strong>artistic heritage<\/strong> The result is a collection of bold lines, an almost savage spontaneity, powerful symbols and an aesthetic where graffiti meets contemporary painting. This <strong>hybrid style<\/strong>Between creative urgency and social criticism, it continues to influence the art world, with its contrasting colours, sketched crowns and words thrown like cries onto the canvas.<\/p>","protected":false},"excerpt":{"rendered":"<p><strong>Stencil street art artist<\/strong> for your paintings and pictures. Reversible, reusable and available in several sizes.<\/p>","protected":false},"featured_media":21616,"comment_status":"open","ping_status":"closed","template":"","meta":{"bwfblock_default_font":"","_kad_blocks_custom_css":"","_kad_blocks_head_custom_js":"","_kad_blocks_body_custom_js":"","_kad_blocks_footer_custom_js":"","_kadence_starter_templates_imported_post":false,"_kad_post_transparent":"default","_kad_post_title":"","_kad_post_layout":"default","_kad_post_sidebar_id":"","_kad_post_content_style":"default","_kad_post_vertical_padding":"default","_kad_post_feature":"","_kad_post_feature_position":"","_kad_post_header":false,"_kad_post_footer":false,"_kad_post_classname":""},"product_brand":[1415],"product_cat":[1190,481,732,332,36],"product_tag":[735,340,471,1191,1192,333,390,478,327,338],"class_list":{"0":"post-21449","1":"product","2":"type-product","3":"status-publish","4":"has-post-thumbnail","6":"product_brand-mes-pochoirs","7":"product_cat-pop-legends","8":"product_cat-collections","9":"product_cat-pochoirs-icones-celebrites","10":"product_cat-pochoirs-pop-art","11":"product_cat-pochoirs-portraits-visages","12":"product_tag-artiste-peintre","13":"product_tag-celebrite","14":"product_tag-icone","15":"product_tag-legende","16":"product_tag-personnalite","17":"product_tag-pop-art","18":"product_tag-portrait","19":"product_tag-stars","20":"product_tag-street-art","21":"product_tag-visage","23":"first","24":"instock","25":"taxable","26":"shipping-taxable","27":"purchasable","28":"product-type-variable","29":"has-default-attributes","30":"entry","31":"content-bg","32":"loop-entry"},"taxonomy_info":{"product_brand":[{"value":1415,"label":"Mes Pochoirs"}],"product_cat":[{"value":1190,"label":"Pop Legends"},{"value":481,"label":"Collections"},{"value":732,"label":"Ic\u00f4nes &amp; C\u00e9l\u00e9brit\u00e9s"},{"value":332,"label":"Pop Art"},{"value":36,"label":"Portraits &amp; Visages"}],"product_tag":[{"value":735,"label":"artiste peintre"},{"value":340,"label":"c\u00e9l\u00e9brit\u00e9"},{"value":471,"label":"icone"},{"value":1191,"label":"l\u00e9gende"},{"value":1192,"label":"personnalit\u00e9"},{"value":333,"label":"pop art"},{"value":390,"label":"portrait"},{"value":478,"label":"stars"},{"value":327,"label":"street art"},{"value":338,"label":"visage"}]},"featured_image_src_large":["https:\/\/mes-pochoirs.com\/wp-content\/uploads\/2025\/03\/PLD003-pochoir-collection-pop-legends-copyright-mes-pochoirs-858x1030.jpg",858,1030,true],"author_info":[],"comment_info":1,"_links":{"self":[{"href":"https:\/\/mes-pochoirs.com\/en\/wp-json\/wp\/v2\/product\/21449","targetHints":{"allow":["GET"]}}],"collection":[{"href":"https:\/\/mes-pochoirs.com\/en\/wp-json\/wp\/v2\/product"}],"about":[{"href":"https:\/\/mes-pochoirs.com\/en\/wp-json\/wp\/v2\/types\/product"}],"replies":[{"embeddable":true,"href":"https:\/\/mes-pochoirs.com\/en\/wp-json\/wp\/v2\/comments?post=21449"}],"wp:featuredmedia":[{"embeddable":true,"href":"https:\/\/mes-pochoirs.com\/en\/wp-json\/wp\/v2\/media\/21616"}],"wp:attachment":[{"href":"https:\/\/mes-pochoirs.com\/en\/wp-json\/wp\/v2\/media?parent=21449"}],"wp:term":[{"taxonomy":"product_brand","embeddable":true,"href":"https:\/\/mes-pochoirs.com\/en\/wp-json\/wp\/v2\/product_brand?post=21449"},{"taxonomy":"product_cat","embeddable":true,"href":"https:\/\/mes-pochoirs.com\/en\/wp-json\/wp\/v2\/product_cat?post=21449"},{"taxonomy":"product_tag","embeddable":true,"href":"https:\/\/mes-pochoirs.com\/en\/wp-json\/wp\/v2\/product_tag?post=21449"}],"curies":[{"name":"wp","href":"https:\/\/api.w.org\/{rel}","templated":true}]}}