{"id":21460,"date":"2025-03-05T14:49:30","date_gmt":"2025-03-05T13:49:30","guid":{"rendered":"https:\/\/mes-pochoirs.com\/?post_type=product&#038;p=21460"},"modified":"2025-10-31T12:31:37","modified_gmt":"2025-10-31T11:31:37","slug":"reggae-icon-stencil-pld004","status":"publish","type":"product","link":"https:\/\/mes-pochoirs.com\/en\/produit\/pochoir-icone-reggae-pld004","title":{"rendered":"Pop Legends\" Collection Stencil - PLD004"},"content":{"rendered":"<h2>Reggae Icon Stencil<\/h2>\n<h3>A vibrant portrait full of emotion<\/h3>\n<p>Immerse yourself in the world of music and freedom of expression with this <strong>Reggae Icon Stencil<\/strong>. This powerful face, eyes closed and head raised, captures that suspended moment when the soul surrenders to melody. More than just a portrait, this stencil tells a story: the story of a <strong>legend<\/strong>inspired by a celebrity who is inextricably linked with the universe <strong>reggae<\/strong>. It evokes the power of raw emotions, the spiritual connection to the <strong>music<\/strong>It's the creative spirit that drives stars and artistic personalities to excel. Whether you want to decorate a wall, customise a canvas or give character to a piece of furniture, this portrait will immediately transport your creation into a vibrant atmosphere, conveying a strong, universal message.<\/p>\n<h2>a pop art aesthetic to serve your imagination<\/h2>\n<p><strong>The Icon Stencil celebrates<\/strong>is also a direct dive into the graphic world of <strong>pop art.<\/strong>This style, at the crossroads of <strong>Street art<\/strong> and vintage illustration, giving your creations a strong identity, somewhere between urban modernity and retro glamour. Whether you're a passionate artist or an inspired decorator, this stencil becomes an essential creative tool, capable of transforming a simple surface into a work of art in its own right. By playing with colours, superimpositions or mixed techniques, you can reinvent this stencil and create a new look. <strong>portrait of a legend<\/strong> each time offering a new interpretation, somewhere between homage and personal expression. An invitation to express your own vision of <strong>icons<\/strong> that inspire you, with a stencil designed for designers who aren't afraid to leave their mark.<\/p>","protected":false},"excerpt":{"rendered":"<p><strong>Reggae Icon Stencil<\/strong> for artists, reusable, reversible and high quality. Enhance your paintings, walls or original artwork.<\/p>","protected":false},"featured_media":21617,"comment_status":"open","ping_status":"closed","template":"","meta":{"bwfblock_default_font":"","_kad_blocks_custom_css":"","_kad_blocks_head_custom_js":"","_kad_blocks_body_custom_js":"","_kad_blocks_footer_custom_js":"","_kadence_starter_templates_imported_post":false,"_kad_post_transparent":"default","_kad_post_title":"","_kad_post_layout":"default","_kad_post_sidebar_id":"","_kad_post_content_style":"default","_kad_post_vertical_padding":"default","_kad_post_feature":"","_kad_post_feature_position":"","_kad_post_header":false,"_kad_post_footer":false,"_kad_post_classname":""},"product_brand":[1415],"product_cat":[1190,481,732,332,36],"product_tag":[340,1196,471,1191,445,1192,333,390,1197,478,338],"class_list":{"0":"post-21460","1":"product","2":"type-product","3":"status-publish","4":"has-post-thumbnail","6":"product_brand-mes-pochoirs","7":"product_cat-pop-legends","8":"product_cat-collections","9":"product_cat-pochoirs-icones-celebrites","10":"product_cat-pochoirs-pop-art","11":"product_cat-pochoirs-portraits-visages","12":"product_tag-celebrite","13":"product_tag-chanteur","14":"product_tag-icone","15":"product_tag-legende","16":"product_tag-musique","17":"product_tag-personnalite","18":"product_tag-pop-art","19":"product_tag-portrait","20":"product_tag-reggae","21":"product_tag-stars","22":"product_tag-visage","24":"first","25":"instock","26":"taxable","27":"shipping-taxable","28":"purchasable","29":"product-type-variable","30":"has-default-attributes","31":"entry","32":"content-bg","33":"loop-entry"},"taxonomy_info":{"product_brand":[{"value":1415,"label":"Mes Pochoirs"}],"product_cat":[{"value":1190,"label":"Pop Legends"},{"value":481,"label":"Collections"},{"value":732,"label":"Ic\u00f4nes &amp; C\u00e9l\u00e9brit\u00e9s"},{"value":332,"label":"Pop Art"},{"value":36,"label":"Portraits &amp; Visages"}],"product_tag":[{"value":340,"label":"c\u00e9l\u00e9brit\u00e9"},{"value":1196,"label":"chanteur"},{"value":471,"label":"icone"},{"value":1191,"label":"l\u00e9gende"},{"value":445,"label":"musique"},{"value":1192,"label":"personnalit\u00e9"},{"value":333,"label":"pop art"},{"value":390,"label":"portrait"},{"value":1197,"label":"reggae"},{"value":478,"label":"stars"},{"value":338,"label":"visage"}]},"featured_image_src_large":["https:\/\/mes-pochoirs.com\/wp-content\/uploads\/2025\/03\/PLD004-pochoir-collection-pop-legends-copyright-mes-pochoirs-858x1030.jpg",858,1030,true],"author_info":[],"comment_info":0,"_links":{"self":[{"href":"https:\/\/mes-pochoirs.com\/en\/wp-json\/wp\/v2\/product\/21460","targetHints":{"allow":["GET"]}}],"collection":[{"href":"https:\/\/mes-pochoirs.com\/en\/wp-json\/wp\/v2\/product"}],"about":[{"href":"https:\/\/mes-pochoirs.com\/en\/wp-json\/wp\/v2\/types\/product"}],"replies":[{"embeddable":true,"href":"https:\/\/mes-pochoirs.com\/en\/wp-json\/wp\/v2\/comments?post=21460"}],"wp:featuredmedia":[{"embeddable":true,"href":"https:\/\/mes-pochoirs.com\/en\/wp-json\/wp\/v2\/media\/21617"}],"wp:attachment":[{"href":"https:\/\/mes-pochoirs.com\/en\/wp-json\/wp\/v2\/media?parent=21460"}],"wp:term":[{"taxonomy":"product_brand","embeddable":true,"href":"https:\/\/mes-pochoirs.com\/en\/wp-json\/wp\/v2\/product_brand?post=21460"},{"taxonomy":"product_cat","embeddable":true,"href":"https:\/\/mes-pochoirs.com\/en\/wp-json\/wp\/v2\/product_cat?post=21460"},{"taxonomy":"product_tag","embeddable":true,"href":"https:\/\/mes-pochoirs.com\/en\/wp-json\/wp\/v2\/product_tag?post=21460"}],"curies":[{"name":"wp","href":"https:\/\/api.w.org\/{rel}","templated":true}]}}