{"id":21467,"date":"2025-03-05T15:07:22","date_gmt":"2025-03-05T14:07:22","guid":{"rendered":"https:\/\/mes-pochoirs.com\/?post_type=product&#038;p=21467"},"modified":"2025-10-31T12:31:39","modified_gmt":"2025-10-31T11:31:39","slug":"rockstar-pop-stencil-pld005","status":"publish","type":"product","link":"https:\/\/mes-pochoirs.com\/en\/produit\/pochoir-rockstar-pop-pld005","title":{"rendered":"Pop Legends\" Collection Stencil - PLD005"},"content":{"rendered":"<h2>Rockstar Pop Stencil<\/h2>\n<h3>A legendary portrait with a powerful message<\/h3>\n<p><strong>Rockstar Pop Stencil<\/strong>This model pays homage to a timeless icon, an iconic <strong>legend<\/strong> that marked the history of <strong>music<\/strong>. This <strong>portrait<\/strong> inspired by a <strong>Rockstar<\/strong> whose face, adorned with a lightning bolt, symbolises both unbridled creativity and the transgression of established codes. More than just a stencil, it's a genuine means of expression that invites you to assert your originality and inject a rock and pop art spirit into your creations. Whether you're an urban artist, a textile designer or a lover of personalised decoration, this stencil gives you the chance to express all the visual and symbolic power of this extraordinary personality.<\/p>\n<h3>Cutting-edge design for bold pop art<\/h3>\n<p><strong>Rockstar Pop Stencil<\/strong>This model revisits the art of the <strong>portrait<\/strong> in a spirit <strong>pop art<\/strong> contemporary, where stars become strong graphic icons. It adapts to all your artistic desires: wall, canvas, textile or furniture. This stencil doesn't just represent a star. <strong>legendary singer<\/strong>It offers a creative tool for creating unique works full of character. With just a few strokes of the spray can or brush, it enhances your surfaces by bringing a new energy to them. <strong>rock<\/strong> inimitable. A perfect ally for transforming an ordinary surface into a powerful visual message, inspired by the biggest names on the music scene.<\/p>","protected":false},"excerpt":{"rendered":"<p><strong>Rockstar Pop Stencil<\/strong> for artists. High quality, reusable, perfect for paintings, murals or creative decorating.<\/p>","protected":false},"featured_media":21734,"comment_status":"open","ping_status":"closed","template":"","meta":{"bwfblock_default_font":"","_kad_blocks_custom_css":"","_kad_blocks_head_custom_js":"","_kad_blocks_body_custom_js":"","_kad_blocks_footer_custom_js":"","_kadence_starter_templates_imported_post":false,"_kad_post_transparent":"default","_kad_post_title":"","_kad_post_layout":"default","_kad_post_sidebar_id":"","_kad_post_content_style":"default","_kad_post_vertical_padding":"default","_kad_post_feature":"","_kad_post_feature_position":"","_kad_post_header":false,"_kad_post_footer":false,"_kad_post_classname":""},"product_brand":[1415],"product_cat":[1190,481,732,332,36],"product_tag":[340,1196,471,1191,445,1192,333,390,560,478,338],"class_list":{"0":"post-21467","1":"product","2":"type-product","3":"status-publish","4":"has-post-thumbnail","6":"product_brand-mes-pochoirs","7":"product_cat-pop-legends","8":"product_cat-collections","9":"product_cat-pochoirs-icones-celebrites","10":"product_cat-pochoirs-pop-art","11":"product_cat-pochoirs-portraits-visages","12":"product_tag-celebrite","13":"product_tag-chanteur","14":"product_tag-icone","15":"product_tag-legende","16":"product_tag-musique","17":"product_tag-personnalite","18":"product_tag-pop-art","19":"product_tag-portrait","20":"product_tag-rock","21":"product_tag-stars","22":"product_tag-visage","24":"first","25":"instock","26":"taxable","27":"shipping-taxable","28":"purchasable","29":"product-type-variable","30":"has-default-attributes","31":"entry","32":"content-bg","33":"loop-entry"},"taxonomy_info":{"product_brand":[{"value":1415,"label":"Mes Pochoirs"}],"product_cat":[{"value":1190,"label":"Pop Legends"},{"value":481,"label":"Collections"},{"value":732,"label":"Ic\u00f4nes &amp; C\u00e9l\u00e9brit\u00e9s"},{"value":332,"label":"Pop Art"},{"value":36,"label":"Portraits &amp; Visages"}],"product_tag":[{"value":340,"label":"c\u00e9l\u00e9brit\u00e9"},{"value":1196,"label":"chanteur"},{"value":471,"label":"icone"},{"value":1191,"label":"l\u00e9gende"},{"value":445,"label":"musique"},{"value":1192,"label":"personnalit\u00e9"},{"value":333,"label":"pop art"},{"value":390,"label":"portrait"},{"value":560,"label":"Rock"},{"value":478,"label":"stars"},{"value":338,"label":"visage"}]},"featured_image_src_large":["https:\/\/mes-pochoirs.com\/wp-content\/uploads\/2025\/03\/PLD005-pochoir-pop-legends-copyright-mes-pochoirs-858x1030.jpg",858,1030,true],"author_info":[],"comment_info":0,"_links":{"self":[{"href":"https:\/\/mes-pochoirs.com\/en\/wp-json\/wp\/v2\/product\/21467","targetHints":{"allow":["GET"]}}],"collection":[{"href":"https:\/\/mes-pochoirs.com\/en\/wp-json\/wp\/v2\/product"}],"about":[{"href":"https:\/\/mes-pochoirs.com\/en\/wp-json\/wp\/v2\/types\/product"}],"replies":[{"embeddable":true,"href":"https:\/\/mes-pochoirs.com\/en\/wp-json\/wp\/v2\/comments?post=21467"}],"wp:featuredmedia":[{"embeddable":true,"href":"https:\/\/mes-pochoirs.com\/en\/wp-json\/wp\/v2\/media\/21734"}],"wp:attachment":[{"href":"https:\/\/mes-pochoirs.com\/en\/wp-json\/wp\/v2\/media?parent=21467"}],"wp:term":[{"taxonomy":"product_brand","embeddable":true,"href":"https:\/\/mes-pochoirs.com\/en\/wp-json\/wp\/v2\/product_brand?post=21467"},{"taxonomy":"product_cat","embeddable":true,"href":"https:\/\/mes-pochoirs.com\/en\/wp-json\/wp\/v2\/product_cat?post=21467"},{"taxonomy":"product_tag","embeddable":true,"href":"https:\/\/mes-pochoirs.com\/en\/wp-json\/wp\/v2\/product_tag?post=21467"}],"curies":[{"name":"wp","href":"https:\/\/api.w.org\/{rel}","templated":true}]}}