{"id":21479,"date":"2025-03-05T15:26:08","date_gmt":"2025-03-05T14:26:08","guid":{"rendered":"https:\/\/mes-pochoirs.com\/?post_type=product&#038;p=21479"},"modified":"2025-10-31T12:31:43","modified_gmt":"2025-10-31T11:31:43","slug":"stencil-french-voice-legend-pld007","status":"publish","type":"product","link":"https:\/\/mes-pochoirs.com\/en\/produit\/pochoir-legende-voix-francaise-pld007","title":{"rendered":"Pop Legends\" Collection Stencil - PLD007"},"content":{"rendered":"<h2>stencil legend French voice<\/h2>\n<h3>A powerful, emotionally-charged portrait<\/h3>\n<p><strong>French voice legend stencil<\/strong> Treat yourself to a stencil that captures the intensity of an unforgettable face inspired by a timeless icon of French music. This portrait expresses emotion at its very core, somewhere between power and vulnerability. The skyward gaze and half-open mouth evoke the pure, inspired passion of a singer who made history. Every detail, from the boldly drawn eyelashes to the light caressing her lips, tells a story of raw talent and unfiltered expression. This stencil is much more than just a design: it's a window onto the world of the singer. <strong>the soul of a legend<\/strong>. It invites each artist to create around this unique personality, to revisit the celebrity from a personal and creative angle.<\/p>\n<h3>A graphic style somewhere between pop art and street art<\/h3>\n<p><strong>French voice legend stencil<\/strong> Inspired by major artistic trends, this stencil skilfully combines the raw energy of pop art, the visual impact of street art and the elegance of a stylised portrait. This stencil is the ideal creative tool for creating modern, expressive and original works of art, playing on the symbolism of a \"portrait\". <strong>French star with eternal charisma.<\/strong> Whether on canvas, wall or furniture, it lets you reinterpret this icon in your own way, infusing it with your own artistic voice.<\/p>","protected":false},"excerpt":{"rendered":"<p><strong>French voice legend stencil<\/strong> for artists. Creation of paintings, frescoes, high quality, reusable, reversible, all sizes.<\/p>","protected":false},"featured_media":21732,"comment_status":"open","ping_status":"closed","template":"","meta":{"bwfblock_default_font":"","_kad_blocks_custom_css":"","_kad_blocks_head_custom_js":"","_kad_blocks_body_custom_js":"","_kad_blocks_footer_custom_js":"","_kadence_starter_templates_imported_post":false,"_kad_post_transparent":"default","_kad_post_title":"","_kad_post_layout":"default","_kad_post_sidebar_id":"","_kad_post_content_style":"default","_kad_post_vertical_padding":"default","_kad_post_feature":"","_kad_post_feature_position":"","_kad_post_header":false,"_kad_post_footer":false,"_kad_post_classname":""},"product_brand":[1415],"product_cat":[1190,481,732,332,36],"product_tag":[340,1200,1195,471,1191,445,1192,333,390,478,338],"class_list":{"0":"post-21479","1":"product","2":"type-product","3":"status-publish","4":"has-post-thumbnail","6":"product_brand-mes-pochoirs","7":"product_cat-pop-legends","8":"product_cat-collections","9":"product_cat-pochoirs-icones-celebrites","10":"product_cat-pochoirs-pop-art","11":"product_cat-pochoirs-portraits-visages","12":"product_tag-celebrite","13":"product_tag-chanteuse","14":"product_tag-francaise","15":"product_tag-icone","16":"product_tag-legende","17":"product_tag-musique","18":"product_tag-personnalite","19":"product_tag-pop-art","20":"product_tag-portrait","21":"product_tag-stars","22":"product_tag-visage","24":"first","25":"instock","26":"taxable","27":"shipping-taxable","28":"purchasable","29":"product-type-variable","30":"has-default-attributes","31":"entry","32":"content-bg","33":"loop-entry"},"taxonomy_info":{"product_brand":[{"value":1415,"label":"Mes Pochoirs"}],"product_cat":[{"value":1190,"label":"Pop Legends"},{"value":481,"label":"Collections"},{"value":732,"label":"Ic\u00f4nes &amp; C\u00e9l\u00e9brit\u00e9s"},{"value":332,"label":"Pop Art"},{"value":36,"label":"Portraits &amp; Visages"}],"product_tag":[{"value":340,"label":"c\u00e9l\u00e9brit\u00e9"},{"value":1200,"label":"chanteuse"},{"value":1195,"label":"fran\u00e7aise"},{"value":471,"label":"icone"},{"value":1191,"label":"l\u00e9gende"},{"value":445,"label":"musique"},{"value":1192,"label":"personnalit\u00e9"},{"value":333,"label":"pop art"},{"value":390,"label":"portrait"},{"value":478,"label":"stars"},{"value":338,"label":"visage"}]},"featured_image_src_large":["https:\/\/mes-pochoirs.com\/wp-content\/uploads\/2025\/03\/PLD007-pochoir-pop-legends-copyright-mes-pochoirs-858x1030.jpg",858,1030,true],"author_info":[],"comment_info":0,"_links":{"self":[{"href":"https:\/\/mes-pochoirs.com\/en\/wp-json\/wp\/v2\/product\/21479","targetHints":{"allow":["GET"]}}],"collection":[{"href":"https:\/\/mes-pochoirs.com\/en\/wp-json\/wp\/v2\/product"}],"about":[{"href":"https:\/\/mes-pochoirs.com\/en\/wp-json\/wp\/v2\/types\/product"}],"replies":[{"embeddable":true,"href":"https:\/\/mes-pochoirs.com\/en\/wp-json\/wp\/v2\/comments?post=21479"}],"wp:featuredmedia":[{"embeddable":true,"href":"https:\/\/mes-pochoirs.com\/en\/wp-json\/wp\/v2\/media\/21732"}],"wp:attachment":[{"href":"https:\/\/mes-pochoirs.com\/en\/wp-json\/wp\/v2\/media?parent=21479"}],"wp:term":[{"taxonomy":"product_brand","embeddable":true,"href":"https:\/\/mes-pochoirs.com\/en\/wp-json\/wp\/v2\/product_brand?post=21479"},{"taxonomy":"product_cat","embeddable":true,"href":"https:\/\/mes-pochoirs.com\/en\/wp-json\/wp\/v2\/product_cat?post=21479"},{"taxonomy":"product_tag","embeddable":true,"href":"https:\/\/mes-pochoirs.com\/en\/wp-json\/wp\/v2\/product_tag?post=21479"}],"curies":[{"name":"wp","href":"https:\/\/api.w.org\/{rel}","templated":true}]}}