{"id":22682,"date":"2025-04-17T09:18:58","date_gmt":"2025-04-17T07:18:58","guid":{"rendered":"https:\/\/mes-pochoirs.com\/?post_type=product&#038;p=22682"},"modified":"2025-10-31T12:34:22","modified_gmt":"2025-10-31T11:34:22","slug":"bee-stencil-a0120","status":"publish","type":"product","link":"https:\/\/mes-pochoirs.com\/en\/produit\/pochoir-abeille-a0120","title":{"rendered":"Bee Stencil - A0120"},"content":{"rendered":"<h2>Bee Stencil<\/h2>\n<h3>A vibrant symbol of nature and balance<\/h3>\n<p><strong>Bee Stencil<\/strong> represents much more than a simple insect: it embodies a powerful message, that of the <strong>nature<\/strong>the <strong>pollination<\/strong>and <strong>biodiversity<\/strong>. With its fine details, delicately ribbed wings and striped body, this <strong>bee<\/strong> has become a veritable symbol of<strong>ecosystem<\/strong> and life. It evokes the energy of spring, the richness of the <strong>flowery countryside<\/strong>and the poetry of a <strong>hive<\/strong> in full swing. Inspired by the world of<strong>beekeeping<\/strong>This motif is an invitation to reflect and create, taking a tender, committed look at our environment. It's for people who want to convey a strong message through their work, resonating with the values of respect and connection with nature.<\/p>\n<h3>An artistic touch of rustic elegance<\/h3>\n<p><strong>Bee Stencil<\/strong> also seduces with its <strong>graphic style<\/strong> strong and uncluttered <strong>rustic<\/strong> and refined. Its expressive silhouette blends in perfectly with its surroundings. <strong>cottagecore<\/strong>, <strong>floral<\/strong> or <strong>spring<\/strong>Whether it's to embellish a piece of furniture, a canvas, a wall or any other creative support. The stencil's clean-lined design makes a powerful visual impact, while retaining a soft, natural aesthetic. Ideal for fans of handcrafted decoration as well as artists looking for a strong graphic element, this stencil transforms every project into a unique and inspired work of art. L'<strong>bee<\/strong>More than just a motif, it becomes an emblem, a muse for creations full of meaning and beauty.<\/p>","protected":false},"excerpt":{"rendered":"<p><strong>Bee Stencil<\/strong> inspirational, ideal for creating a work of nature. High quality, various sizes, perfect for painting on any surface.<\/p>","protected":false},"featured_media":22924,"comment_status":"open","ping_status":"closed","template":"","meta":{"bwfblock_default_font":"","_kad_blocks_custom_css":"","_kad_blocks_head_custom_js":"","_kad_blocks_body_custom_js":"","_kad_blocks_footer_custom_js":"","_kadence_starter_templates_imported_post":false,"_kad_post_transparent":"default","_kad_post_title":"","_kad_post_layout":"default","_kad_post_sidebar_id":"","_kad_post_content_style":"default","_kad_post_vertical_padding":"default","_kad_post_feature":"","_kad_post_feature_position":"","_kad_post_header":false,"_kad_post_footer":false,"_kad_post_classname":""},"product_brand":[1415],"product_cat":[364],"product_tag":[1266,1272,1270,919,1269,648,1267,370,1268,415,1271],"class_list":{"0":"post-22682","1":"product","2":"type-product","3":"status-publish","4":"has-post-thumbnail","6":"product_brand-mes-pochoirs","7":"product_cat-pochoirs-animaux","8":"product_tag-abeille","9":"product_tag-apiculture","10":"product_tag-biodiversite","11":"product_tag-campagne","12":"product_tag-ecosysteme","13":"product_tag-floral","14":"product_tag-insecte","15":"product_tag-nature","16":"product_tag-pollinisation","17":"product_tag-printemps","18":"product_tag-ruche","20":"first","21":"instock","22":"taxable","23":"shipping-taxable","24":"purchasable","25":"product-type-variable","26":"has-default-attributes","27":"entry","28":"content-bg","29":"loop-entry"},"taxonomy_info":{"product_brand":[{"value":1415,"label":"Mes Pochoirs"}],"product_cat":[{"value":364,"label":"Animaux"}],"product_tag":[{"value":1266,"label":"abeille"},{"value":1272,"label":"apiculture"},{"value":1270,"label":"biodiversit\u00e9"},{"value":919,"label":"campagne"},{"value":1269,"label":"\u00e9cosyst\u00e8me"},{"value":648,"label":"floral"},{"value":1267,"label":"insecte"},{"value":370,"label":"nature"},{"value":1268,"label":"pollinisation"},{"value":415,"label":"Printemps"},{"value":1271,"label":"ruche"}]},"featured_image_src_large":["https:\/\/mes-pochoirs.com\/wp-content\/uploads\/2025\/04\/A0120-pochoir-abeille-copyright-mes-pochoirs-858x1030.jpg",858,1030,true],"author_info":[],"comment_info":0,"_links":{"self":[{"href":"https:\/\/mes-pochoirs.com\/en\/wp-json\/wp\/v2\/product\/22682","targetHints":{"allow":["GET"]}}],"collection":[{"href":"https:\/\/mes-pochoirs.com\/en\/wp-json\/wp\/v2\/product"}],"about":[{"href":"https:\/\/mes-pochoirs.com\/en\/wp-json\/wp\/v2\/types\/product"}],"replies":[{"embeddable":true,"href":"https:\/\/mes-pochoirs.com\/en\/wp-json\/wp\/v2\/comments?post=22682"}],"wp:featuredmedia":[{"embeddable":true,"href":"https:\/\/mes-pochoirs.com\/en\/wp-json\/wp\/v2\/media\/22924"}],"wp:attachment":[{"href":"https:\/\/mes-pochoirs.com\/en\/wp-json\/wp\/v2\/media?parent=22682"}],"wp:term":[{"taxonomy":"product_brand","embeddable":true,"href":"https:\/\/mes-pochoirs.com\/en\/wp-json\/wp\/v2\/product_brand?post=22682"},{"taxonomy":"product_cat","embeddable":true,"href":"https:\/\/mes-pochoirs.com\/en\/wp-json\/wp\/v2\/product_cat?post=22682"},{"taxonomy":"product_tag","embeddable":true,"href":"https:\/\/mes-pochoirs.com\/en\/wp-json\/wp\/v2\/product_tag?post=22682"}],"curies":[{"name":"wp","href":"https:\/\/api.w.org\/{rel}","templated":true}]}}