{"id":22949,"date":"2025-04-17T12:37:07","date_gmt":"2025-04-17T10:37:07","guid":{"rendered":"https:\/\/mes-pochoirs.com\/?post_type=product&#038;p=22949"},"modified":"2025-10-31T12:35:18","modified_gmt":"2025-10-31T11:35:18","slug":"monarch-butterfly-stencil-a0130","status":"publish","type":"product","link":"https:\/\/mes-pochoirs.com\/en\/produit\/pochoir-papillon-monarque-a0130","title":{"rendered":"Monarch Butterfly Stencil - A0130"},"content":{"rendered":"<h2>Monarch Butterfly Stencil<\/h2>\n<h3>An ode to freedom and metamorphosis<\/h3>\n<p>Monarch Butterfly Stencil: more than just a motif, this emblematic butterfly embodies the <strong>transformation<\/strong>the <strong>freedom<\/strong> and the <strong>lightness<\/strong>. With its majestic wings open in full <strong>take-off<\/strong>he evokes the grace of <strong>nature<\/strong> and the symbolic power of change. It is a <strong>insect<\/strong> which fascinates with its cycle of <strong>metamorphosis<\/strong>and this stencil captures it all.<strong>elegance<\/strong> and intensity. It will bring a strong, poetic dimension to your artistic creations, while awakening the imagination and movement in your work. Whether you want to express a message of personal evolution, add a touch of gentleness or echo the fragile beauty of the natural world, this stencil is a real vector of inspiration.<strong>artistic expression<\/strong>. It can easily be used on a variety of surfaces: canvases, walls, notebooks, clothes or even decorative objects.<\/p>\n<h3>A striking graphic style to enhance your creativity<\/h3>\n<p>Monarch Butterfly Stencil: a stylish standout <strong>graphic, contemporary and expressive<\/strong>. Every detail of the wings has been carefully crafted to convey the full complexity and dynamics of the <strong>butterfly<\/strong>It's easy to apply thanks to a precise cut. The result is both pure and striking, ideal for high impact compositions. <strong>visual impact<\/strong>. This model is perfect for artists looking for a tool <strong>inspiring<\/strong>It's an art form capable of conveying a powerful message. He invites you to play with materials, colours and superimpositions, to give life to unique and sensitive works. Whether you're a fan of <strong>Street art<\/strong>of <strong>nature<\/strong> Whether it's a stylised design or a dreamlike world, this stencil will help you achieve your creative goals with a touch of style.<strong>originality<\/strong> and<strong>elegance<\/strong>.<\/p>","protected":false},"excerpt":{"rendered":"<p><strong>Monarch Butterfly Stencil<\/strong> elegant and inspiring. For artists, painting, wall creations. Reusable, choice of sizes.<\/p>","protected":false},"featured_media":23054,"comment_status":"open","ping_status":"closed","template":"","meta":{"bwfblock_default_font":"","_kad_blocks_custom_css":"","_kad_blocks_head_custom_js":"","_kad_blocks_body_custom_js":"","_kad_blocks_footer_custom_js":"","_kadence_starter_templates_imported_post":false,"_kad_post_transparent":"default","_kad_post_title":"","_kad_post_layout":"default","_kad_post_sidebar_id":"","_kad_post_content_style":"default","_kad_post_vertical_padding":"default","_kad_post_feature":"","_kad_post_feature_position":"","_kad_post_header":false,"_kad_post_footer":false,"_kad_post_classname":""},"product_brand":[1415],"product_cat":[364],"product_tag":[613,1284,1267,1064,1283,1290,370,1282,1176],"class_list":{"0":"post-22949","1":"product","2":"type-product","3":"status-publish","4":"has-post-thumbnail","6":"product_brand-mes-pochoirs","7":"product_cat-pochoirs-animaux","8":"product_tag-elegance","9":"product_tag-envol","10":"product_tag-insecte","11":"product_tag-liberte","12":"product_tag-metamorphose","13":"product_tag-monarque","14":"product_tag-nature","15":"product_tag-papillon","16":"product_tag-transformation","18":"first","19":"instock","20":"taxable","21":"shipping-taxable","22":"purchasable","23":"product-type-variable","24":"has-default-attributes","25":"entry","26":"content-bg","27":"loop-entry"},"taxonomy_info":{"product_brand":[{"value":1415,"label":"Mes Pochoirs"}],"product_cat":[{"value":364,"label":"Animaux"}],"product_tag":[{"value":613,"label":"\u00e9l\u00e9gance"},{"value":1284,"label":"envol"},{"value":1267,"label":"insecte"},{"value":1064,"label":"Libert\u00e9"},{"value":1283,"label":"m\u00e9tamorphose"},{"value":1290,"label":"monarque"},{"value":370,"label":"nature"},{"value":1282,"label":"papillon"},{"value":1176,"label":"transformation"}]},"featured_image_src_large":["https:\/\/mes-pochoirs.com\/wp-content\/uploads\/2025\/04\/A0130-pochoir-papillon-copyright-mes-pochoirs-858x1030.jpg",858,1030,true],"author_info":[],"comment_info":0,"_links":{"self":[{"href":"https:\/\/mes-pochoirs.com\/en\/wp-json\/wp\/v2\/product\/22949","targetHints":{"allow":["GET"]}}],"collection":[{"href":"https:\/\/mes-pochoirs.com\/en\/wp-json\/wp\/v2\/product"}],"about":[{"href":"https:\/\/mes-pochoirs.com\/en\/wp-json\/wp\/v2\/types\/product"}],"replies":[{"embeddable":true,"href":"https:\/\/mes-pochoirs.com\/en\/wp-json\/wp\/v2\/comments?post=22949"}],"wp:featuredmedia":[{"embeddable":true,"href":"https:\/\/mes-pochoirs.com\/en\/wp-json\/wp\/v2\/media\/23054"}],"wp:attachment":[{"href":"https:\/\/mes-pochoirs.com\/en\/wp-json\/wp\/v2\/media?parent=22949"}],"wp:term":[{"taxonomy":"product_brand","embeddable":true,"href":"https:\/\/mes-pochoirs.com\/en\/wp-json\/wp\/v2\/product_brand?post=22949"},{"taxonomy":"product_cat","embeddable":true,"href":"https:\/\/mes-pochoirs.com\/en\/wp-json\/wp\/v2\/product_cat?post=22949"},{"taxonomy":"product_tag","embeddable":true,"href":"https:\/\/mes-pochoirs.com\/en\/wp-json\/wp\/v2\/product_tag?post=22949"}],"curies":[{"name":"wp","href":"https:\/\/api.w.org\/{rel}","templated":true}]}}