{"id":23048,"date":"2025-08-19T14:44:41","date_gmt":"2025-08-19T12:44:41","guid":{"rendered":"https:\/\/mes-pochoirs.com\/?post_type=product&#038;p=23048"},"modified":"2025-10-31T12:35:40","modified_gmt":"2025-10-31T11:35:40","slug":"snake-head-stencil-a0143","status":"publish","type":"product","link":"https:\/\/mes-pochoirs.com\/en\/produit\/pochoir-tete-de-serpent-a0143","title":{"rendered":"Snake head stencil - A0143"},"content":{"rendered":"<h2>Snake Head Stencil<\/h2>\n<h3>A powerful and captivating symbol<\/h3>\n<p><strong>Snake Head Stencil<\/strong> This striking motif depicts a majestic cobra, erect and coiled, ready to pounce. Its intensely turned head catches the eye, evoking both vigilance and mystery. The elegance of the reptile is evident in the dynamic curves of its body and the precise details of its scales. The snake is more than just an animal: it embodies strength, danger, mastery and savage wisdom. A symbol of jungle and venom, this charismatic predator fascinates as much as it impresses. Perfect for conveying raw, instinctive, animal energy in your designs.<\/p>\n<h3>A strong graphic style for intense visual impact<\/h3>\n<p><strong>Snake Head Stencil<\/strong> The graphic approach highlights the relief of the cobra and the tension of its posture. The areas of light reveal the texture of the scales, while the solid black underlines the power of the coiled reptile. This stencil is a real tool of expression for artists looking for a striking, wild and original motif. On a wall, canvas or piece of furniture, it instantly transforms any surface into an evocative and expressive work of art. Give free rein to your creativity, and bring to life your own vision of the jungle, danger or the animal world with this unique stencil.<\/p>","protected":false},"excerpt":{"rendered":"<p><strong>Snake Head Stencil<\/strong> Wild and graphic. For painting or decorating. Reversible, durable, perfect for artists looking for power.<\/p>","protected":false},"featured_media":23067,"comment_status":"open","ping_status":"closed","template":"","meta":{"bwfblock_default_font":"","_kad_blocks_custom_css":"","_kad_blocks_head_custom_js":"","_kad_blocks_body_custom_js":"","_kad_blocks_footer_custom_js":"","_kadence_starter_templates_imported_post":false,"_kad_post_transparent":"default","_kad_post_title":"","_kad_post_layout":"default","_kad_post_sidebar_id":"","_kad_post_content_style":"default","_kad_post_vertical_padding":"default","_kad_post_feature":"","_kad_post_feature_position":"","_kad_post_header":false,"_kad_post_footer":false,"_kad_post_classname":""},"product_brand":[1415],"product_cat":[364],"product_tag":[367,1299,1301,1295,1302,643,1230,1186,452,1298,1300],"class_list":{"0":"post-23048","1":"product","2":"type-product","3":"status-publish","4":"has-post-thumbnail","6":"product_brand-mes-pochoirs","7":"product_cat-pochoirs-animaux","8":"product_tag-animal","9":"product_tag-cobra","10":"product_tag-danger","11":"product_tag-ecailles","12":"product_tag-enroule","13":"product_tag-jungle","14":"product_tag-predateur","15":"product_tag-reptile","16":"product_tag-sauvage","17":"product_tag-serpent","18":"product_tag-venin","20":"first","21":"instock","22":"taxable","23":"shipping-taxable","24":"purchasable","25":"product-type-variable","26":"entry","27":"content-bg","28":"loop-entry"},"taxonomy_info":{"product_brand":[{"value":1415,"label":"Mes Pochoirs"}],"product_cat":[{"value":364,"label":"Animaux"}],"product_tag":[{"value":367,"label":"animal"},{"value":1299,"label":"cobra"},{"value":1301,"label":"danger"},{"value":1295,"label":"\u00e9cailles"},{"value":1302,"label":"enroul\u00e9"},{"value":643,"label":"jungle"},{"value":1230,"label":"pr\u00e9dateur"},{"value":1186,"label":"reptile"},{"value":452,"label":"sauvage"},{"value":1298,"label":"serpent"},{"value":1300,"label":"venin"}]},"featured_image_src_large":["https:\/\/mes-pochoirs.com\/wp-content\/uploads\/2025\/04\/A0143-pochoir-serpent-copyright-mes-pochoirs-858x1030.jpg",858,1030,true],"author_info":[],"comment_info":0,"_links":{"self":[{"href":"https:\/\/mes-pochoirs.com\/en\/wp-json\/wp\/v2\/product\/23048","targetHints":{"allow":["GET"]}}],"collection":[{"href":"https:\/\/mes-pochoirs.com\/en\/wp-json\/wp\/v2\/product"}],"about":[{"href":"https:\/\/mes-pochoirs.com\/en\/wp-json\/wp\/v2\/types\/product"}],"replies":[{"embeddable":true,"href":"https:\/\/mes-pochoirs.com\/en\/wp-json\/wp\/v2\/comments?post=23048"}],"wp:featuredmedia":[{"embeddable":true,"href":"https:\/\/mes-pochoirs.com\/en\/wp-json\/wp\/v2\/media\/23067"}],"wp:attachment":[{"href":"https:\/\/mes-pochoirs.com\/en\/wp-json\/wp\/v2\/media?parent=23048"}],"wp:term":[{"taxonomy":"product_brand","embeddable":true,"href":"https:\/\/mes-pochoirs.com\/en\/wp-json\/wp\/v2\/product_brand?post=23048"},{"taxonomy":"product_cat","embeddable":true,"href":"https:\/\/mes-pochoirs.com\/en\/wp-json\/wp\/v2\/product_cat?post=23048"},{"taxonomy":"product_tag","embeddable":true,"href":"https:\/\/mes-pochoirs.com\/en\/wp-json\/wp\/v2\/product_tag?post=23048"}],"curies":[{"name":"wp","href":"https:\/\/api.w.org\/{rel}","templated":true}]}}