{"id":25899,"date":"2025-05-15T11:48:52","date_gmt":"2025-05-15T09:48:52","guid":{"rendered":"https:\/\/mes-pochoirs.com\/?post_type=product&#038;p=25899"},"modified":"2025-10-31T12:37:39","modified_gmt":"2025-10-31T11:37:39","slug":"stencil-woman-warrior-face-fas007","status":"publish","type":"product","link":"https:\/\/mes-pochoirs.com\/en\/produit\/pochoir-visage-de-femme-guerriere-fas007","title":{"rendered":"Female warrior face stencil - FAS007"},"content":{"rendered":"<h2>Female warrior face stencil<\/h2>\n<h3>The silent intensity of a look<\/h3>\n<p><strong>Female warrior face stencil<\/strong>This model reveals a striking female portrait, centred on the expression of the eyes and lips. The subtly fragmented Amerindian face gives an impression of immediate, almost unsettling presence. The intensity of the gaze evokes the determination, memory and identity of an Indian warrior, at once gentle and invincible. This minimalist composition leaves plenty of room for interpretation. Behind these partial features lies a silent Amerindian legend, a strong indigenous figure, worthy heir to an ancestral world. This stencil captures a suspended moment, like an emotion held back, an inner voice from North America, ready to express itself through your creations.<\/p>\n<h3>A modern, refined and meaningful style<\/h3>\n<p><strong>Female warrior face stencil<\/strong>It's an inspiring graphic tool designed for artists who like to play with contrast and suggestion. With its fine cut, it creates a strong visual effect while leaving you free to project your own artistic vision. It's ideal for painting, modern pictures, murals or textiles. Reusable, reversible and available in several sizes, this stencil is perfect for ethnic, tribal or Native American art. The warrior's face is not static: it lives and adapts to each work. It will add a powerful narrative dimension to your compositions, imbued with freedom, heritage and authenticity.<\/p>","protected":false},"excerpt":{"rendered":"<p><strong data-start=\"1172\" data-end=\"1209\">Female warrior face stencil<\/strong>Add an ethnic touch to your paintings. Reusable, various formats, expressive design.<\/p>","protected":false},"featured_media":25915,"comment_status":"open","ping_status":"closed","template":"","meta":{"bwfblock_default_font":"","_kad_blocks_custom_css":"","_kad_blocks_head_custom_js":"","_kad_blocks_body_custom_js":"","_kad_blocks_footer_custom_js":"","_kadence_starter_templates_imported_post":false,"_kad_post_transparent":"default","_kad_post_title":"","_kad_post_layout":"default","_kad_post_sidebar_id":"","_kad_post_content_style":"default","_kad_post_vertical_padding":"default","_kad_post_feature":"","_kad_post_feature_position":"","_kad_post_header":false,"_kad_post_footer":false,"_kad_post_classname":""},"product_brand":[1415],"product_cat":[1385,481,36,328],"product_tag":[1397,1181,1392,1391,1395,1394,1172,1398,1396,390,1388,1399],"class_list":{"0":"post-25899","1":"product","2":"type-product","3":"status-publish","4":"has-post-thumbnail","6":"product_brand-mes-pochoirs","7":"product_cat-feathers-and-silence","8":"product_cat-collections","9":"product_cat-pochoirs-portraits-visages","10":"product_cat-pochoirs-street-art","11":"product_tag-amerique-du-nord","12":"product_tag-ancestral","13":"product_tag-art-amerindien","14":"product_tag-art-tribal","15":"product_tag-autochtone","16":"product_tag-coiffe-a-plumes","17":"product_tag-ethnique","18":"product_tag-indienne","19":"product_tag-legende-amerindienne","20":"product_tag-portrait","21":"product_tag-visage-amerindien","22":"product_tag-visage-de-guerriere","24":"first","25":"instock","26":"taxable","27":"shipping-taxable","28":"purchasable","29":"product-type-variable","30":"entry","31":"content-bg","32":"loop-entry"},"taxonomy_info":{"product_brand":[{"value":1415,"label":"Mes Pochoirs"}],"product_cat":[{"value":1385,"label":"Feathers and Silence"},{"value":481,"label":"Collections"},{"value":36,"label":"Portraits &amp; Visages"},{"value":328,"label":"Street Art"}],"product_tag":[{"value":1397,"label":"Am\u00e9rique du Nord"},{"value":1181,"label":"ancestral"},{"value":1392,"label":"art am\u00e9rindien"},{"value":1391,"label":"art tribal"},{"value":1395,"label":"autochtone"},{"value":1394,"label":"coiffe \u00e0 plumes"},{"value":1172,"label":"ethnique"},{"value":1398,"label":"indienne"},{"value":1396,"label":"l\u00e9gende am\u00e9rindienne"},{"value":390,"label":"portrait"},{"value":1388,"label":"visage am\u00e9rindien"},{"value":1399,"label":"visage de guerriere"}]},"featured_image_src_large":["https:\/\/mes-pochoirs.com\/wp-content\/uploads\/2025\/05\/FAS007-pochoir-collection-feathers-and-silence-copyright-mes-pochoirs-858x1030.jpg",858,1030,true],"author_info":[],"comment_info":1,"_links":{"self":[{"href":"https:\/\/mes-pochoirs.com\/en\/wp-json\/wp\/v2\/product\/25899","targetHints":{"allow":["GET"]}}],"collection":[{"href":"https:\/\/mes-pochoirs.com\/en\/wp-json\/wp\/v2\/product"}],"about":[{"href":"https:\/\/mes-pochoirs.com\/en\/wp-json\/wp\/v2\/types\/product"}],"replies":[{"embeddable":true,"href":"https:\/\/mes-pochoirs.com\/en\/wp-json\/wp\/v2\/comments?post=25899"}],"wp:featuredmedia":[{"embeddable":true,"href":"https:\/\/mes-pochoirs.com\/en\/wp-json\/wp\/v2\/media\/25915"}],"wp:attachment":[{"href":"https:\/\/mes-pochoirs.com\/en\/wp-json\/wp\/v2\/media?parent=25899"}],"wp:term":[{"taxonomy":"product_brand","embeddable":true,"href":"https:\/\/mes-pochoirs.com\/en\/wp-json\/wp\/v2\/product_brand?post=25899"},{"taxonomy":"product_cat","embeddable":true,"href":"https:\/\/mes-pochoirs.com\/en\/wp-json\/wp\/v2\/product_cat?post=25899"},{"taxonomy":"product_tag","embeddable":true,"href":"https:\/\/mes-pochoirs.com\/en\/wp-json\/wp\/v2\/product_tag?post=25899"}],"curies":[{"name":"wp","href":"https:\/\/api.w.org\/{rel}","templated":true}]}}