{"id":27169,"date":"2025-06-19T10:13:32","date_gmt":"2025-06-19T08:13:32","guid":{"rendered":"https:\/\/mes-pochoirs.com\/?post_type=product&#038;p=27169"},"modified":"2025-10-31T12:40:22","modified_gmt":"2025-10-31T11:40:22","slug":"no-bombs-panel-stencil-u0016","status":"publish","type":"product","link":"https:\/\/mes-pochoirs.com\/en\/produit\/pochoir-panneau-no-bombs-u0016","title":{"rendered":"No Bombs\" Stencil Panel - U0016"},"content":{"rendered":"<h2>\ud83d\udca3 No Bombs Stencil Panel<\/h2>\n<p><strong>Stencil Panel No Bombs<\/strong>- This powerful visual represents a stylised bomb crossed by a circle of prohibition, instantly inviting people to think about peace and disarmament. By applying this stencil to an urban wall, a modern canvas or a piece of customised furniture, you can transform any surface into an artistic manifesto against violence. The clear, universal icon captures attention, sparks conversation and infuses your creations with a humanist dimension full of hope; a simple gesture that suggests a future free of explosive threats and celebrates committed creativity.<\/p>\n<p><strong>Stencil Panel No Bombs<\/strong> - Inspired by the visual language of road signs and street art, this design combines instant legibility with clean lines. The motif, deliberately bold and dynamic, lends itself equally well to XXL frescoes and more intimate DIY projects, while guaranteeing a clean finish from the very first spray or roller application. Its minimalist aesthetic emphasises the power of the symbol: your works gain in modernity, contrast and character, while remaining easy to create, even for an express project. Reusable, high-quality, reversible and available in several sizes, this stencil is the ideal creative ally for painters, decorators and customisation enthusiasts.<\/p>","protected":false},"excerpt":{"rendered":"<p><strong>No Bombs\" Stencil Panel<\/strong> for artists and DIY creators. High quality, reusable, reversible, perfect for any creation or painting.<\/p>","protected":false},"featured_media":27257,"comment_status":"open","ping_status":"closed","template":"","meta":{"bwfblock_default_font":"","_kad_blocks_custom_css":"","_kad_blocks_head_custom_js":"","_kad_blocks_body_custom_js":"","_kad_blocks_footer_custom_js":"","_kadence_starter_templates_imported_post":false,"_kad_post_transparent":"default","_kad_post_title":"","_kad_post_layout":"default","_kad_post_sidebar_id":"","_kad_post_content_style":"default","_kad_post_vertical_padding":"default","_kad_post_feature":"","_kad_post_feature_position":"","_kad_post_header":false,"_kad_post_footer":false,"_kad_post_classname":""},"product_brand":[1415],"product_cat":[273,328,315],"product_tag":[1462,1069,1453,1223,285,1072,1491,1064,275,1461,1454,319,274,1452,1456,1463,1455,324,286],"class_list":{"0":"post-27169","1":"product","2":"type-product","3":"status-publish","4":"has-post-thumbnail","6":"product_brand-mes-pochoirs","7":"product_cat-pochoirs-urbains","8":"product_cat-pochoirs-street-art","9":"product_cat-pochoirs-symboles","10":"product_tag-antibombe","11":"product_tag-bombe","12":"product_tag-desarmement","13":"product_tag-engagement","14":"product_tag-graffiti","15":"product_tag-impact","16":"product_tag-interdit","17":"product_tag-liberte","18":"product_tag-message","19":"product_tag-opposition","20":"product_tag-pacifisme","21":"product_tag-paix","22":"product_tag-panneau","23":"product_tag-protestation","24":"product_tag-revendication","25":"product_tag-securite","26":"product_tag-signaletique","27":"product_tag-symbole","28":"product_tag-urbain","30":"first","31":"instock","32":"taxable","33":"shipping-taxable","34":"purchasable","35":"product-type-variable","36":"has-default-attributes","37":"entry","38":"content-bg","39":"loop-entry"},"taxonomy_info":{"product_brand":[{"value":1415,"label":"Mes Pochoirs"}],"product_cat":[{"value":273,"label":"Urbains"},{"value":328,"label":"Street Art"},{"value":315,"label":"Symboles"}],"product_tag":[{"value":1462,"label":"antibombe"},{"value":1069,"label":"bombe"},{"value":1453,"label":"d\u00e9sarmement"},{"value":1223,"label":"engagement"},{"value":285,"label":"graffiti"},{"value":1072,"label":"impact"},{"value":1491,"label":"interdit"},{"value":1064,"label":"Libert\u00e9"},{"value":275,"label":"message"},{"value":1461,"label":"opposition"},{"value":1454,"label":"pacifisme"},{"value":319,"label":"paix"},{"value":274,"label":"Panneau"},{"value":1452,"label":"protestation"},{"value":1456,"label":"revendication"},{"value":1463,"label":"s\u00e9curit\u00e9"},{"value":1455,"label":"signal\u00e9tique"},{"value":324,"label":"symbole"},{"value":286,"label":"urbain"}]},"featured_image_src_large":["https:\/\/mes-pochoirs.com\/wp-content\/uploads\/2025\/06\/U0016-pochoir-panneau-no-bombs-copyright-mes-pochoirs-858x1030.jpg",858,1030,true],"author_info":[],"comment_info":0,"_links":{"self":[{"href":"https:\/\/mes-pochoirs.com\/en\/wp-json\/wp\/v2\/product\/27169","targetHints":{"allow":["GET"]}}],"collection":[{"href":"https:\/\/mes-pochoirs.com\/en\/wp-json\/wp\/v2\/product"}],"about":[{"href":"https:\/\/mes-pochoirs.com\/en\/wp-json\/wp\/v2\/types\/product"}],"replies":[{"embeddable":true,"href":"https:\/\/mes-pochoirs.com\/en\/wp-json\/wp\/v2\/comments?post=27169"}],"wp:featuredmedia":[{"embeddable":true,"href":"https:\/\/mes-pochoirs.com\/en\/wp-json\/wp\/v2\/media\/27257"}],"wp:attachment":[{"href":"https:\/\/mes-pochoirs.com\/en\/wp-json\/wp\/v2\/media?parent=27169"}],"wp:term":[{"taxonomy":"product_brand","embeddable":true,"href":"https:\/\/mes-pochoirs.com\/en\/wp-json\/wp\/v2\/product_brand?post=27169"},{"taxonomy":"product_cat","embeddable":true,"href":"https:\/\/mes-pochoirs.com\/en\/wp-json\/wp\/v2\/product_cat?post=27169"},{"taxonomy":"product_tag","embeddable":true,"href":"https:\/\/mes-pochoirs.com\/en\/wp-json\/wp\/v2\/product_tag?post=27169"}],"curies":[{"name":"wp","href":"https:\/\/api.w.org\/{rel}","templated":true}]}}