{"id":35461,"date":"2026-04-02T09:36:32","date_gmt":"2026-04-02T07:36:32","guid":{"rendered":"https:\/\/mes-pochoirs.com\/?post_type=product&#038;p=35461"},"modified":"2026-05-17T07:57:03","modified_gmt":"2026-05-17T05:57:03","slug":"marilyn-bubble-gum-stencil","status":"publish","type":"product","link":"https:\/\/mes-pochoirs.com\/en\/produit\/pochoir-marylin-bubble-gum","title":{"rendered":"Marilyn Bubble Gum Stencil"},"content":{"rendered":"<h2>Marilyn Bubble Gum Stencil<\/h2>\n<p>You recognize her in an instant. But here, she's playing with her image.<\/p>\n<p>Behind the sunglasses, the glamorous icon takes a step back, revealing a freer, more daring attitude. A bubble of chewing gum bursts the norms, a cheeky nod to everything she represents.<\/p>\n<p>Balancing glamour and nonchalance, this visual plays with contrasts. It breaks the static image, transforming it into a more modern, accessible, almost irreverent version.<\/p>\n<p>This Marilyn Bubble Gum Stencil reimagines a legendary figure with a light touch. Less untouchable, more alive. Less perfect, more cool.<\/p>\n<p>With the Bubble Gum Attitude collection, icons take a step back... and gain much more freedom. They let loose, have fun with their image, and aren't afraid to break the mold.<\/p>\n<p>The chewing gum becomes almost a game. An unexpected detail that changes everything, bringing fun, style, and that quirky touch that immediately catches the eye.<\/p>\n<p>Each visual is designed to catch attention without overdoing it. It works instantly. It's cool, confident, and brings a smile.<\/p>","protected":false},"excerpt":{"rendered":"<p>We all know her... but not like this. Marilyn in bubble gum style\u2014lighter, more offbeat, with just the right attitude to stand out.<\/p>","protected":false},"featured_media":35462,"comment_status":"open","ping_status":"closed","template":"","meta":{"bwfblock_default_font":"","_kad_blocks_custom_css":"","_kad_blocks_head_custom_js":"","_kad_blocks_body_custom_js":"","_kad_blocks_footer_custom_js":"","_kadence_starter_templates_imported_post":false,"_kad_post_transparent":"default","_kad_post_title":"","_kad_post_layout":"default","_kad_post_sidebar_id":"","_kad_post_content_style":"default","_kad_post_vertical_padding":"default","_kad_post_feature":"","_kad_post_feature_position":"","_kad_post_header":false,"_kad_post_footer":false,"_kad_post_classname":""},"product_brand":[1415],"product_cat":[2058,481,732,332,36,328],"product_tag":[2060,322,557,607,471,360,2062],"class_list":{"0":"post-35461","1":"product","2":"type-product","3":"status-publish","4":"has-post-thumbnail","6":"product_brand-mes-pochoirs","7":"product_cat-bubble-gum-attitude","8":"product_cat-collections","9":"product_cat-pochoirs-icones-celebrites","10":"product_cat-pochoirs-pop-art","11":"product_cat-pochoirs-portraits-visages","12":"product_cat-pochoirs-street-art","13":"product_tag-chewing-gum","14":"product_tag-cool","15":"product_tag-fun","16":"product_tag-glamour","17":"product_tag-icone","18":"product_tag-lunettes-de-soleil","19":"product_tag-marylin-monroe","21":"first","22":"instock","23":"taxable","24":"shipping-taxable","25":"purchasable","26":"product-type-variable","27":"entry","28":"content-bg","29":"loop-entry"},"taxonomy_info":{"product_brand":[{"value":1415,"label":"Mes Pochoirs"}],"product_cat":[{"value":2058,"label":"Bubble Gum Attitude"},{"value":481,"label":"Collections"},{"value":732,"label":"Ic\u00f4nes &amp; C\u00e9l\u00e9brit\u00e9s"},{"value":332,"label":"Pop Art"},{"value":36,"label":"Portraits &amp; Visages"},{"value":328,"label":"Street Art"}],"product_tag":[{"value":2060,"label":"chewing-gum"},{"value":322,"label":"cool"},{"value":557,"label":"Fun"},{"value":607,"label":"glamour"},{"value":471,"label":"icone"},{"value":360,"label":"lunettes de soleil"},{"value":2062,"label":"Marylin Monroe"}]},"featured_image_src_large":["https:\/\/mes-pochoirs.com\/wp-content\/uploads\/2026\/03\/BBG001-pochoir-collection-bubble-gum-copyright-mes-pochoirs-858x1030.jpg",858,1030,true],"author_info":[],"comment_info":0,"_links":{"self":[{"href":"https:\/\/mes-pochoirs.com\/en\/wp-json\/wp\/v2\/product\/35461","targetHints":{"allow":["GET"]}}],"collection":[{"href":"https:\/\/mes-pochoirs.com\/en\/wp-json\/wp\/v2\/product"}],"about":[{"href":"https:\/\/mes-pochoirs.com\/en\/wp-json\/wp\/v2\/types\/product"}],"replies":[{"embeddable":true,"href":"https:\/\/mes-pochoirs.com\/en\/wp-json\/wp\/v2\/comments?post=35461"}],"wp:featuredmedia":[{"embeddable":true,"href":"https:\/\/mes-pochoirs.com\/en\/wp-json\/wp\/v2\/media\/35462"}],"wp:attachment":[{"href":"https:\/\/mes-pochoirs.com\/en\/wp-json\/wp\/v2\/media?parent=35461"}],"wp:term":[{"taxonomy":"product_brand","embeddable":true,"href":"https:\/\/mes-pochoirs.com\/en\/wp-json\/wp\/v2\/product_brand?post=35461"},{"taxonomy":"product_cat","embeddable":true,"href":"https:\/\/mes-pochoirs.com\/en\/wp-json\/wp\/v2\/product_cat?post=35461"},{"taxonomy":"product_tag","embeddable":true,"href":"https:\/\/mes-pochoirs.com\/en\/wp-json\/wp\/v2\/product_tag?post=35461"}],"curies":[{"name":"wp","href":"https:\/\/api.w.org\/{rel}","templated":true}]}}