{"id":36524,"date":"2026-04-23T15:59:36","date_gmt":"2026-04-23T13:59:36","guid":{"rendered":"https:\/\/mes-pochoirs.com\/?post_type=product&#038;p=36524"},"modified":"2026-04-23T15:59:39","modified_gmt":"2026-04-23T13:59:39","slug":"cosmic-helmet-stencil","status":"publish","type":"product","link":"https:\/\/mes-pochoirs.com\/en\/produit\/pochoir-casque-cosmique","title":{"rendered":"Cosmic helmet stencil"},"content":{"rendered":"<h2>Cosmic helmet stencil<\/h2>\n<p>Ce pochoir met en avant un \u00e9l\u00e9ment embl\u00e9matique : le casque d\u2019astronaute.<br \/>\nSans contexte impos\u00e9, il devient un symbole universel d\u2019exploration, de projection et de myst\u00e8re.<\/p>\n<p>The tight framing enhances its visual impact. The focus is not on a character but on an idea: infinity, travel, and what lies beyond the frame.<\/p>\n<p>Every detail of the helmet adds depth and allows for playing with contrasts, textures, and material effects. Depending on the colors used, the result can be minimalist, futuristic, or more expressive.<\/p>\n<p>Perfect for creating a contemporary, graphic, or space-inspired atmosphere, this image works well on its own or as part of a larger composition.<\/p>","protected":false},"excerpt":{"rendered":"<p>Un casque d\u2019astronaute en gros plan, symbole imm\u00e9diat d\u2019exploration et d\u2019infini.<br \/>\nUn visuel iconique qui capte le regard et transforme n\u2019importe quelle surface en projection spatiale.<\/p>","protected":false},"featured_media":36525,"comment_status":"open","ping_status":"closed","template":"","meta":{"bwfblock_default_font":"","_kad_blocks_custom_css":"","_kad_blocks_head_custom_js":"","_kad_blocks_body_custom_js":"","_kad_blocks_footer_custom_js":"","_kadence_starter_templates_imported_post":false,"_kad_post_transparent":"default","_kad_post_title":"","_kad_post_layout":"default","_kad_post_sidebar_id":"","_kad_post_content_style":"default","_kad_post_vertical_padding":"default","_kad_post_feature":"","_kad_post_feature_position":"","_kad_post_header":false,"_kad_post_footer":false,"_kad_post_classname":""},"product_brand":[1415],"product_cat":[2033,332],"product_tag":[391,410,1947,392,1100],"class_list":{"0":"post-36524","1":"product","2":"type-product","3":"status-publish","4":"has-post-thumbnail","6":"product_brand-mes-pochoirs","7":"product_cat-pochoirs-univers-spatial","8":"product_cat-pochoirs-pop-art","9":"product_tag-astronaute","10":"product_tag-casque","11":"product_tag-creativite","12":"product_tag-espace","13":"product_tag-science-fiction","15":"first","16":"instock","17":"sale","18":"taxable","19":"shipping-taxable","20":"purchasable","21":"product-type-variable","22":"entry","23":"content-bg","24":"loop-entry"},"taxonomy_info":{"product_brand":[{"value":1415,"label":"Mes Pochoirs"}],"product_cat":[{"value":2033,"label":"Univers Spatial"},{"value":332,"label":"Pop Art"}],"product_tag":[{"value":391,"label":"astronaute"},{"value":410,"label":"casque"},{"value":1947,"label":"cr\u00e9ativit\u00e9"},{"value":392,"label":"espace"},{"value":1100,"label":"science-fiction"}]},"featured_image_src_large":["https:\/\/mes-pochoirs.com\/wp-content\/uploads\/2026\/04\/US0003-pochoir-astronaute-copyright-mes-pochoirs-858x1030.jpg",858,1030,true],"author_info":[],"comment_info":0,"_links":{"self":[{"href":"https:\/\/mes-pochoirs.com\/en\/wp-json\/wp\/v2\/product\/36524","targetHints":{"allow":["GET"]}}],"collection":[{"href":"https:\/\/mes-pochoirs.com\/en\/wp-json\/wp\/v2\/product"}],"about":[{"href":"https:\/\/mes-pochoirs.com\/en\/wp-json\/wp\/v2\/types\/product"}],"replies":[{"embeddable":true,"href":"https:\/\/mes-pochoirs.com\/en\/wp-json\/wp\/v2\/comments?post=36524"}],"wp:featuredmedia":[{"embeddable":true,"href":"https:\/\/mes-pochoirs.com\/en\/wp-json\/wp\/v2\/media\/36525"}],"wp:attachment":[{"href":"https:\/\/mes-pochoirs.com\/en\/wp-json\/wp\/v2\/media?parent=36524"}],"wp:term":[{"taxonomy":"product_brand","embeddable":true,"href":"https:\/\/mes-pochoirs.com\/en\/wp-json\/wp\/v2\/product_brand?post=36524"},{"taxonomy":"product_cat","embeddable":true,"href":"https:\/\/mes-pochoirs.com\/en\/wp-json\/wp\/v2\/product_cat?post=36524"},{"taxonomy":"product_tag","embeddable":true,"href":"https:\/\/mes-pochoirs.com\/en\/wp-json\/wp\/v2\/product_tag?post=36524"}],"curies":[{"name":"wp","href":"https:\/\/api.w.org\/{rel}","templated":true}]}}