{"id":37536,"date":"2026-05-01T10:59:43","date_gmt":"2026-05-01T08:59:43","guid":{"rendered":"https:\/\/mes-pochoirs.com\/?post_type=product&#038;p=37536"},"modified":"2026-05-01T10:59:46","modified_gmt":"2026-05-01T08:59:46","slug":"vintage-van-stencil","status":"publish","type":"product","link":"https:\/\/mes-pochoirs.com\/en\/produit\/pochoir-van-vintage","title":{"rendered":"vintage van stencil"},"content":{"rendered":"<h2>vintage van stencil<\/h2>\n<p>It all begins here.<\/p>\n<p>Ce van vintage embl\u00e9matique est bien plus qu\u2019un simple visuel, il incarne une sensation imm\u00e9diate de libert\u00e9 et un esprit d&#8217;aventure. Une envie de partir, sans plan pr\u00e9cis, juste avec la musique en fond et l\u2019horizon devant soi.<\/p>\n<p>Its design captures this unique spirit. The vehicle's iconic lines contrast with dynamic colors that bring it to life. The combination creates an image that is both bold and light, capable of transforming the ambiance of a space in an instant.<\/p>\n<p>There's something profoundly soothing about this pattern. A relaxed, almost sunny energy that recalls impromptu trips, simple moments, and lasting memories.<\/p>\n<p>On a wall, it doesn't just exist. It opens up perspective. It evokes movement, escape, and creativity. It fits naturally into a modern interior or a more rustic space, always bringing a touch of freedom.<\/p>\n<p>Its retro and timeless style suits a variety of artistic projects. It speaks to those who love to breathe, create, and move at their own pace.<\/p>","protected":false},"excerpt":{"rendered":"<p>An iconic van reimagined with vibrant colors and a free spirit. This stencil creates a cool, vintage atmosphere with a sense of escape.<\/p>","protected":false},"featured_media":37537,"comment_status":"open","ping_status":"closed","template":"","meta":{"bwfblock_default_font":"","_kad_blocks_custom_css":"","_kad_blocks_head_custom_js":"","_kad_blocks_body_custom_js":"","_kad_blocks_footer_custom_js":"","_kadence_starter_templates_imported_post":false,"_kad_post_transparent":"default","_kad_post_title":"","_kad_post_layout":"default","_kad_post_sidebar_id":"","_kad_post_content_style":"default","_kad_post_vertical_padding":"default","_kad_post_feature":"","_kad_post_feature_position":"","_kad_post_header":false,"_kad_post_footer":false,"_kad_post_classname":""},"product_brand":[1415],"product_cat":[971],"product_tag":[751,2089,525,2088,231,1245],"class_list":{"0":"post-37536","1":"product","2":"type-product","3":"status-publish","4":"has-post-thumbnail","6":"product_brand-mes-pochoirs","7":"product_cat-pochoirs-univers-mecanique","8":"product_tag-aventure","9":"product_tag-combi","10":"product_tag-retro","11":"product_tag-van","12":"product_tag-vintage","13":"product_tag-voyage","15":"first","16":"instock","17":"sale","18":"taxable","19":"shipping-taxable","20":"purchasable","21":"product-type-variable","22":"entry","23":"content-bg","24":"loop-entry"},"taxonomy_info":{"product_brand":[{"value":1415,"label":"Mes Pochoirs"}],"product_cat":[{"value":971,"label":"Univers M\u00e9canique"}],"product_tag":[{"value":751,"label":"aventure"},{"value":2089,"label":"combi"},{"value":525,"label":"r\u00e9tro"},{"value":2088,"label":"van"},{"value":231,"label":"vintage"},{"value":1245,"label":"voyage"}]},"featured_image_src_large":["https:\/\/mes-pochoirs.com\/wp-content\/uploads\/2026\/05\/UM0040-pochoir-van-vintage-copyright-mes-pochoirs-858x1030.jpg",858,1030,true],"author_info":[],"comment_info":0,"_links":{"self":[{"href":"https:\/\/mes-pochoirs.com\/en\/wp-json\/wp\/v2\/product\/37536","targetHints":{"allow":["GET"]}}],"collection":[{"href":"https:\/\/mes-pochoirs.com\/en\/wp-json\/wp\/v2\/product"}],"about":[{"href":"https:\/\/mes-pochoirs.com\/en\/wp-json\/wp\/v2\/types\/product"}],"replies":[{"embeddable":true,"href":"https:\/\/mes-pochoirs.com\/en\/wp-json\/wp\/v2\/comments?post=37536"}],"wp:featuredmedia":[{"embeddable":true,"href":"https:\/\/mes-pochoirs.com\/en\/wp-json\/wp\/v2\/media\/37537"}],"wp:attachment":[{"href":"https:\/\/mes-pochoirs.com\/en\/wp-json\/wp\/v2\/media?parent=37536"}],"wp:term":[{"taxonomy":"product_brand","embeddable":true,"href":"https:\/\/mes-pochoirs.com\/en\/wp-json\/wp\/v2\/product_brand?post=37536"},{"taxonomy":"product_cat","embeddable":true,"href":"https:\/\/mes-pochoirs.com\/en\/wp-json\/wp\/v2\/product_cat?post=37536"},{"taxonomy":"product_tag","embeddable":true,"href":"https:\/\/mes-pochoirs.com\/en\/wp-json\/wp\/v2\/product_tag?post=37536"}],"curies":[{"name":"wp","href":"https:\/\/api.w.org\/{rel}","templated":true}]}}