{"id":37552,"date":"2026-05-01T11:19:41","date_gmt":"2026-05-01T09:19:41","guid":{"rendered":"https:\/\/mes-pochoirs.com\/?post_type=product&#038;p=37552"},"modified":"2026-05-01T11:19:44","modified_gmt":"2026-05-01T09:19:44","slug":"formula-1-stencil","status":"publish","type":"product","link":"https:\/\/mes-pochoirs.com\/en\/produit\/pochoir-formule-1","title":{"rendered":"Formula 1 Stencil"},"content":{"rendered":"<h2>Formula 1 Stencil<\/h2>\n<p>Here, it's all about tension.<\/p>\n<p>The line is low, stretched, ready to slice through the air. You can almost hear the engine's roar, feel the pressure, the driver's absolute focus. Every detail speaks of performance, mastery, and high standards.<\/p>\n<p>Ce visuel capture l&#8217;\u00e9nergie et l\u2019essence de la course : aller plus vite, plus loin, avec une pr\u00e9cision millim\u00e9tr\u00e9e. Il ne s\u2019agit pas seulement de vitesse, mais de contr\u00f4le. D\u2019\u00e9quilibre entre puissance et finesse.<\/p>\n<p>The design plays with sharp contrasts and dynamic lines that give an immediate sense of movement. Even when still, the race car seems in motion. Your eye naturally follows its curves, drawn forward.<\/p>\n<p>Sur un mur, ce pochoir change le rythme d\u2019un espace. Il apporte une \u00e9nergie directe, une tension visuelle qui dynamise l\u2019ensemble sans l\u2019alourdir. Parfait dans un bureau, un garage, un atelier ou un int\u00e9rieur moderne, il affirme une passion pour la m\u00e9canique et la performance. R\u00e9versible et r\u00e9utilisable, ce pochoir est un outil polyvalent pour l&#8217;artiste cherchant \u00e0 capturer le dynamisme et la passion de la course automobile.<\/p>\n<p>C\u2019est une pi\u00e8ce qui ne ralentit jamais.<br \/>\nM\u00eame \u00e0 l\u2019arr\u00eat.<\/p>","protected":false},"excerpt":{"rendered":"<p>Une monoplace captur\u00e9e en pleine action. Ce pochoir apporte vitesse, pr\u00e9cision et \u00e9nergie \u00e0 votre d\u00e9coration. Parfait pour les amateurs de sport automobile et d&#8217;art dynamique.<\/p>","protected":false},"featured_media":37553,"comment_status":"open","ping_status":"closed","template":"","meta":{"bwfblock_default_font":"","_kad_blocks_custom_css":"","_kad_blocks_head_custom_js":"","_kad_blocks_body_custom_js":"","_kad_blocks_footer_custom_js":"","_kadence_starter_templates_imported_post":false,"_kad_post_transparent":"default","_kad_post_title":"","_kad_post_layout":"default","_kad_post_sidebar_id":"","_kad_post_content_style":"default","_kad_post_vertical_padding":"default","_kad_post_feature":"","_kad_post_feature_position":"","_kad_post_header":false,"_kad_post_footer":false,"_kad_post_classname":""},"product_brand":[1415],"product_cat":[971,1713],"product_tag":[812,811,1557,827,828,809,810,814,813],"class_list":{"0":"post-37552","1":"product","2":"type-product","3":"status-publish","4":"has-post-thumbnail","6":"product_brand-mes-pochoirs","7":"product_cat-pochoirs-univers-mecanique","8":"product_cat-pochoirs-voitures","9":"product_tag-circuit","10":"product_tag-course","11":"product_tag-dynamisme","12":"product_tag-f1","13":"product_tag-formule-1","14":"product_tag-pilote","15":"product_tag-sport-automobile","16":"product_tag-vitesse","17":"product_tag-voiture","19":"first","20":"instock","21":"sale","22":"taxable","23":"shipping-taxable","24":"purchasable","25":"product-type-variable","26":"entry","27":"content-bg","28":"loop-entry"},"taxonomy_info":{"product_brand":[{"value":1415,"label":"Mes Pochoirs"}],"product_cat":[{"value":971,"label":"Univers M\u00e9canique"},{"value":1713,"label":"Voitures"}],"product_tag":[{"value":812,"label":"circuit"},{"value":811,"label":"course"},{"value":1557,"label":"Dynamisme"},{"value":827,"label":"F1"},{"value":828,"label":"formule 1"},{"value":809,"label":"pilote"},{"value":810,"label":"sport automobile"},{"value":814,"label":"vitesse"},{"value":813,"label":"voiture"}]},"featured_image_src_large":["https:\/\/mes-pochoirs.com\/wp-content\/uploads\/2026\/05\/UM0036-pochoir-voiture-course-copyright-mes-pochoirs-858x1030.jpg",858,1030,true],"author_info":[],"comment_info":0,"_links":{"self":[{"href":"https:\/\/mes-pochoirs.com\/en\/wp-json\/wp\/v2\/product\/37552","targetHints":{"allow":["GET"]}}],"collection":[{"href":"https:\/\/mes-pochoirs.com\/en\/wp-json\/wp\/v2\/product"}],"about":[{"href":"https:\/\/mes-pochoirs.com\/en\/wp-json\/wp\/v2\/types\/product"}],"replies":[{"embeddable":true,"href":"https:\/\/mes-pochoirs.com\/en\/wp-json\/wp\/v2\/comments?post=37552"}],"wp:featuredmedia":[{"embeddable":true,"href":"https:\/\/mes-pochoirs.com\/en\/wp-json\/wp\/v2\/media\/37553"}],"wp:attachment":[{"href":"https:\/\/mes-pochoirs.com\/en\/wp-json\/wp\/v2\/media?parent=37552"}],"wp:term":[{"taxonomy":"product_brand","embeddable":true,"href":"https:\/\/mes-pochoirs.com\/en\/wp-json\/wp\/v2\/product_brand?post=37552"},{"taxonomy":"product_cat","embeddable":true,"href":"https:\/\/mes-pochoirs.com\/en\/wp-json\/wp\/v2\/product_cat?post=37552"},{"taxonomy":"product_tag","embeddable":true,"href":"https:\/\/mes-pochoirs.com\/en\/wp-json\/wp\/v2\/product_tag?post=37552"}],"curies":[{"name":"wp","href":"https:\/\/api.w.org\/{rel}","templated":true}]}}