{"id":4149,"date":"2021-11-25T14:43:00","date_gmt":"2021-11-25T14:43:00","guid":{"rendered":"https:\/\/mes-pochoirs.com\/?post_type=product&#038;p=4149"},"modified":"2025-10-31T11:42:17","modified_gmt":"2025-10-31T10:42:17","slug":"dynamic-spiral-stencil-g0020","status":"publish","type":"product","link":"https:\/\/mes-pochoirs.com\/en\/produit\/pochoir-spirale-dynamique-g0020","title":{"rendered":"Dynamic Spiral Stencil - G0020"},"content":{"rendered":"<h2>Dynamic Spiral Stencil<\/h2>\n<p><strong>Dynamic Spiral Stencil<\/strong>A hypnotic, structured pattern that adds a contemporary, original touch to all your creations. Inspired by the natural forms of the spiral and the fascinating mathematical structures that repeat endlessly, this stencil has an elegant, flowing design that instantly catches the eye.<\/p>\n<p>The pattern is made up of intersecting curved lines that form a swirling movement around an open centre. The dynamic visual effect of the spiral gives an impression of depth, movement and lightness. This design can also evoke natural forms such as shells, sunflowers or fractal patterns found in sacred art and spiritual traditions.<\/p>\n<p>Thanks to its precision and versatility, this stencil is ideal for a multitude of creative projects. It can be used to decorate walls, give furniture a makeover, personalise objects, embellish canvas or textiles, and even be used in hobby or scrapbooking projects. Its balanced geometry blends perfectly with a wide range of decorative styles, from modern and minimalist to bohemian, zen or industrial.<\/p>\n<p>Easy to position and use, this stencil will give you clean, consistent results even if you're a beginner. You can combine it with other motifs for more complex compositions, or let it stand alone to create a striking focal point. This model can also be repeated to create a mural effect or to personalise large spaces.<\/p>\n<p>Whether you're an artist, decorator or DIY enthusiast, the \"Geometric Spiral\" stencil will become a real asset in your collection of creative tools, allowing you to easily transform any surface into a modern, graphic and refined work of art.<\/p>\n<p>\u00a0<\/p>","protected":false},"excerpt":{"rendered":"<p><strong>Dynamic spiral stencil<\/strong> ideal for decorating walls, furniture, objects and DIY projects with a hypnotic, modern and elegant design.<\/p>","protected":false},"featured_media":4159,"comment_status":"open","ping_status":"closed","template":"","meta":{"bwfblock_default_font":"","_kad_blocks_custom_css":"","_kad_blocks_head_custom_js":"","_kad_blocks_body_custom_js":"","_kad_blocks_footer_custom_js":"","_kadence_starter_templates_imported_post":false,"_kad_post_transparent":"default","_kad_post_title":"","_kad_post_layout":"default","_kad_post_sidebar_id":"","_kad_post_content_style":"default","_kad_post_vertical_padding":"default","_kad_post_feature":"","_kad_post_feature_position":"","_kad_post_header":false,"_kad_post_footer":false,"_kad_post_classname":""},"product_brand":[1415],"product_cat":[241],"product_tag":[676,232,675,521,333,1428,1256],"class_list":{"0":"post-4149","1":"product","2":"type-product","3":"status-publish","4":"has-post-thumbnail","6":"product_brand-mes-pochoirs","7":"product_cat-pochoirs-geometriques","8":"product_tag-contemporain","9":"product_tag-geometrique","10":"product_tag-moderne","11":"product_tag-motif","12":"product_tag-pop-art","13":"product_tag-tissage","14":"product_tag-zen","16":"first","17":"instock","18":"taxable","19":"shipping-taxable","20":"purchasable","21":"product-type-variable","22":"has-default-attributes","23":"entry","24":"content-bg","25":"loop-entry"},"taxonomy_info":{"product_brand":[{"value":1415,"label":"Mes Pochoirs"}],"product_cat":[{"value":241,"label":"G\u00e9om\u00e9triques"}],"product_tag":[{"value":676,"label":"contemporain"},{"value":232,"label":"g\u00e9om\u00e9trique"},{"value":675,"label":"moderne"},{"value":521,"label":"motif"},{"value":333,"label":"pop art"},{"value":1428,"label":"tissage"},{"value":1256,"label":"zen"}]},"featured_image_src_large":["https:\/\/mes-pochoirs.com\/wp-content\/uploads\/2021\/11\/G0020-pochoir-geometrique-mes-pochoirs-com-858x1030.jpg",858,1030,true],"author_info":[],"comment_info":0,"_links":{"self":[{"href":"https:\/\/mes-pochoirs.com\/en\/wp-json\/wp\/v2\/product\/4149","targetHints":{"allow":["GET"]}}],"collection":[{"href":"https:\/\/mes-pochoirs.com\/en\/wp-json\/wp\/v2\/product"}],"about":[{"href":"https:\/\/mes-pochoirs.com\/en\/wp-json\/wp\/v2\/types\/product"}],"replies":[{"embeddable":true,"href":"https:\/\/mes-pochoirs.com\/en\/wp-json\/wp\/v2\/comments?post=4149"}],"wp:featuredmedia":[{"embeddable":true,"href":"https:\/\/mes-pochoirs.com\/en\/wp-json\/wp\/v2\/media\/4159"}],"wp:attachment":[{"href":"https:\/\/mes-pochoirs.com\/en\/wp-json\/wp\/v2\/media?parent=4149"}],"wp:term":[{"taxonomy":"product_brand","embeddable":true,"href":"https:\/\/mes-pochoirs.com\/en\/wp-json\/wp\/v2\/product_brand?post=4149"},{"taxonomy":"product_cat","embeddable":true,"href":"https:\/\/mes-pochoirs.com\/en\/wp-json\/wp\/v2\/product_cat?post=4149"},{"taxonomy":"product_tag","embeddable":true,"href":"https:\/\/mes-pochoirs.com\/en\/wp-json\/wp\/v2\/product_tag?post=4149"}],"curies":[{"name":"wp","href":"https:\/\/api.w.org\/{rel}","templated":true}]}}