{"id":5605,"date":"2022-09-30T14:09:19","date_gmt":"2022-09-30T14:09:19","guid":{"rendered":"https:\/\/mes-pochoirs.com\/?post_type=product&#038;p=5605"},"modified":"2025-10-31T11:46:33","modified_gmt":"2025-10-31T10:46:33","slug":"pochoir-fleur-hippie-f0036","status":"publish","type":"product","link":"https:\/\/mes-pochoirs.com\/en\/produit\/pochoir-fleur-hippie-f0036","title":{"rendered":"Hippie Flower Stencil - F0036"},"content":{"rendered":"<h2>Hippie Flower Stencil<\/h2>\n<p>Le <strong>Hippie Flower Stencil<\/strong> incarne \u00e0 merveille l\u2019esprit joyeux et insouciant des ann\u00e9es 70. Symbole universel de paix, d\u2019amour et de libert\u00e9, cette fleur au design g\u00e9n\u00e9reux et arrondi \u00e9voque imm\u00e9diatement la douceur de vivre et les vibrations positives du mouvement hippie. Chaque p\u00e9tale d\u00e9ploie une simplicit\u00e9 po\u00e9tique qui invite \u00e0 la cr\u00e9ation sans contrainte, dans un \u00e9lan de spontan\u00e9it\u00e9 et de l\u00e9g\u00e8ret\u00e9.<\/p>\n<p>Id\u00e9al pour d\u00e9corer des tableaux, des murs, du mobilier ou des objets du quotidien, le <strong>Hippie Flower Stencil<\/strong> transporte vos \u0153uvres dans un univers boh\u00e8me, color\u00e9 et inspirant. Que ce soit pour donner vie \u00e0 une d\u00e9coration int\u00e9rieure chaleureuse ou pour personnaliser un projet cr\u00e9atif, ce pochoir saura apporter une touche unique et joyeuse \u00e0 toutes vos r\u00e9alisations.<\/p>\n<h3>Un style graphique simple et expressif pour une cr\u00e9ativit\u00e9 sans limite<\/h3>\n<p>Le <strong>Hippie Flower Stencil<\/strong> s\u00e9duit par son design \u00e9pur\u00e9 et son graphisme tout en rondeurs, parfait pour exprimer une cr\u00e9ativit\u00e9 libre et accessible \u00e0 tous. Son trac\u00e9 net et harmonieux facilite l&#8217;application sur une grande vari\u00e9t\u00e9 de supports : peinture murale, mobilier, toile ou textile. Ce motif intemporel s\u2019adapte aussi bien \u00e0 des compositions minimalistes qu\u2019\u00e0 des \u0153uvres hautes en couleurs et en \u00e9nergie.<\/p>\n<p>Reusable, reversible and available in several sizes, the <strong>Hippie Flower Stencil<\/strong> est con\u00e7u pour les artistes peintres, bricoleurs et passionn\u00e9s de d\u00e9coration qui souhaitent exprimer leur personnalit\u00e9 \u00e0 travers des cr\u00e9ations uniques. Sa haute qualit\u00e9 garantit des finitions parfaites, pour un rendu artistique soign\u00e9 qui respire la bonne humeur et l\u2019esprit boh\u00e8me.<\/p>","protected":false},"excerpt":{"rendered":"<p><strong>Hippie Flower Stencil<\/strong> pour peinture, tableau ou d\u00e9co boh\u00e8me. Haute qualit\u00e9, r\u00e9utilisable, r\u00e9versible, plusieurs tailles au choix.<\/p>","protected":false},"featured_media":5615,"comment_status":"open","ping_status":"closed","template":"","meta":{"bwfblock_default_font":"","_kad_blocks_custom_css":"","_kad_blocks_head_custom_js":"","_kad_blocks_body_custom_js":"","_kad_blocks_footer_custom_js":"","_kadence_starter_templates_imported_post":false,"_kad_post_transparent":"default","_kad_post_title":"","_kad_post_layout":"default","_kad_post_sidebar_id":"","_kad_post_content_style":"default","_kad_post_vertical_padding":"default","_kad_post_feature":"","_kad_post_feature_position":"","_kad_post_header":false,"_kad_post_footer":false,"_kad_post_classname":""},"product_brand":[1415],"product_cat":[51],"product_tag":[50,317,318],"class_list":{"0":"post-5605","1":"product","2":"type-product","3":"status-publish","4":"has-post-thumbnail","6":"product_brand-mes-pochoirs","7":"product_cat-pochoirs-fleurs","8":"product_tag-fleur","9":"product_tag-hippie","10":"product_tag-hippy","12":"first","13":"instock","14":"taxable","15":"shipping-taxable","16":"purchasable","17":"product-type-variable","18":"has-default-attributes","19":"entry","20":"content-bg","21":"loop-entry"},"taxonomy_info":{"product_brand":[{"value":1415,"label":"Mes Pochoirs"}],"product_cat":[{"value":51,"label":"Fleurs"}],"product_tag":[{"value":50,"label":"fleur"},{"value":317,"label":"hippie"},{"value":318,"label":"hippy"}]},"featured_image_src_large":["https:\/\/mes-pochoirs.com\/wp-content\/uploads\/2022\/09\/pochoir-fleur-hippie-mes-pochoirs-com-858x1030.jpg",858,1030,true],"author_info":[],"comment_info":0,"_links":{"self":[{"href":"https:\/\/mes-pochoirs.com\/en\/wp-json\/wp\/v2\/product\/5605","targetHints":{"allow":["GET"]}}],"collection":[{"href":"https:\/\/mes-pochoirs.com\/en\/wp-json\/wp\/v2\/product"}],"about":[{"href":"https:\/\/mes-pochoirs.com\/en\/wp-json\/wp\/v2\/types\/product"}],"replies":[{"embeddable":true,"href":"https:\/\/mes-pochoirs.com\/en\/wp-json\/wp\/v2\/comments?post=5605"}],"wp:featuredmedia":[{"embeddable":true,"href":"https:\/\/mes-pochoirs.com\/en\/wp-json\/wp\/v2\/media\/5615"}],"wp:attachment":[{"href":"https:\/\/mes-pochoirs.com\/en\/wp-json\/wp\/v2\/media?parent=5605"}],"wp:term":[{"taxonomy":"product_brand","embeddable":true,"href":"https:\/\/mes-pochoirs.com\/en\/wp-json\/wp\/v2\/product_brand?post=5605"},{"taxonomy":"product_cat","embeddable":true,"href":"https:\/\/mes-pochoirs.com\/en\/wp-json\/wp\/v2\/product_cat?post=5605"},{"taxonomy":"product_tag","embeddable":true,"href":"https:\/\/mes-pochoirs.com\/en\/wp-json\/wp\/v2\/product_tag?post=5605"}],"curies":[{"name":"wp","href":"https:\/\/api.w.org\/{rel}","templated":true}]}}