{"id":7527,"date":"2023-03-17T16:22:40","date_gmt":"2023-03-17T15:22:40","guid":{"rendered":"https:\/\/mes-pochoirs.com\/?post_type=product&#038;p=7527"},"modified":"2026-02-16T10:55:15","modified_gmt":"2026-02-16T09:55:15","slug":"pop-art-stencil-marilyn-monroe-pa0002","status":"publish","type":"product","link":"https:\/\/mes-pochoirs.com\/en\/produit\/pochoir-pop-art-marilyn-monroe-pa0002","title":{"rendered":"Pop Art Marilyn Monroe Stencil - PA0002"},"content":{"rendered":"<h2>Marilyn Monroe Pop Art Stencil<\/h2>\n<p><strong>Marilyn Monroe Pop Art Stencil<\/strong> Marilyn Monroe: this stencil captures the essence of Marilyn Monroe, eternal film star and symbol of glamorous femininity. The tilted face, the half-closed eyes, the delicately parted mouth... everything here expresses the sensuality, gentleness and magnetic aura of the Hollywood muse. This stylised portrait, both delicate and expressive, immediately evokes the world of vintage cinema and the American dream. It will add an emblematic touch to your work, whether on canvas, wall, furniture or textile accessory.<\/p>\n<h3>A graphic tribute to urban chic<\/h3>\n<p><strong>Marilyn Monroe Pop Art Stencil<\/strong> Inspired by pop art and the works of Warhol, this stencil is retro, urban and resolutely contemporary. The clean contours, stylised shadows and airy composition make this stencil ideal for modern, striking and stylish designs. It's reusable, reversible, made from high quality materials and available in a range of sizes to suit all your needs: painting, murals, decorative objects or textiles. A real visual signature for your most daring artistic projects.<\/p>\n<p>\u00a0<\/p>","protected":false},"excerpt":{"rendered":"<p><strong>Marilyn Monroe Pop Art Stencil<\/strong>, A glamorous, modern design for painting, wall art or textiles. Reversible and reusable.<\/p>","protected":false},"featured_media":7521,"comment_status":"open","ping_status":"closed","template":"","meta":{"bwfblock_default_font":"","_kad_blocks_custom_css":"","_kad_blocks_head_custom_js":"","_kad_blocks_body_custom_js":"","_kad_blocks_footer_custom_js":"","_kadence_starter_templates_imported_post":false,"_kad_post_transparent":"default","_kad_post_title":"","_kad_post_layout":"default","_kad_post_sidebar_id":"","_kad_post_content_style":"default","_kad_post_vertical_padding":"default","_kad_post_feature":"","_kad_post_feature_position":"","_kad_post_header":false,"_kad_post_footer":false,"_kad_post_classname":""},"product_brand":[1415],"product_cat":[332,732,36,328],"product_tag":[340,339,333,327,338],"class_list":{"0":"post-7527","1":"product","2":"type-product","3":"status-publish","4":"has-post-thumbnail","6":"product_brand-mes-pochoirs","7":"product_cat-pochoirs-pop-art","8":"product_cat-pochoirs-icones-celebrites","9":"product_cat-pochoirs-portraits-visages","10":"product_cat-pochoirs-street-art","11":"product_tag-celebrite","12":"product_tag-marilyn-monroe","13":"product_tag-pop-art","14":"product_tag-street-art","15":"product_tag-visage","17":"first","18":"instock","19":"taxable","20":"shipping-taxable","21":"purchasable","22":"product-type-variable","23":"entry","24":"content-bg","25":"loop-entry"},"taxonomy_info":{"product_brand":[{"value":1415,"label":"Mes Pochoirs"}],"product_cat":[{"value":332,"label":"Pop Art"},{"value":732,"label":"Ic\u00f4nes &amp; C\u00e9l\u00e9brit\u00e9s"},{"value":36,"label":"Portraits &amp; Visages"},{"value":328,"label":"Street Art"}],"product_tag":[{"value":340,"label":"c\u00e9l\u00e9brit\u00e9"},{"value":339,"label":"Marilyn Monroe"},{"value":333,"label":"pop art"},{"value":327,"label":"street art"},{"value":338,"label":"visage"}]},"featured_image_src_large":["https:\/\/mes-pochoirs.com\/wp-content\/uploads\/2023\/03\/PA0002-FR-pochoir-Marilyn-Monroe-1-mes-pochoirs-858x1030.jpg",858,1030,true],"author_info":[],"comment_info":30,"_links":{"self":[{"href":"https:\/\/mes-pochoirs.com\/en\/wp-json\/wp\/v2\/product\/7527","targetHints":{"allow":["GET"]}}],"collection":[{"href":"https:\/\/mes-pochoirs.com\/en\/wp-json\/wp\/v2\/product"}],"about":[{"href":"https:\/\/mes-pochoirs.com\/en\/wp-json\/wp\/v2\/types\/product"}],"replies":[{"embeddable":true,"href":"https:\/\/mes-pochoirs.com\/en\/wp-json\/wp\/v2\/comments?post=7527"}],"wp:featuredmedia":[{"embeddable":true,"href":"https:\/\/mes-pochoirs.com\/en\/wp-json\/wp\/v2\/media\/7521"}],"wp:attachment":[{"href":"https:\/\/mes-pochoirs.com\/en\/wp-json\/wp\/v2\/media?parent=7527"}],"wp:term":[{"taxonomy":"product_brand","embeddable":true,"href":"https:\/\/mes-pochoirs.com\/en\/wp-json\/wp\/v2\/product_brand?post=7527"},{"taxonomy":"product_cat","embeddable":true,"href":"https:\/\/mes-pochoirs.com\/en\/wp-json\/wp\/v2\/product_cat?post=7527"},{"taxonomy":"product_tag","embeddable":true,"href":"https:\/\/mes-pochoirs.com\/en\/wp-json\/wp\/v2\/product_tag?post=7527"}],"curies":[{"name":"wp","href":"https:\/\/api.w.org\/{rel}","templated":true}]}}