{"id":8043,"date":"2023-03-31T13:36:04","date_gmt":"2023-03-31T11:36:04","guid":{"rendered":"https:\/\/mes-pochoirs.com\/?post_type=product&#038;p=8043"},"modified":"2025-10-31T11:47:02","modified_gmt":"2025-10-31T10:47:02","slug":"giraffe-skin-effect-mosaic-stencil-g0037","status":"publish","type":"product","link":"https:\/\/mes-pochoirs.com\/en\/produit\/pochoir-mosaique-effet-peau-de-girafe-g0037","title":{"rendered":"Giraffe skin effect mosaic stencil - G0037"},"content":{"rendered":"<h2>Giraffe skin effect mosaic stencil<\/h2>\n<p><strong>Mosaic Stencil Giraffe Skin Effect<\/strong> This stencil is inspired by the natural patterns of giraffe skin, revisited in the form of a geometric mosaic. The irregular shapes, reminiscent of mineral fragments, create a visual effect that is both wild and soothing. This motif adds a subtle graphic rhythm, perfect for evoking nature without direct figuration. It's equally at home in an abstract work of art or a contemporary wall decoration, for a lively, textured and balanced effect.<\/p>\n<h3>A raw, modern aesthetic<\/h3>\n<p><strong>Mosaic Stencil Giraffe Skin Effect<\/strong> This design plays on raw, almost mineral geometry, while retaining a beautiful visual flexibility. It's reminiscent of stone floors, abstract stained glass and animal textures. Perfect for painters, decorators or DIY enthusiasts, this reusable, reversible, high-quality stencil, available in several sizes, can be used to structure a space with elegance. On wall, canvas, wood or textile, it will add character to your creative projects while stimulating the imagination.<\/p>","protected":false},"excerpt":{"rendered":"<p><strong data-start=\"1399\" data-end=\"1440\">Mosaic Stencil Giraffe Skin Effect<\/strong>Original graphic effect. High quality, reusable, ideal for paintings or abstract works.<\/p>","protected":false},"featured_media":7792,"comment_status":"open","ping_status":"closed","template":"","meta":{"bwfblock_default_font":"","_kad_blocks_custom_css":"","_kad_blocks_head_custom_js":"","_kad_blocks_body_custom_js":"","_kad_blocks_footer_custom_js":"","_kadence_starter_templates_imported_post":false,"_kad_post_transparent":"default","_kad_post_title":"","_kad_post_layout":"default","_kad_post_sidebar_id":"","_kad_post_content_style":"default","_kad_post_vertical_padding":"default","_kad_post_feature":"","_kad_post_feature_position":"","_kad_post_header":false,"_kad_post_footer":false,"_kad_post_classname":""},"product_brand":[1415],"product_cat":[241,364],"product_tag":[232,245,343,347,345,344],"class_list":{"0":"post-8043","1":"product","2":"type-product","3":"status-publish","4":"has-post-thumbnail","6":"product_brand-mes-pochoirs","7":"product_cat-pochoirs-geometriques","8":"product_cat-pochoirs-animaux","9":"product_tag-geometrique","10":"product_tag-lignes","11":"product_tag-mosaique","12":"product_tag-peau-de-girafe","13":"product_tag-puzzle","14":"product_tag-vitrail","16":"first","17":"instock","18":"taxable","19":"shipping-taxable","20":"purchasable","21":"product-type-variable","22":"has-default-attributes","23":"entry","24":"content-bg","25":"loop-entry"},"taxonomy_info":{"product_brand":[{"value":1415,"label":"Mes Pochoirs"}],"product_cat":[{"value":241,"label":"G\u00e9om\u00e9triques"},{"value":364,"label":"Animaux"}],"product_tag":[{"value":232,"label":"g\u00e9om\u00e9trique"},{"value":245,"label":"lignes"},{"value":343,"label":"mosa\u00efque"},{"value":347,"label":"peau de girafe"},{"value":345,"label":"puzzle"},{"value":344,"label":"vitrail"}]},"featured_image_src_large":["https:\/\/mes-pochoirs.com\/wp-content\/uploads\/2023\/03\/G0037-pochoir-geometrique-mes-pochoirs-com-858x1030.jpg",858,1030,true],"author_info":[],"comment_info":3,"_links":{"self":[{"href":"https:\/\/mes-pochoirs.com\/en\/wp-json\/wp\/v2\/product\/8043","targetHints":{"allow":["GET"]}}],"collection":[{"href":"https:\/\/mes-pochoirs.com\/en\/wp-json\/wp\/v2\/product"}],"about":[{"href":"https:\/\/mes-pochoirs.com\/en\/wp-json\/wp\/v2\/types\/product"}],"replies":[{"embeddable":true,"href":"https:\/\/mes-pochoirs.com\/en\/wp-json\/wp\/v2\/comments?post=8043"}],"wp:featuredmedia":[{"embeddable":true,"href":"https:\/\/mes-pochoirs.com\/en\/wp-json\/wp\/v2\/media\/7792"}],"wp:attachment":[{"href":"https:\/\/mes-pochoirs.com\/en\/wp-json\/wp\/v2\/media?parent=8043"}],"wp:term":[{"taxonomy":"product_brand","embeddable":true,"href":"https:\/\/mes-pochoirs.com\/en\/wp-json\/wp\/v2\/product_brand?post=8043"},{"taxonomy":"product_cat","embeddable":true,"href":"https:\/\/mes-pochoirs.com\/en\/wp-json\/wp\/v2\/product_cat?post=8043"},{"taxonomy":"product_tag","embeddable":true,"href":"https:\/\/mes-pochoirs.com\/en\/wp-json\/wp\/v2\/product_tag?post=8043"}],"curies":[{"name":"wp","href":"https:\/\/api.w.org\/{rel}","templated":true}]}}