{"id":8780,"date":"2023-04-24T10:22:24","date_gmt":"2023-04-24T08:22:24","guid":{"rendered":"https:\/\/mes-pochoirs.com\/?post_type=product&#038;p=8780"},"modified":"2025-10-31T11:56:26","modified_gmt":"2025-10-31T10:56:26","slug":"geometric-pattern-stencil-g0041","status":"publish","type":"product","link":"https:\/\/mes-pochoirs.com\/en\/produit\/pochoir-motifs-geometriques-g0041","title":{"rendered":"Stencil with Geometric Patterns - G0041"},"content":{"rendered":"<h2>Geometric Pattern Stencil<\/h2>\n<p>Le <strong>Geometric Pattern Stencil<\/strong> is a vibrant composition built around a bold interplay of shapes: circles, triangles, chevrons, stripes and lines intertwine with energy. Each element seems to be in motion, as if propelled by a perfectly orchestrated graphic tension. This stencil creates a sense of rhythm and structure, ideal for infusing your creations with a powerful modern edge.<\/p>\n<p>It evokes stylised architecture, a coded language and a graphic journey inspired by the urban world. It stimulates the imagination and makes you want to experiment, whether on a canvas, a creative notebook, a wall or any other medium. Its visual impact is immediate, transforming every project into a graphic playground.<\/p>\n<h3>A style combining abstraction, design and urban art<\/h3>\n<p>Le <strong>Geometric Pattern Stencil<\/strong> is part of a contemporary artistic universe that combines minimalism, geometric abstraction and urban spirit. The clear-cut shapes, assertive diagonals and controlled superimpositions are reminiscent of the great currents of graphic design, constructivism and modern mural art. He invites us to explore very free compositions, structured but open to interpretation.<\/p>\n<p>Whether you're a DIY enthusiast, a fan of abstract art or a designer looking for a central element for your compositions, this stencil is an essential tool. It lets you create strong visual atmospheres, add rhythm to your surfaces and play with repetition or asymmetry for results that are always unique.<\/p>","protected":false},"excerpt":{"rendered":"<p><strong>Geometric Pattern Stencil<\/strong> perfect for your abstract paintings. Reversible, high quality, in several sizes for all creations.<\/p>","protected":false},"featured_media":7934,"comment_status":"open","ping_status":"closed","template":"","meta":{"bwfblock_default_font":"","_kad_blocks_custom_css":"","_kad_blocks_head_custom_js":"","_kad_blocks_body_custom_js":"","_kad_blocks_footer_custom_js":"","_kadence_starter_templates_imported_post":false,"_kad_post_transparent":"default","_kad_post_title":"","_kad_post_layout":"default","_kad_post_sidebar_id":"","_kad_post_content_style":"default","_kad_post_vertical_padding":"default","_kad_post_feature":"","_kad_post_feature_position":"","_kad_post_header":false,"_kad_post_footer":false,"_kad_post_classname":""},"product_brand":[1415],"product_cat":[241],"product_tag":[246,239,232,245,362,361,238,249],"class_list":{"0":"post-8780","1":"product","2":"type-product","3":"status-publish","4":"has-post-thumbnail","6":"product_brand-mes-pochoirs","7":"product_cat-pochoirs-geometriques","8":"product_tag-carres","9":"product_tag-cercles","10":"product_tag-geometrique","11":"product_tag-lignes","12":"product_tag-motifs","13":"product_tag-pointilles","14":"product_tag-ronds","15":"product_tag-triangles","17":"first","18":"instock","19":"taxable","20":"shipping-taxable","21":"purchasable","22":"product-type-variable","23":"has-default-attributes","24":"entry","25":"content-bg","26":"loop-entry"},"taxonomy_info":{"product_brand":[{"value":1415,"label":"Mes Pochoirs"}],"product_cat":[{"value":241,"label":"G\u00e9om\u00e9triques"}],"product_tag":[{"value":246,"label":"carr\u00e9s"},{"value":239,"label":"cercles"},{"value":232,"label":"g\u00e9om\u00e9trique"},{"value":245,"label":"lignes"},{"value":362,"label":"motifs"},{"value":361,"label":"pointill\u00e9s"},{"value":238,"label":"ronds"},{"value":249,"label":"triangles"}]},"featured_image_src_large":["https:\/\/mes-pochoirs.com\/wp-content\/uploads\/2023\/03\/G0041-pochoir-geometrique-mes-pochoirs-com-858x1030.jpg",858,1030,true],"author_info":[],"comment_info":0,"_links":{"self":[{"href":"https:\/\/mes-pochoirs.com\/en\/wp-json\/wp\/v2\/product\/8780","targetHints":{"allow":["GET"]}}],"collection":[{"href":"https:\/\/mes-pochoirs.com\/en\/wp-json\/wp\/v2\/product"}],"about":[{"href":"https:\/\/mes-pochoirs.com\/en\/wp-json\/wp\/v2\/types\/product"}],"replies":[{"embeddable":true,"href":"https:\/\/mes-pochoirs.com\/en\/wp-json\/wp\/v2\/comments?post=8780"}],"wp:featuredmedia":[{"embeddable":true,"href":"https:\/\/mes-pochoirs.com\/en\/wp-json\/wp\/v2\/media\/7934"}],"wp:attachment":[{"href":"https:\/\/mes-pochoirs.com\/en\/wp-json\/wp\/v2\/media?parent=8780"}],"wp:term":[{"taxonomy":"product_brand","embeddable":true,"href":"https:\/\/mes-pochoirs.com\/en\/wp-json\/wp\/v2\/product_brand?post=8780"},{"taxonomy":"product_cat","embeddable":true,"href":"https:\/\/mes-pochoirs.com\/en\/wp-json\/wp\/v2\/product_cat?post=8780"},{"taxonomy":"product_tag","embeddable":true,"href":"https:\/\/mes-pochoirs.com\/en\/wp-json\/wp\/v2\/product_tag?post=8780"}],"curies":[{"name":"wp","href":"https:\/\/api.w.org\/{rel}","templated":true}]}}