{"id":23584,"date":"2025-04-26T11:21:17","date_gmt":"2025-04-26T09:21:17","guid":{"rendered":"https:\/\/mes-pochoirs.com\/?page_id=23584"},"modified":"2025-04-27T09:42:42","modified_gmt":"2025-04-27T07:42:42","slug":"aviso-legal","status":"publish","type":"page","link":"https:\/\/mes-pochoirs.com\/es\/mentions-legales","title":{"rendered":"Informaci\u00f3n jur\u00eddica"},"content":{"rendered":"<style>.kb-row-layout-id23584_2befee-f4 > .kt-row-column-wrap{align-content:start;}:where(.kb-row-layout-id23584_2befee-f4 > .kt-row-column-wrap) > .wp-block-kadence-column{justify-content:start;}.kb-row-layout-id23584_2befee-f4 > .kt-row-column-wrap{column-gap:var(--global-kb-gap-md, 2rem);row-gap:var(--global-kb-gap-md, 2rem);padding-top:var(--global-kb-spacing-sm, 1.5rem);padding-bottom:var(--global-kb-spacing-sm, 1.5rem);grid-template-columns:minmax(0, 1fr);}.kb-row-layout-id23584_2befee-f4 > .kt-row-layout-overlay{opacity:0.30;}@media all and (max-width: 1024px){.kb-row-layout-id23584_2befee-f4 > .kt-row-column-wrap{grid-template-columns:minmax(0, 1fr);}}@media all and (max-width: 767px){.kb-row-layout-id23584_2befee-f4 > .kt-row-column-wrap{grid-template-columns:minmax(0, 1fr);}}<\/style><div class=\"kb-row-layout-wrap kb-row-layout-id23584_2befee-f4 alignnone wp-block-kadence-rowlayout\"><div class=\"kt-row-column-wrap kt-has-1-columns kt-row-layout-equal kt-tab-layout-inherit kt-mobile-layout-row kt-row-valign-top\">\n<style>.kadence-column23584_137177-f4 > .kt-inside-inner-col,.kadence-column23584_137177-f4 > .kt-inside-inner-col:before{border-top-left-radius:0px;border-top-right-radius:0px;border-bottom-right-radius:0px;border-bottom-left-radius:0px;}.kadence-column23584_137177-f4 > .kt-inside-inner-col{column-gap:var(--global-kb-gap-sm, 1rem);}.kadence-column23584_137177-f4 > .kt-inside-inner-col{flex-direction:column;}.kadence-column23584_137177-f4 > .kt-inside-inner-col > .aligncenter{width:100%;}.kadence-column23584_137177-f4 > .kt-inside-inner-col:before{opacity:0.3;}.kadence-column23584_137177-f4{position:relative;}@media all and (max-width: 1024px){.kadence-column23584_137177-f4 > .kt-inside-inner-col{flex-direction:column;justify-content:center;}}@media all and (max-width: 767px){.kadence-column23584_137177-f4 > .kt-inside-inner-col{flex-direction:column;justify-content:center;}}<\/style>\n<div class=\"wp-block-kadence-column kadence-column23584_137177-f4\"><div class=\"kt-inside-inner-col\">\n<p><strong>Editor del sitio<\/strong><br>SARL <strong>Dise\u00f1o MPMS<\/strong><br>Direcci\u00f3n: 147 avenue Edmond Rostand, 40150, Soorts-Hossegor, Francia<br>Correo electr\u00f3nico : <strong><a class=\"\">contact@mes-pochoirs.com<\/a><\/strong><br>Tel\u00e9fono: \ud83d\udcde +33 5 58 43 65 38<\/p>\n\n\n\n<p><strong>Forma jur\u00eddica<\/strong><br>SARL con un capital de 2000<br>Inscrita en el RCS de Dax con el n\u00famero<strong>:  <\/strong>92932266700015<br>N\u00famero de IVA intracomunitario: FR27929322667<\/p>\n\n\n\n<p><strong>Alojamiento web<\/strong><br>Nombre : <strong>Rocket.net<\/strong><br>Direcci\u00f3n: 2151 W Hillsboro Blvd, Suite 205, Deerfield Beach, FL 33442, <strong>Estados Unidos<\/strong><br>Lugar : <a class=\"\" href=\"https:\/\/rocket.net\" target=\"_blank\" rel=\"noopener\">https:\/\/rocket.net<\/a><\/p>\n\n\n\n<p><strong>Propiedad intelectual<\/strong><br>Todo el contenido del sitio (im\u00e1genes, textos, v\u00eddeos, gr\u00e1ficos, etc.) es propiedad exclusiva de MPMS Design o de sus socios. Queda prohibida cualquier reproducci\u00f3n o utilizaci\u00f3n sin autorizaci\u00f3n previa.<\/p>\n\n\n\n<p><strong>Legislaci\u00f3n aplicable<\/strong><br>Este sitio se rige por la legislaci\u00f3n francesa. Al acceder a este sitio, el usuario reconoce haber le\u00eddo y aceptado el presente aviso legal.<\/p>\n\n\n\n<p><strong>Descargo de responsabilidad<\/strong><\/p>\n\n\n\n<p>El sitio web Mes-Pochoirs.com se esfuerza por ofrecer informaci\u00f3n lo m\u00e1s exacta posible. No obstante, no se responsabiliza de las omisiones, inexactitudes o fallos en la actualizaci\u00f3n de esta informaci\u00f3n, ya sean imputables a ella misma o a terceros que le proporcionen dicha informaci\u00f3n.<\/p>\n\n\n\n<p>Toda la informaci\u00f3n proporcionada en el sitio web Mes-Pochoirs.com se ofrece \u00fanicamente a t\u00edtulo informativo y no debe utilizarse como sustituto de un an\u00e1lisis m\u00e1s detallado adaptado a la situaci\u00f3n personal del usuario.<\/p>\n\n\n\n<p>Mes-Pochoirs.com no se hace responsable del uso que se haga de esta informaci\u00f3n ni de los perjuicios directos o indirectos que puedan derivarse.<\/p>\n\n\n\n<p>Los enlaces de hipertexto del sitio pueden conducir a otros sitios web. Mes-Pochoirs.com no se hace responsable del contenido de estos sitios externos.<\/p>\n<\/div><\/div>\n\n<\/div><\/div>\n\n\n<p><\/p>","protected":false},"excerpt":{"rendered":"<p>\u00c9diteur du siteSARL MPMS DesignAdresse : 147 avenue Edmond Rostand, 40150, Soorts-Hossegor, FranceEmail : contact@mes-pochoirs.comT\u00e9l\u00e9phone : \ud83d\udcde +33 5 58 43 65 38 Forme juridiqueSARL au capital de 2000 \u20acImmatricul\u00e9e au RCS de Dax sous le num\u00e9ro: 92932266700015Num\u00e9ro de TVA intracommunautaire : FR27929322667 H\u00e9bergement du siteNom : Rocket.netAdresse : 2151 W Hillsboro Blvd, Suite 205,&#8230;<\/p>","protected":false},"author":1,"featured_media":0,"parent":0,"menu_order":0,"comment_status":"closed","ping_status":"closed","template":"","meta":{"bwfblock_default_font":"","_kad_blocks_custom_css":"","_kad_blocks_head_custom_js":"","_kad_blocks_body_custom_js":"","_kad_blocks_footer_custom_js":"","_kadence_starter_templates_imported_post":false,"_kad_post_transparent":"","_kad_post_title":"","_kad_post_layout":"","_kad_post_sidebar_id":"","_kad_post_content_style":"","_kad_post_vertical_padding":"","_kad_post_feature":"","_kad_post_feature_position":"","_kad_post_header":false,"_kad_post_footer":false,"_kad_post_classname":"","footnotes":""},"class_list":["post-23584","page","type-page","status-publish","hentry"],"taxonomy_info":[],"featured_image_src_large":false,"author_info":{"display_name":"John Beckley","author_link":"https:\/\/mes-pochoirs.com\/es\/author\/adminjohn"},"comment_info":0,"_links":{"self":[{"href":"https:\/\/mes-pochoirs.com\/es\/wp-json\/wp\/v2\/pages\/23584","targetHints":{"allow":["GET"]}}],"collection":[{"href":"https:\/\/mes-pochoirs.com\/es\/wp-json\/wp\/v2\/pages"}],"about":[{"href":"https:\/\/mes-pochoirs.com\/es\/wp-json\/wp\/v2\/types\/page"}],"author":[{"embeddable":true,"href":"https:\/\/mes-pochoirs.com\/es\/wp-json\/wp\/v2\/users\/1"}],"replies":[{"embeddable":true,"href":"https:\/\/mes-pochoirs.com\/es\/wp-json\/wp\/v2\/comments?post=23584"}],"version-history":[{"count":0,"href":"https:\/\/mes-pochoirs.com\/es\/wp-json\/wp\/v2\/pages\/23584\/revisions"}],"wp:attachment":[{"href":"https:\/\/mes-pochoirs.com\/es\/wp-json\/wp\/v2\/media?parent=23584"}],"curies":[{"name":"wp","href":"https:\/\/api.w.org\/{rel}","templated":true}]}}