{"id":10000,"date":"2023-09-07T12:40:56","date_gmt":"2023-09-07T10:40:56","guid":{"rendered":"https:\/\/mes-pochoirs.com\/?post_type=product&#038;p=10000"},"modified":"2025-10-31T11:57:36","modified_gmt":"2025-10-31T10:57:36","slug":"stencil-pared-de-ladrillo-danada-u0005","status":"publish","type":"product","link":"https:\/\/mes-pochoirs.com\/es\/produit\/pochoir-mur-abime-en-briques-u0005","title":{"rendered":"Stencil pared de ladrillo da\u00f1ada - U0005"},"content":{"rendered":"<h2>Stencil pared de ladrillo da\u00f1ada<\/h2>\n<h3>un d\u00e9cor brut plein de v\u00e9cu<\/h3>\n<p><strong>Pochoir mur ab\u00eem\u00e9 en briques<\/strong> \u2013 Ce motif saisissant reproduit avec r\u00e9alisme l\u2019aspect d\u2019un vieux mur en briques \u00e9rod\u00e9 par le temps, aux joints irr\u00e9guliers et aux contours \u00e9caill\u00e9s. Il \u00e9voque une fa\u00e7ade oubli\u00e9e, un mur d&#8217;atelier, un d\u00e9cor industriel marqu\u00e9 par l\u2019histoire. C\u2019est un fond charg\u00e9 d\u2019\u00e2me, parfait pour apporter une dimension \u00ab\u202fus\u00e9e mais authentique\u202f\u00bb \u00e0 vos cr\u00e9ations.<\/p>\n<p>Utilis\u00e9 sur un mur, une toile ou un support bois, ce pochoir transforme une simple surface en d\u00e9cor expressif. Il apporte du cachet \u00e0 vos peintures, d\u00e9cors sc\u00e9niques, meubles ou fonds photographiques. Chaque trace, chaque \u00ab\u202fmanque\u202f\u00bb dans la brique raconte une histoire, invite \u00e0 l&#8217;imaginaire urbain.<\/p>\n<h3>style industriel, street et po\u00e9tique<\/h3>\n<p><strong>Pochoir mur ab\u00eem\u00e9 en briques<\/strong> \u2013 Fortement inspir\u00e9 du style industriel et du street art, ce motif s\u2019inscrit dans une esth\u00e9tique contemporaine o\u00f9 la mati\u00e8re parle d\u2019elle-m\u00eame. Il rappelle les friches artistiques, les murs tagu\u00e9s, les coulisses du th\u00e9\u00e2tre urbain. Ce pochoir est un outil cr\u00e9atif id\u00e9al pour les artistes en qu\u00eate de textures et de r\u00e9alisme, tout en conservant une grande libert\u00e9 stylistique.<\/p>\n<p>R\u00e9utilisable, r\u00e9versible et d\u00e9clin\u00e9 en plusieurs tailles, il s\u2019adapte \u00e0 tous vos projets. Il s\u2019associe parfaitement \u00e0 des silhouettes, typographies ou motifs graffiti. Le <strong>Pochoir mur ab\u00eem\u00e9 en briques<\/strong> devient alors une toile de fond vibrante pour exprimer votre art avec intensit\u00e9 et caract\u00e8re.<\/p>","protected":false},"excerpt":{"rendered":"<p><strong>Pochoir mur ab\u00eem\u00e9 en briques<\/strong> effet vieilli ultra r\u00e9aliste pour fond de tableau ou mur. Haute qualit\u00e9, d\u00e9clin\u00e9 en plusieurs tailles.<\/p>","protected":false},"featured_media":9977,"comment_status":"open","ping_status":"closed","template":"","meta":{"bwfblock_default_font":"","_kad_blocks_custom_css":"","_kad_blocks_head_custom_js":"","_kad_blocks_body_custom_js":"","_kad_blocks_footer_custom_js":"","_kadence_starter_templates_imported_post":false,"_kad_post_transparent":"default","_kad_post_title":"","_kad_post_layout":"default","_kad_post_sidebar_id":"","_kad_post_content_style":"default","_kad_post_vertical_padding":"default","_kad_post_feature":"","_kad_post_feature_position":"","_kad_post_header":false,"_kad_post_footer":false,"_kad_post_classname":""},"product_brand":[1415],"product_cat":[273,328],"product_tag":[436,435,433,434,327,286,437],"class_list":{"0":"post-10000","1":"product","2":"type-product","3":"status-publish","4":"has-post-thumbnail","6":"product_brand-mes-pochoirs","7":"product_cat-pochoirs-urbains","8":"product_cat-pochoirs-street-art","9":"product_tag-abime","10":"product_tag-briques","11":"product_tag-mur","12":"product_tag-mural","13":"product_tag-street-art","14":"product_tag-urbain","15":"product_tag-use","17":"first","18":"instock","19":"taxable","20":"shipping-taxable","21":"purchasable","22":"product-type-variable","23":"entry","24":"content-bg","25":"loop-entry"},"taxonomy_info":{"product_brand":[{"value":1415,"label":"Mes Pochoirs"}],"product_cat":[{"value":273,"label":"Urbains"},{"value":328,"label":"Street Art"}],"product_tag":[{"value":436,"label":"abim\u00e9"},{"value":435,"label":"briques"},{"value":433,"label":"mur"},{"value":434,"label":"mural"},{"value":327,"label":"street art"},{"value":286,"label":"urbain"},{"value":437,"label":"us\u00e9"}]},"featured_image_src_large":["https:\/\/mes-pochoirs.com\/wp-content\/uploads\/2023\/09\/U0005-FR-pochoir-mur-briques-copyright-mes-pochoirs-858x1030.jpg",858,1030,true],"author_info":[],"comment_info":1,"_links":{"self":[{"href":"https:\/\/mes-pochoirs.com\/es\/wp-json\/wp\/v2\/product\/10000","targetHints":{"allow":["GET"]}}],"collection":[{"href":"https:\/\/mes-pochoirs.com\/es\/wp-json\/wp\/v2\/product"}],"about":[{"href":"https:\/\/mes-pochoirs.com\/es\/wp-json\/wp\/v2\/types\/product"}],"replies":[{"embeddable":true,"href":"https:\/\/mes-pochoirs.com\/es\/wp-json\/wp\/v2\/comments?post=10000"}],"wp:featuredmedia":[{"embeddable":true,"href":"https:\/\/mes-pochoirs.com\/es\/wp-json\/wp\/v2\/media\/9977"}],"wp:attachment":[{"href":"https:\/\/mes-pochoirs.com\/es\/wp-json\/wp\/v2\/media?parent=10000"}],"wp:term":[{"taxonomy":"product_brand","embeddable":true,"href":"https:\/\/mes-pochoirs.com\/es\/wp-json\/wp\/v2\/product_brand?post=10000"},{"taxonomy":"product_cat","embeddable":true,"href":"https:\/\/mes-pochoirs.com\/es\/wp-json\/wp\/v2\/product_cat?post=10000"},{"taxonomy":"product_tag","embeddable":true,"href":"https:\/\/mes-pochoirs.com\/es\/wp-json\/wp\/v2\/product_tag?post=10000"}],"curies":[{"name":"wp","href":"https:\/\/api.w.org\/{rel}","templated":true}]}}