{"id":10008,"date":"2023-09-07T13:04:00","date_gmt":"2023-09-07T11:04:00","guid":{"rendered":"https:\/\/mes-pochoirs.com\/?post_type=product&#038;p=10008"},"modified":"2025-10-31T11:57:38","modified_gmt":"2025-10-31T10:57:38","slug":"stencil-de-pared-de-ladrillo-en-ruinas-u0006","status":"publish","type":"product","link":"https:\/\/mes-pochoirs.com\/es\/produit\/pochoir-mur-de-briques-ecroule-u0006","title":{"rendered":"Plantilla de pared de ladrillo agrietado - U0006"},"content":{"rendered":"<h2>Plantilla de pared de ladrillo agrietado<\/h2>\n<p><strong>Plantilla de pared de ladrillo agrietado<\/strong> - Este espectacular motivo da vida a un tramo de muro derruido, dram\u00e1tico y expresivo, como sacado de un decorado postindustrial o de una escena cinematogr\u00e1fica. Los ladrillos est\u00e1n fracturados y dispersos, algunos a\u00fan en fr\u00e1gil equilibrio, otros ya derrumbados en su parte inferior. El conjunto evoca un lugar desierto, lleno de historias mudas de derrumbe y reconstrucci\u00f3n.<\/p>\n<p>Esta plantilla insufla energ\u00eda bruta a todas tus creaciones art\u00edsticas o decorativas. Es ideal como tel\u00f3n de fondo para lienzos, murales de pared o decoraci\u00f3n de muebles para aquellos que buscan crear un fuerte contraste entre el caos y la poes\u00eda urbana. Es una aut\u00e9ntica decoraci\u00f3n en s\u00ed misma, que atrae las miradas y alimenta la imaginaci\u00f3n.<\/p>\n<h3>un estilo crudo, callejero y narrativo<\/h3>\n<p><strong>Plantilla de pared de ladrillo agrietado<\/strong> - En la l\u00ednea del arte callejero y la est\u00e9tica industrial, este motivo dramatiza la textura de la pared con un realismo sorprendente. Perfecta para los artistas que buscan atm\u00f3sferas urbanas, entornos en ruinas o efectos trampantojo, esta plantilla combina materia, movimiento y tensi\u00f3n visual.<\/p>\n<p>Reutilizable, reversible y disponible en varios tama\u00f1os, esta plantilla se adapta a cualquier superficie: paredes, lienzos, tableros, muebles. Se presta por igual a proyectos figurativos y a composiciones abstractas, como superposici\u00f3n o como fondo. El sitio <strong>Plantilla de pared de ladrillo agrietado<\/strong> se convierte en un elemento central, casi narrativo, que da cuerpo a su obra con fuerza y car\u00e1cter.<\/p>","protected":false},"excerpt":{"rendered":"<p><strong>Plantilla de pared de ladrillo agrietado<\/strong> Realista y crudo, ideal para obras de arte o pintura urbana. Reutilizable, reversible, varios tama\u00f1os.<\/p>","protected":false},"featured_media":9976,"comment_status":"open","ping_status":"closed","template":"","meta":{"bwfblock_default_font":"","_kad_blocks_custom_css":"","_kad_blocks_head_custom_js":"","_kad_blocks_body_custom_js":"","_kad_blocks_footer_custom_js":"","_kadence_starter_templates_imported_post":false,"_kad_post_transparent":"default","_kad_post_title":"","_kad_post_layout":"default","_kad_post_sidebar_id":"","_kad_post_content_style":"default","_kad_post_vertical_padding":"default","_kad_post_feature":"","_kad_post_feature_position":"","_kad_post_header":false,"_kad_post_footer":false,"_kad_post_classname":""},"product_brand":[1415],"product_cat":[273,328],"product_tag":[436,435,438,433,434,327,286,437],"class_list":{"0":"post-10008","1":"product","2":"type-product","3":"status-publish","4":"has-post-thumbnail","6":"product_brand-mes-pochoirs","7":"product_cat-pochoirs-urbains","8":"product_cat-pochoirs-street-art","9":"product_tag-abime","10":"product_tag-briques","11":"product_tag-ecroule","12":"product_tag-mur","13":"product_tag-mural","14":"product_tag-street-art","15":"product_tag-urbain","16":"product_tag-use","18":"first","19":"instock","20":"taxable","21":"shipping-taxable","22":"purchasable","23":"product-type-variable","24":"entry","25":"content-bg","26":"loop-entry"},"taxonomy_info":{"product_brand":[{"value":1415,"label":"Mes Pochoirs"}],"product_cat":[{"value":273,"label":"Urbains"},{"value":328,"label":"Street Art"}],"product_tag":[{"value":436,"label":"abim\u00e9"},{"value":435,"label":"briques"},{"value":438,"label":"\u00e9croul\u00e9"},{"value":433,"label":"mur"},{"value":434,"label":"mural"},{"value":327,"label":"street art"},{"value":286,"label":"urbain"},{"value":437,"label":"us\u00e9"}]},"featured_image_src_large":["https:\/\/mes-pochoirs.com\/wp-content\/uploads\/2023\/09\/U0006-FR-pochoir-mur-briques-ecroulees-copyright-mes-pochoirs-858x1030.jpg",858,1030,true],"author_info":[],"comment_info":2,"_links":{"self":[{"href":"https:\/\/mes-pochoirs.com\/es\/wp-json\/wp\/v2\/product\/10008","targetHints":{"allow":["GET"]}}],"collection":[{"href":"https:\/\/mes-pochoirs.com\/es\/wp-json\/wp\/v2\/product"}],"about":[{"href":"https:\/\/mes-pochoirs.com\/es\/wp-json\/wp\/v2\/types\/product"}],"replies":[{"embeddable":true,"href":"https:\/\/mes-pochoirs.com\/es\/wp-json\/wp\/v2\/comments?post=10008"}],"wp:featuredmedia":[{"embeddable":true,"href":"https:\/\/mes-pochoirs.com\/es\/wp-json\/wp\/v2\/media\/9976"}],"wp:attachment":[{"href":"https:\/\/mes-pochoirs.com\/es\/wp-json\/wp\/v2\/media?parent=10008"}],"wp:term":[{"taxonomy":"product_brand","embeddable":true,"href":"https:\/\/mes-pochoirs.com\/es\/wp-json\/wp\/v2\/product_brand?post=10008"},{"taxonomy":"product_cat","embeddable":true,"href":"https:\/\/mes-pochoirs.com\/es\/wp-json\/wp\/v2\/product_cat?post=10008"},{"taxonomy":"product_tag","embeddable":true,"href":"https:\/\/mes-pochoirs.com\/es\/wp-json\/wp\/v2\/product_tag?post=10008"}],"curies":[{"name":"wp","href":"https:\/\/api.w.org\/{rel}","templated":true}]}}