{"id":10203,"date":"2023-09-28T21:16:32","date_gmt":"2023-09-28T19:16:32","guid":{"rendered":"https:\/\/mes-pochoirs.com\/?post_type=product&#038;p=10203"},"modified":"2025-10-31T11:57:43","modified_gmt":"2025-10-31T10:57:43","slug":"texto-estarcido-arte-t0002","status":"publish","type":"product","link":"https:\/\/mes-pochoirs.com\/es\/produit\/pochoir-texte-art-t0002","title":{"rendered":"Plantilla de texto \"Art\" - T0002"},"content":{"rendered":"<h2>Plantilla de texto \"Art<\/h2>\n<p>Le <strong>Plantilla de texto \"Art<\/strong> destaca la palabra \"Arte\" en un llamativo estilo urbano que recuerda la cruda energ\u00eda del graffiti. Con sus letras fluidas y sus caracter\u00edsticos efectos de goteo, evoca la espontaneidad de las creaciones callejeras y la libertad de expresi\u00f3n que encarnan. Esta plantilla a\u00f1ade instant\u00e1neamente una dimensi\u00f3n expresiva y contempor\u00e1nea a sus superficies, ya sean lienzos, paredes, muebles o incluso textiles. Es una forma sencilla y visual de imprimir un sello fuerte e inspirador a su trabajo, capaz de contar una historia a trav\u00e9s de una sola palabra.<\/p>\n<h3>Un llamativo estilo de graffiti<\/h3>\n<p>Le <strong>Plantilla de texto \"Art<\/strong> tiene un dise\u00f1o limpio y din\u00e1mico inspirado en el arte callejero. Sus l\u00edneas limpias y goteos dan un efecto crudo, casi vivo, que se adapta perfectamente a una variedad de t\u00e9cnicas como la pintura en aerosol, el acr\u00edlico o la tinta. Reutilizable y disponible en varios tama\u00f1os, puede utilizarse para crear atrevidas composiciones sobre cualquier tipo de superficie, ya sea rugosa o con textura. Tanto si eres artista, grafitero o aficionado a la decoraci\u00f3n contempor\u00e1nea, esta plantilla de alta calidad te ofrece un acabado profesional y un fuerte impacto visual cada vez que la utilices.<\/p>","protected":false},"excerpt":{"rendered":"<p><strong>Plantilla Art Text<\/strong> es la herramienta ideal para lienzos y paredes. Reutilizable, reversible y de varios tama\u00f1os para un acabado art\u00edstico profesional.<\/p>","protected":false},"featured_media":10163,"comment_status":"open","ping_status":"closed","template":"","meta":{"bwfblock_default_font":"","_kad_blocks_custom_css":"","_kad_blocks_head_custom_js":"","_kad_blocks_body_custom_js":"","_kad_blocks_footer_custom_js":"","_kadence_starter_templates_imported_post":false,"_kad_post_transparent":"default","_kad_post_title":"","_kad_post_layout":"default","_kad_post_sidebar_id":"","_kad_post_content_style":"default","_kad_post_vertical_padding":"default","_kad_post_feature":"","_kad_post_feature_position":"","_kad_post_header":false,"_kad_post_footer":false,"_kad_post_classname":""},"product_brand":[1415],"product_cat":[554,537,316],"product_tag":[439,285,275,327,287,295,286],"class_list":{"0":"post-10203","1":"product","2":"type-product","3":"status-publish","4":"has-post-thumbnail","6":"product_brand-mes-pochoirs","7":"product_cat-pochoirs-style-graffiti-dripping","8":"product_cat-pochoirs-mot-art","9":"product_cat-pochoirs-textes-et-messages","10":"product_tag-art","11":"product_tag-graffiti","12":"product_tag-message","13":"product_tag-street-art","14":"product_tag-tag","15":"product_tag-texte","16":"product_tag-urbain","18":"first","19":"instock","20":"taxable","21":"shipping-taxable","22":"purchasable","23":"product-type-variable","24":"has-default-attributes","25":"entry","26":"content-bg","27":"loop-entry"},"taxonomy_info":{"product_brand":[{"value":1415,"label":"Mes Pochoirs"}],"product_cat":[{"value":554,"label":"Graffiti Dripping"},{"value":537,"label":"Art"},{"value":316,"label":"Textes et Messages"}],"product_tag":[{"value":439,"label":"art"},{"value":285,"label":"graffiti"},{"value":275,"label":"message"},{"value":327,"label":"street art"},{"value":287,"label":"tag"},{"value":295,"label":"Texte"},{"value":286,"label":"urbain"}]},"featured_image_src_large":["https:\/\/mes-pochoirs.com\/wp-content\/uploads\/2023\/09\/T0002-FR-pochoir-text-art-copyright-mes-pochoirs-858x1030.jpg",858,1030,true],"author_info":[],"comment_info":4,"_links":{"self":[{"href":"https:\/\/mes-pochoirs.com\/es\/wp-json\/wp\/v2\/product\/10203","targetHints":{"allow":["GET"]}}],"collection":[{"href":"https:\/\/mes-pochoirs.com\/es\/wp-json\/wp\/v2\/product"}],"about":[{"href":"https:\/\/mes-pochoirs.com\/es\/wp-json\/wp\/v2\/types\/product"}],"replies":[{"embeddable":true,"href":"https:\/\/mes-pochoirs.com\/es\/wp-json\/wp\/v2\/comments?post=10203"}],"wp:featuredmedia":[{"embeddable":true,"href":"https:\/\/mes-pochoirs.com\/es\/wp-json\/wp\/v2\/media\/10163"}],"wp:attachment":[{"href":"https:\/\/mes-pochoirs.com\/es\/wp-json\/wp\/v2\/media?parent=10203"}],"wp:term":[{"taxonomy":"product_brand","embeddable":true,"href":"https:\/\/mes-pochoirs.com\/es\/wp-json\/wp\/v2\/product_brand?post=10203"},{"taxonomy":"product_cat","embeddable":true,"href":"https:\/\/mes-pochoirs.com\/es\/wp-json\/wp\/v2\/product_cat?post=10203"},{"taxonomy":"product_tag","embeddable":true,"href":"https:\/\/mes-pochoirs.com\/es\/wp-json\/wp\/v2\/product_tag?post=10203"}],"curies":[{"name":"wp","href":"https:\/\/api.w.org\/{rel}","templated":true}]}}