{"id":10550,"date":"2023-10-10T15:37:03","date_gmt":"2023-10-10T13:37:03","guid":{"rendered":"https:\/\/mes-pochoirs.com\/?post_type=product&#038;p=10550"},"modified":"2025-10-31T11:58:45","modified_gmt":"2025-10-31T10:58:45","slug":"pochoir-coeur-plein-s0014","status":"publish","type":"product","link":"https:\/\/mes-pochoirs.com\/es\/produit\/pochoir-coeur-plein-s0014","title":{"rendered":"Plantilla Coraz\u00f3n - S0014"},"content":{"rendered":"<h2>Plantilla Coraz\u00f3n<\/h2>\n<p><strong>Plantilla Coraz\u00f3n<\/strong>, un symbole d&#8217;amour et d&#8217;unit\u00e9, a le pouvoir de transformer chaque surface en une d\u00e9claration d&#8217;affection palpable. Le c\u0153ur, universellement reconnu, ne manquera pas d&#8217;ajouter une touche de chaleur et de sinc\u00e9rit\u00e9 \u00e0 tous vos projets cr\u00e9atifs, tout en \u00e9tant un rappel constant de l&#8217;amour et de la bienveillance. Le c\u0153ur a toujours tenu une place pr\u00e9pond\u00e9rante dans l&#8217;univers artistique, traversant les \u00e9poques et les mouvements avec une gr\u00e2ce \u00e9l\u00e9gante et un message \u00e9ternel. Symbolisant l&#8217;amour, la passion, et parfois m\u00eame la douleur et la perte, ce motif d\u00e9licat a la capacit\u00e9 de capturer et de communiquer des \u00e9motions profondes d&#8217;une mani\u00e8re magnifiquement simple et pourtant infiniment complexe.<\/p>\n<h3>Artesan\u00eda sin igual, exclusivamente suya<\/h3>\n<p>Estamos orgullosos de presentarle un dise\u00f1o \u00fanico y exclusivo, que se distingue no s\u00f3lo por su aspecto, sino tambi\u00e9n por su procedencia. Creada y elaborada a mano en nuestro taller, cada plantilla lleva consigo una parte de nuestra pasi\u00f3n y dedicaci\u00f3n al arte. No disponible en ning\u00fan otro lugar, esta plantilla de coraz\u00f3n completo se convierte no s\u00f3lo en una herramienta, sino en una obra de arte por derecho propio. \u00a0<\/p>","protected":false},"excerpt":{"rendered":"<p><strong data-start=\"1184\" data-end=\"1207\">Plantilla Coraz\u00f3n<\/strong> parfait pour art mural, fresque ou d\u00e9coration. Haute qualit\u00e9, formats multiples, r\u00e9versible et durable.<\/p>","protected":false},"featured_media":10494,"comment_status":"open","ping_status":"closed","template":"","meta":{"bwfblock_default_font":"","_kad_blocks_custom_css":"","_kad_blocks_head_custom_js":"","_kad_blocks_body_custom_js":"","_kad_blocks_footer_custom_js":"","_kadence_starter_templates_imported_post":false,"_kad_post_transparent":"default","_kad_post_title":"","_kad_post_layout":"default","_kad_post_sidebar_id":"","_kad_post_content_style":"default","_kad_post_vertical_padding":"default","_kad_post_feature":"","_kad_post_feature_position":"","_kad_post_header":false,"_kad_post_footer":false,"_kad_post_classname":""},"product_brand":[1415],"product_cat":[315,950,1138],"product_tag":[325,236,296,324],"class_list":{"0":"post-10550","1":"product","2":"type-product","3":"status-publish","4":"has-post-thumbnail","6":"product_brand-mes-pochoirs","7":"product_cat-pochoirs-symboles","8":"product_cat-pochoirs-fetes-evenements","9":"product_cat-pochoirs-saint-valentin","10":"product_tag-amour","11":"product_tag-coeur","12":"product_tag-love","13":"product_tag-symbole","15":"first","16":"instock","17":"taxable","18":"shipping-taxable","19":"purchasable","20":"product-type-variable","21":"has-default-attributes","22":"entry","23":"content-bg","24":"loop-entry"},"taxonomy_info":{"product_brand":[{"value":1415,"label":"Mes Pochoirs"}],"product_cat":[{"value":315,"label":"Symboles"},{"value":950,"label":"F\u00eates &amp; \u00c9v\u00e9nements"},{"value":1138,"label":"Saint-Valentin"}],"product_tag":[{"value":325,"label":"amour"},{"value":236,"label":"coeur"},{"value":296,"label":"Love"},{"value":324,"label":"symbole"}]},"featured_image_src_large":["https:\/\/mes-pochoirs.com\/wp-content\/uploads\/2023\/10\/S0014-FR-pochoir-coeur-copyright-mes-pochoirs-com-858x1030.jpg",858,1030,true],"author_info":[],"comment_info":0,"_links":{"self":[{"href":"https:\/\/mes-pochoirs.com\/es\/wp-json\/wp\/v2\/product\/10550","targetHints":{"allow":["GET"]}}],"collection":[{"href":"https:\/\/mes-pochoirs.com\/es\/wp-json\/wp\/v2\/product"}],"about":[{"href":"https:\/\/mes-pochoirs.com\/es\/wp-json\/wp\/v2\/types\/product"}],"replies":[{"embeddable":true,"href":"https:\/\/mes-pochoirs.com\/es\/wp-json\/wp\/v2\/comments?post=10550"}],"wp:featuredmedia":[{"embeddable":true,"href":"https:\/\/mes-pochoirs.com\/es\/wp-json\/wp\/v2\/media\/10494"}],"wp:attachment":[{"href":"https:\/\/mes-pochoirs.com\/es\/wp-json\/wp\/v2\/media?parent=10550"}],"wp:term":[{"taxonomy":"product_brand","embeddable":true,"href":"https:\/\/mes-pochoirs.com\/es\/wp-json\/wp\/v2\/product_brand?post=10550"},{"taxonomy":"product_cat","embeddable":true,"href":"https:\/\/mes-pochoirs.com\/es\/wp-json\/wp\/v2\/product_cat?post=10550"},{"taxonomy":"product_tag","embeddable":true,"href":"https:\/\/mes-pochoirs.com\/es\/wp-json\/wp\/v2\/product_tag?post=10550"}],"curies":[{"name":"wp","href":"https:\/\/api.w.org\/{rel}","templated":true}]}}