{"id":10559,"date":"2023-10-10T15:57:42","date_gmt":"2023-10-10T13:57:42","guid":{"rendered":"https:\/\/mes-pochoirs.com\/?post_type=product&#038;p=10559"},"modified":"2025-10-31T11:58:47","modified_gmt":"2025-10-31T10:58:47","slug":"pochoir-symbole-coeur-s0015","status":"publish","type":"product","link":"https:\/\/mes-pochoirs.com\/es\/produit\/pochoir-symbole-coeur-s0015","title":{"rendered":"Plantilla S\u00edmbolo Coraz\u00f3n - S0015"},"content":{"rendered":"<h2>Plantilla del s\u00edmbolo del coraz\u00f3n<\/h2>\n<p><strong>Plantilla del s\u00edmbolo del coraz\u00f3n<\/strong> \u2014 Ce pochoir repr\u00e9sente l\u2019un des symboles les plus intemporels et universels\u202f: le c\u0153ur. Par sa forme simple et arrondie, il \u00e9voque imm\u00e9diatement les sentiments d\u2019amour, de tendresse, de g\u00e9n\u00e9rosit\u00e9, ou encore de bienveillance. Ce c\u0153ur n\u2019a pas besoin d\u2019artifices pour toucher, sa silhouette \u00e9pur\u00e9e parle d\u2019elle-m\u00eame, laissant place \u00e0 l\u2019\u00e9motion brute et \u00e0 l\u2019interpr\u00e9tation personnelle de chacun. Il peut repr\u00e9senter un message personnel, une d\u00e9claration, ou simplement une touche affective dans un d\u00e9cor mural, un carnet cr\u00e9atif, ou une \u0153uvre sur toile. Avec ce pochoir, chaque projet artistique devient une occasion de transmettre de la chaleur humaine et un sentiment de proximit\u00e9.<\/p>\n<h3>Un style \u00e9pur\u00e9 pour une cr\u00e9ativit\u00e9 sans limites<\/h3>\n<p><strong>Plantilla del s\u00edmbolo del coraz\u00f3n<\/strong> \u2014 Son design net et minimaliste en fait un outil id\u00e9al pour une grande vari\u00e9t\u00e9 d\u2019expressions artistiques, du DIY d\u00e9co \u00e0 l\u2019art urbain. Ce style sobre s\u2019adapte aussi bien \u00e0 une esth\u00e9tique romantique qu\u2019\u00e0 une interpr\u00e9tation plus graphique ou street art, selon les couleurs, textures et supports utilis\u00e9s. Il se marie parfaitement avec des fonds textur\u00e9s, des effets de superpositions ou des compositions plus complexes. Gr\u00e2ce \u00e0 sa grande lisibilit\u00e9 visuelle, il s\u2019int\u00e8gre ais\u00e9ment \u00e0 des cr\u00e9ations modernes, po\u00e9tiques ou engag\u00e9es. Ce pochoir devient ainsi un v\u00e9ritable complice de votre imagination\u202f: facile \u00e0 utiliser, r\u00e9utilisable, et toujours efficace dans son impact visuel.<\/p>\n<p>\u00a0<\/p>","protected":false},"excerpt":{"rendered":"<p><strong>Plantilla del s\u00edmbolo del coraz\u00f3n<\/strong> \u00e0 motifs nets, id\u00e9al pour \u0153uvre unique. R\u00e9utilisable, en plusieurs tailles, parfait pour peinture ou pochoir mural.<\/p>","protected":false},"featured_media":10495,"comment_status":"open","ping_status":"closed","template":"","meta":{"bwfblock_default_font":"","_kad_blocks_custom_css":"","_kad_blocks_head_custom_js":"","_kad_blocks_body_custom_js":"","_kad_blocks_footer_custom_js":"","_kadence_starter_templates_imported_post":false,"_kad_post_transparent":"default","_kad_post_title":"","_kad_post_layout":"default","_kad_post_sidebar_id":"","_kad_post_content_style":"default","_kad_post_vertical_padding":"default","_kad_post_feature":"","_kad_post_feature_position":"","_kad_post_header":false,"_kad_post_footer":false,"_kad_post_classname":""},"product_brand":[1415],"product_cat":[315,950,1138],"product_tag":[325,236,296,324],"class_list":{"0":"post-10559","1":"product","2":"type-product","3":"status-publish","4":"has-post-thumbnail","6":"product_brand-mes-pochoirs","7":"product_cat-pochoirs-symboles","8":"product_cat-pochoirs-fetes-evenements","9":"product_cat-pochoirs-saint-valentin","10":"product_tag-amour","11":"product_tag-coeur","12":"product_tag-love","13":"product_tag-symbole","15":"first","16":"instock","17":"taxable","18":"shipping-taxable","19":"purchasable","20":"product-type-variable","21":"has-default-attributes","22":"entry","23":"content-bg","24":"loop-entry"},"taxonomy_info":{"product_brand":[{"value":1415,"label":"Mes Pochoirs"}],"product_cat":[{"value":315,"label":"Symboles"},{"value":950,"label":"F\u00eates &amp; \u00c9v\u00e9nements"},{"value":1138,"label":"Saint-Valentin"}],"product_tag":[{"value":325,"label":"amour"},{"value":236,"label":"coeur"},{"value":296,"label":"Love"},{"value":324,"label":"symbole"}]},"featured_image_src_large":["https:\/\/mes-pochoirs.com\/wp-content\/uploads\/2023\/10\/S0015-FR-pochoir-coeur-copyright-mes-pochoirs-com-858x1030.jpg",858,1030,true],"author_info":[],"comment_info":0,"_links":{"self":[{"href":"https:\/\/mes-pochoirs.com\/es\/wp-json\/wp\/v2\/product\/10559","targetHints":{"allow":["GET"]}}],"collection":[{"href":"https:\/\/mes-pochoirs.com\/es\/wp-json\/wp\/v2\/product"}],"about":[{"href":"https:\/\/mes-pochoirs.com\/es\/wp-json\/wp\/v2\/types\/product"}],"replies":[{"embeddable":true,"href":"https:\/\/mes-pochoirs.com\/es\/wp-json\/wp\/v2\/comments?post=10559"}],"wp:featuredmedia":[{"embeddable":true,"href":"https:\/\/mes-pochoirs.com\/es\/wp-json\/wp\/v2\/media\/10495"}],"wp:attachment":[{"href":"https:\/\/mes-pochoirs.com\/es\/wp-json\/wp\/v2\/media?parent=10559"}],"wp:term":[{"taxonomy":"product_brand","embeddable":true,"href":"https:\/\/mes-pochoirs.com\/es\/wp-json\/wp\/v2\/product_brand?post=10559"},{"taxonomy":"product_cat","embeddable":true,"href":"https:\/\/mes-pochoirs.com\/es\/wp-json\/wp\/v2\/product_cat?post=10559"},{"taxonomy":"product_tag","embeddable":true,"href":"https:\/\/mes-pochoirs.com\/es\/wp-json\/wp\/v2\/product_tag?post=10559"}],"curies":[{"name":"wp","href":"https:\/\/api.w.org\/{rel}","templated":true}]}}