{"id":10968,"date":"2023-11-10T13:45:52","date_gmt":"2023-11-10T12:45:52","guid":{"rendered":"https:\/\/mes-pochoirs.com\/?post_type=product&#038;p=10968"},"modified":"2025-10-31T11:59:04","modified_gmt":"2025-10-31T10:59:04","slug":"plantilla-estrellas-s0019","status":"publish","type":"product","link":"https:\/\/mes-pochoirs.com\/es\/produit\/pochoir-etoiles-s0019","title":{"rendered":"Plantilla Estrellas - S0019"},"content":{"rendered":"<h2>Plantilla de estrellas<\/h2>\n<h3>Una lluvia de estrellas para iluminar tus creaciones<\/h3>\n<p><strong>Plantilla de estrellas<\/strong> - Esta plantilla presenta cinco estrellas de diferentes tama\u00f1os, cuidadosamente dispuestas para evocar una constelaci\u00f3n po\u00e9tica o un vuelo gr\u00e1fico. Utilizadas juntas o por separado, estas estrellas a\u00f1aden un toque de ligereza, enso\u00f1aci\u00f3n y brillo a todas sus obras de arte. Simbolizan la elevaci\u00f3n, el \u00e9xito o simplemente el asombro. Esta plantilla es una invitaci\u00f3n a jugar con la luz y los contrastes, a hacer brillar sus proyectos sobre lienzo, pared, papel o tela. Un toque celestial para incorporar a cualquier creaci\u00f3n.<\/p>\n<h3>Una herramienta art\u00edstica flexible con un estilo gr\u00e1fico puro<\/h3>\n<p><strong>Plantilla de estrellas<\/strong> - Con su dise\u00f1o limpio, equilibrado y modular, esta plantilla es perfecta para una gran variedad de enfoques: desde el estilo minimalista hasta la decoraci\u00f3n festiva, desde el arte pop hasta el mundo de los ni\u00f1os, pasando por el arte callejero contempor\u00e1neo. Con cinco tama\u00f1os para elegir, podr\u00e1 crear efectos muy visuales de profundidad, movimiento y repetici\u00f3n. <strong>Reutilizable<\/strong>, <strong>reversible<\/strong> y disponible en <strong>alta calidad<\/strong>Esta plantilla es una excelente elecci\u00f3n para pintores, decoradores, aficionados al bricolaje y amantes de la ilustraci\u00f3n. Una herramienta gr\u00e1fica esencial para iluminar tus ideas.<\/p>\n<p>\u00a0 \u00a0<\/p>","protected":false},"excerpt":{"rendered":"<p><strong>Plantilla de estrellas<\/strong> Perfectos para frescos, lienzos o proyectos art\u00edsticos. De alta calidad, reutilizables y disponibles en varios tama\u00f1os.<\/p>","protected":false},"featured_media":10963,"comment_status":"open","ping_status":"closed","template":"","meta":{"bwfblock_default_font":"","_kad_blocks_custom_css":"","_kad_blocks_head_custom_js":"","_kad_blocks_body_custom_js":"","_kad_blocks_footer_custom_js":"","_kadence_starter_templates_imported_post":false,"_kad_post_transparent":"default","_kad_post_title":"","_kad_post_layout":"default","_kad_post_sidebar_id":"","_kad_post_content_style":"default","_kad_post_vertical_padding":"default","_kad_post_feature":"","_kad_post_feature_position":"","_kad_post_header":false,"_kad_post_footer":false,"_kad_post_classname":""},"product_brand":[1415],"product_cat":[315],"product_tag":[233,477,474,476,475,478,324],"class_list":{"0":"post-10968","1":"product","2":"type-product","3":"status-publish","4":"has-post-thumbnail","6":"product_brand-mes-pochoirs","7":"product_cat-pochoirs-symboles","8":"product_tag-etoile","9":"product_tag-etoiles","10":"product_tag-forme","11":"product_tag-pochoir","12":"product_tag-star","13":"product_tag-stars","14":"product_tag-symbole","16":"first","17":"instock","18":"taxable","19":"shipping-taxable","20":"purchasable","21":"product-type-variable","22":"has-default-attributes","23":"entry","24":"content-bg","25":"loop-entry"},"taxonomy_info":{"product_brand":[{"value":1415,"label":"Mes Pochoirs"}],"product_cat":[{"value":315,"label":"Symboles"}],"product_tag":[{"value":233,"label":"\u00e9toile"},{"value":477,"label":"\u00e9toiles"},{"value":474,"label":"forme"},{"value":476,"label":"pochoir"},{"value":475,"label":"star"},{"value":478,"label":"stars"},{"value":324,"label":"symbole"}]},"featured_image_src_large":["https:\/\/mes-pochoirs.com\/wp-content\/uploads\/2023\/11\/S0019-FR-pochoir-etoile-copyright-mes-pochoirs-com-858x1030.jpg",858,1030,true],"author_info":[],"comment_info":0,"_links":{"self":[{"href":"https:\/\/mes-pochoirs.com\/es\/wp-json\/wp\/v2\/product\/10968","targetHints":{"allow":["GET"]}}],"collection":[{"href":"https:\/\/mes-pochoirs.com\/es\/wp-json\/wp\/v2\/product"}],"about":[{"href":"https:\/\/mes-pochoirs.com\/es\/wp-json\/wp\/v2\/types\/product"}],"replies":[{"embeddable":true,"href":"https:\/\/mes-pochoirs.com\/es\/wp-json\/wp\/v2\/comments?post=10968"}],"wp:featuredmedia":[{"embeddable":true,"href":"https:\/\/mes-pochoirs.com\/es\/wp-json\/wp\/v2\/media\/10963"}],"wp:attachment":[{"href":"https:\/\/mes-pochoirs.com\/es\/wp-json\/wp\/v2\/media?parent=10968"}],"wp:term":[{"taxonomy":"product_brand","embeddable":true,"href":"https:\/\/mes-pochoirs.com\/es\/wp-json\/wp\/v2\/product_brand?post=10968"},{"taxonomy":"product_cat","embeddable":true,"href":"https:\/\/mes-pochoirs.com\/es\/wp-json\/wp\/v2\/product_cat?post=10968"},{"taxonomy":"product_tag","embeddable":true,"href":"https:\/\/mes-pochoirs.com\/es\/wp-json\/wp\/v2\/product_tag?post=10968"}],"curies":[{"name":"wp","href":"https:\/\/api.w.org\/{rel}","templated":true}]}}