{"id":10988,"date":"2023-11-10T15:48:01","date_gmt":"2023-11-10T14:48:01","guid":{"rendered":"https:\/\/mes-pochoirs.com\/?post_type=product&#038;p=10988"},"modified":"2025-10-31T11:59:07","modified_gmt":"2025-10-31T10:59:07","slug":"plantilla-estrella-grande-s0021","status":"publish","type":"product","link":"https:\/\/mes-pochoirs.com\/es\/produit\/pochoir-grande-etoile-s0021","title":{"rendered":"Plantilla Estrella Grande - S0021"},"content":{"rendered":"<h2>Plantilla Estrella grande<\/h2>\n<p>Le <strong>Plantilla Estrella grande<\/strong> presenta una estrella \u00fanica con un dise\u00f1o claro y perfectamente equilibrado. Esta forma ic\u00f3nica atraviesa \u00e9pocas y culturas como s\u00edmbolo de esperanza, \u00e9xito y luz. Al incorporarla a sus creaciones, puede infundir a su obra un mensaje poderoso y universal. Ya sea en un lienzo, una pared o un mueble, esta gran estrella llama la atenci\u00f3n al instante y aporta relieve a cualquier superficie. Es el elemento ideal para que tus proyectos art\u00edsticos o decorativos brillen con fuerza y elegancia.<\/p>\n<h3>L\u00ednea limpia para un fuerte impacto gr\u00e1fico<\/h3>\n<p>Le <strong>Plantilla Estrella grande<\/strong> tiene una l\u00ednea limpia y sim\u00e9trica perfecta para crear composiciones puras e impactantes. Su gran tama\u00f1o le confiere una fuerte presencia visual, tanto si utilizas pintura en espray como acr\u00edlico o tinta. <strong>Reutilizable<\/strong>, <strong>reversible<\/strong>Disponible en varios formatos, esta plantilla puede adaptarse a cualquier superficie -rugosa, lisa o con textura- para conseguir un aspecto \u00fanico. <strong>aspecto profesional<\/strong> para cualquier prop\u00f3sito. Ya seas pintor, aficionado al bricolaje o decorador, este patr\u00f3n te permite crear un efecto gr\u00e1fico potente, moderno y atemporal.<\/p>","protected":false},"excerpt":{"rendered":"<p><strong>Plantilla Estrella grande<\/strong> - Alta calidad para pintura, frescos o trabajos creativos. Reutilizable y reversible para garantizar resultados profesionales.<\/p>","protected":false},"featured_media":10965,"comment_status":"open","ping_status":"closed","template":"","meta":{"bwfblock_default_font":"","_kad_blocks_custom_css":"","_kad_blocks_head_custom_js":"","_kad_blocks_body_custom_js":"","_kad_blocks_footer_custom_js":"","_kadence_starter_templates_imported_post":false,"_kad_post_transparent":"default","_kad_post_title":"","_kad_post_layout":"default","_kad_post_sidebar_id":"","_kad_post_content_style":"default","_kad_post_vertical_padding":"default","_kad_post_feature":"","_kad_post_feature_position":"","_kad_post_header":false,"_kad_post_footer":false,"_kad_post_classname":""},"product_brand":[1415],"product_cat":[315],"product_tag":[233,474,476,475,324],"class_list":{"0":"post-10988","1":"product","2":"type-product","3":"status-publish","4":"has-post-thumbnail","6":"product_brand-mes-pochoirs","7":"product_cat-pochoirs-symboles","8":"product_tag-etoile","9":"product_tag-forme","10":"product_tag-pochoir","11":"product_tag-star","12":"product_tag-symbole","14":"first","15":"instock","16":"taxable","17":"shipping-taxable","18":"purchasable","19":"product-type-variable","20":"has-default-attributes","21":"entry","22":"content-bg","23":"loop-entry"},"taxonomy_info":{"product_brand":[{"value":1415,"label":"Mes Pochoirs"}],"product_cat":[{"value":315,"label":"Symboles"}],"product_tag":[{"value":233,"label":"\u00e9toile"},{"value":474,"label":"forme"},{"value":476,"label":"pochoir"},{"value":475,"label":"star"},{"value":324,"label":"symbole"}]},"featured_image_src_large":["https:\/\/mes-pochoirs.com\/wp-content\/uploads\/2023\/11\/S0021-FR-pochoir-etoile-copyright-mes-pochoirs-com-858x1030.jpg",858,1030,true],"author_info":[],"comment_info":0,"_links":{"self":[{"href":"https:\/\/mes-pochoirs.com\/es\/wp-json\/wp\/v2\/product\/10988","targetHints":{"allow":["GET"]}}],"collection":[{"href":"https:\/\/mes-pochoirs.com\/es\/wp-json\/wp\/v2\/product"}],"about":[{"href":"https:\/\/mes-pochoirs.com\/es\/wp-json\/wp\/v2\/types\/product"}],"replies":[{"embeddable":true,"href":"https:\/\/mes-pochoirs.com\/es\/wp-json\/wp\/v2\/comments?post=10988"}],"wp:featuredmedia":[{"embeddable":true,"href":"https:\/\/mes-pochoirs.com\/es\/wp-json\/wp\/v2\/media\/10965"}],"wp:attachment":[{"href":"https:\/\/mes-pochoirs.com\/es\/wp-json\/wp\/v2\/media?parent=10988"}],"wp:term":[{"taxonomy":"product_brand","embeddable":true,"href":"https:\/\/mes-pochoirs.com\/es\/wp-json\/wp\/v2\/product_brand?post=10988"},{"taxonomy":"product_cat","embeddable":true,"href":"https:\/\/mes-pochoirs.com\/es\/wp-json\/wp\/v2\/product_cat?post=10988"},{"taxonomy":"product_tag","embeddable":true,"href":"https:\/\/mes-pochoirs.com\/es\/wp-json\/wp\/v2\/product_tag?post=10988"}],"curies":[{"name":"wp","href":"https:\/\/api.w.org\/{rel}","templated":true}]}}