{"id":11309,"date":"2023-12-15T11:04:29","date_gmt":"2023-12-15T10:04:29","guid":{"rendered":"https:\/\/mes-pochoirs.com\/?post_type=product&#038;p=11309"},"modified":"2025-10-31T11:59:55","modified_gmt":"2025-10-31T10:59:55","slug":"stencil-close-up-low-profile-face-cu0007","status":"publish","type":"product","link":"https:\/\/mes-pochoirs.com\/es\/produit\/pochoir-close-up-profil-bas-visage-cu0007","title":{"rendered":"Close-Up Plantilla de perfil bajo - CU0007"},"content":{"rendered":"<h2>Close-Up Low Profile Face Stencil<\/h2>\n<h3>Sum\u00e9rjase en el mundo de Close-Up Stencils\u00a0<\/h3>\n<p>Sum\u00e9rjase en el mundo art\u00edstico de los Close-Ups con nuestra plantilla \"Close Up Profil Bas Visage\", una pieza exclusiva de nuestra colecci\u00f3n \"Expressions en Close-Up\" que no podr\u00e1 encontrar en ning\u00fan otro sitio. Dise\u00f1ada y creada por nosotros mismos, esta <strong>serie exclusiva<\/strong> se concentre sur des plans rapproch\u00e9s de visages f\u00e9minins, inspir\u00e9e du style Pop Art. Elle se caract\u00e9rise par son audace et sa modernit\u00e9, capturant avec intensit\u00e9 l&#8217;\u00e2me et les \u00e9motions de ses mod\u00e8les. Le pochoir Close-Up &#8220;Profil Bas Visage&#8221; est un hommage \u00e0 la splendeur des portraits zoom\u00e9s. Il d\u00e9peint un fragment de visage f\u00e9minin, incarnant un <strong>estilo Pop Art \u00fanico y vibrante<\/strong>Estimula la creaci\u00f3n y la interpretaci\u00f3n personal de los sentimientos y las historias que hay detr\u00e1s de cada expresi\u00f3n. Es perfecto para aportar un toque de innovaci\u00f3n a tus proyectos art\u00edsticos.<\/p>\n<h3>Flexibilidad y calidad del est\u00e9ncil<\/h3>\n<p>Nuestras plantillas \u00abExpressions en Close-Up\u00bb est\u00e1n disponibles en varios tama\u00f1os para adaptarse a todas sus necesidades creativas, ya sean grandes o peque\u00f1as. Fabricadas en pl\u00e1stico resistente de alta calidad, nuestras plantillas son f\u00e1ciles de limpiar, reutilizables y reversibles, perfectas para una gran variedad de superficies como lienzos, paredes, papel o madera. Ofrecen total libertad a la hora de elegir la pintura (acr\u00edlico, acuarela, etc.) y la t\u00e9cnica de aplicaci\u00f3n, ya sea con esp\u00e1tula, pincel, spray o cualquier otro m\u00e9todo. Fabricadas en nuestro taller con un saber hacer tradicional, nuestras plantillas son el resultado de una meticulosa atenci\u00f3n al detalle. No son s\u00f3lo herramientas, sino verdaderos compa\u00f1eros en su viaje creativo, permiti\u00e9ndole explorar nuevas t\u00e9cnicas y expresar su visi\u00f3n art\u00edstica. Tanto si es un artista experimentado como un principiante, nuestras plantillas est\u00e1n dise\u00f1adas para ayudarle a crear <strong>impresionantes obras de arte<\/strong> y crea arte visual espectacular con facilidad.<\/p>\n<h3>M\u00e1s informaci\u00f3n:<\/h3>\n<ul>\n<li>Dimensions: De\u00a040x50cm \u00e0 100 x 125 cm (s\u00e9lectionnez la taille qui convient \u00e0 votre projet parmi les options propos\u00e9es)<\/li>\n<li>Material: Pl\u00e1stico de alta calidad, flexible y ultrarresistente, reutilizable de por vida si se cuida.<\/li>\n<li>Format du pochoir: Portrait (4:5)<\/li>\n<li>R\u00e9f\u00e9rence: CU0007<\/li>\n<\/ul>","protected":false},"excerpt":{"rendered":"<p><strong>Close-Up Low Profile Face Stencil<\/strong> para trabajos art\u00edsticos toscos. Plantilla reutilizable, disponible en varios tama\u00f1os, de primera calidad.<\/p>","protected":false},"featured_media":11117,"comment_status":"open","ping_status":"closed","template":"","meta":{"bwfblock_default_font":"","_kad_blocks_custom_css":"","_kad_blocks_head_custom_js":"","_kad_blocks_body_custom_js":"","_kad_blocks_footer_custom_js":"","_kadence_starter_templates_imported_post":false,"_kad_post_transparent":"default","_kad_post_title":"","_kad_post_layout":"default","_kad_post_sidebar_id":"","_kad_post_content_style":"default","_kad_post_vertical_padding":"default","_kad_post_feature":"","_kad_post_feature_position":"","_kad_post_header":false,"_kad_post_footer":false,"_kad_post_classname":""},"product_brand":[1415],"product_cat":[486,485,481,332,36],"product_tag":[494,489,492,491,359,490,487,476,333,411,488,338],"class_list":{"0":"post-11309","1":"product","2":"type-product","3":"status-publish","4":"has-post-thumbnail","6":"product_brand-mes-pochoirs","7":"product_cat-expressions-en-close-up","8":"product_cat-close-up","9":"product_cat-collections","10":"product_cat-pochoirs-pop-art","11":"product_cat-pochoirs-portraits-visages","12":"product_tag-bouche","13":"product_tag-close-up","14":"product_tag-collection","15":"product_tag-expression","16":"product_tag-femme","17":"product_tag-gros-plan","18":"product_tag-oeil","19":"product_tag-pochoir","20":"product_tag-pop-art","21":"product_tag-profil","22":"product_tag-regard","23":"product_tag-visage","25":"first","26":"instock","27":"taxable","28":"shipping-taxable","29":"purchasable","30":"product-type-variable","31":"entry","32":"content-bg","33":"loop-entry"},"taxonomy_info":{"product_brand":[{"value":1415,"label":"Mes Pochoirs"}],"product_cat":[{"value":486,"label":"Expressions en Close-Up"},{"value":485,"label":"Close-Up"},{"value":481,"label":"Collections"},{"value":332,"label":"Pop Art"},{"value":36,"label":"Portraits &amp; Visages"}],"product_tag":[{"value":494,"label":"bouche"},{"value":489,"label":"Close-Up"},{"value":492,"label":"collection"},{"value":491,"label":"expression"},{"value":359,"label":"femme"},{"value":490,"label":"Gros plan"},{"value":487,"label":"oeil"},{"value":476,"label":"pochoir"},{"value":333,"label":"pop art"},{"value":411,"label":"profil"},{"value":488,"label":"regard"},{"value":338,"label":"visage"}]},"featured_image_src_large":["https:\/\/mes-pochoirs.com\/wp-content\/uploads\/2023\/12\/CU0007-FR-pochoir-Close-Up-Profil-Bas-Visage-4-5-copyright-mes-pochoirs-com-858x1030.jpg",858,1030,true],"author_info":[],"comment_info":0,"_links":{"self":[{"href":"https:\/\/mes-pochoirs.com\/es\/wp-json\/wp\/v2\/product\/11309","targetHints":{"allow":["GET"]}}],"collection":[{"href":"https:\/\/mes-pochoirs.com\/es\/wp-json\/wp\/v2\/product"}],"about":[{"href":"https:\/\/mes-pochoirs.com\/es\/wp-json\/wp\/v2\/types\/product"}],"replies":[{"embeddable":true,"href":"https:\/\/mes-pochoirs.com\/es\/wp-json\/wp\/v2\/comments?post=11309"}],"wp:featuredmedia":[{"embeddable":true,"href":"https:\/\/mes-pochoirs.com\/es\/wp-json\/wp\/v2\/media\/11117"}],"wp:attachment":[{"href":"https:\/\/mes-pochoirs.com\/es\/wp-json\/wp\/v2\/media?parent=11309"}],"wp:term":[{"taxonomy":"product_brand","embeddable":true,"href":"https:\/\/mes-pochoirs.com\/es\/wp-json\/wp\/v2\/product_brand?post=11309"},{"taxonomy":"product_cat","embeddable":true,"href":"https:\/\/mes-pochoirs.com\/es\/wp-json\/wp\/v2\/product_cat?post=11309"},{"taxonomy":"product_tag","embeddable":true,"href":"https:\/\/mes-pochoirs.com\/es\/wp-json\/wp\/v2\/product_tag?post=11309"}],"curies":[{"name":"wp","href":"https:\/\/api.w.org\/{rel}","templated":true}]}}