{"id":11322,"date":"2023-12-15T11:15:38","date_gmt":"2023-12-15T10:15:38","guid":{"rendered":"https:\/\/mes-pochoirs.com\/?post_type=product&#038;p=11322"},"modified":"2025-10-31T11:59:57","modified_gmt":"2025-10-31T10:59:57","slug":"close-up-half-face-stencil-cu0008","status":"publish","type":"product","link":"https:\/\/mes-pochoirs.com\/es\/produit\/pochoir-close-up-demi-visage-cu0008","title":{"rendered":"Close-Up Plantilla \"Demi Visage\" - CU0008"},"content":{"rendered":"<h2>Plantilla de primer plano \"Demi Visage<\/h2>\n<h3>Descubra el fascinante mundo de las plantillas de primer plano<\/h3>\n<p>Plongez dans l&#8217;univers de notre pochoir Close-Up \u00ab Demi Visage \u00bb, une pi\u00e8ce phare de notre collection unique \u00ab Expressions en Close-Up \u00bb, exclusivement disponible chez nous. Cette s\u00e9rie, con\u00e7ue par nos designers, met en avant des visages f\u00e9minins en gros plan. Inspir\u00e9e par l&#8217;art embl\u00e9matique du <strong>Retrato Pop Art<\/strong>, elle propose une approche fra\u00eeche et audacieuse, capturant intens\u00e9ment l&#8217;\u00e2me et les \u00e9motions de chaque sujet. Notre pochoir Close-Up \u00ab Demi Visage \u00bb au format portrait 7:10 met en lumi\u00e8re la splendeur et la complexit\u00e9 des portraits rapproch\u00e9s. Il repr\u00e9sente un fragment d&#8217;un visage f\u00e9minin en gros plan, incarnant l&#8217;essence m\u00eame de la f\u00e9minit\u00e9 avec un style Pop Art vibrant et unique. Ce pochoir ne sert pas uniquement de moyen cr\u00e9atif, mais aussi d&#8217;invitation \u00e0 une interpr\u00e9tation personnelle, d\u00e9voilant \u00e9motions et histoires cach\u00e9es derri\u00e8re chaque ligne. Laissez-vous emporter par son originalit\u00e9 et enrichissez vos projets artistiques de sa cr\u00e9ativit\u00e9.<\/p>\n<h3>Versatilidad y calidad de las plantillas<\/h3>\n<p>Nuestras plantillas \u00abExpressions en Close-Up\u00bb est\u00e1n disponibles en varios tama\u00f1os para adaptarse a todas sus necesidades creativas, ya sean grandes o peque\u00f1as. Fabricadas en pl\u00e1stico resistente de alta calidad, nuestras plantillas son f\u00e1ciles de limpiar, reutilizables y reversibles, perfectas para una gran variedad de superficies como lienzos, paredes, papel o madera. Ofrecen total libertad a la hora de elegir la pintura (acr\u00edlico, acuarela, etc.) y la t\u00e9cnica de aplicaci\u00f3n, ya sea con esp\u00e1tula, pincel, spray o cualquier otro m\u00e9todo. Fabricadas en nuestro taller con un saber hacer tradicional, nuestras plantillas son el resultado de una meticulosa atenci\u00f3n al detalle. No son s\u00f3lo herramientas, sino verdaderos compa\u00f1eros en su viaje creativo, permiti\u00e9ndole explorar nuevas t\u00e9cnicas y expresar su visi\u00f3n art\u00edstica. Tanto si es un artista experimentado como un principiante, nuestras plantillas est\u00e1n dise\u00f1adas para ayudarle a crear <strong>impresionantes obras de arte<\/strong> y crea arte visual espectacular con facilidad.<\/p>\n<h3>M\u00e1s informaci\u00f3n:<\/h3>\n<ul>\n<li>Dimensions: De 35x50cm \u00e0 80x114cm (s\u00e9lectionnez la taille qui convient \u00e0 votre projet parmi les options propos\u00e9es)<\/li>\n<li>Material: Pl\u00e1stico de alta calidad, flexible y ultrarresistente, reutilizable de por vida si se cuida.<\/li>\n<li>Formato de la plantilla: Retrato (7:10)<\/li>\n<li>R\u00e9f\u00e9rence: CU0008<\/li>\n<\/ul>","protected":false},"excerpt":{"rendered":"<p><strong>Plantilla Close-Up Half Face<\/strong> para murales o lienzos. Plantilla reutilizable, reversible, de primera calidad, varios tama\u00f1os.<\/p>","protected":false},"featured_media":11116,"comment_status":"open","ping_status":"closed","template":"","meta":{"bwfblock_default_font":"","_kad_blocks_custom_css":"","_kad_blocks_head_custom_js":"","_kad_blocks_body_custom_js":"","_kad_blocks_footer_custom_js":"","_kadence_starter_templates_imported_post":false,"_kad_post_transparent":"default","_kad_post_title":"","_kad_post_layout":"default","_kad_post_sidebar_id":"","_kad_post_content_style":"default","_kad_post_vertical_padding":"default","_kad_post_feature":"","_kad_post_feature_position":"","_kad_post_header":false,"_kad_post_footer":false,"_kad_post_classname":""},"product_brand":[1415],"product_cat":[486,485,481,332,36],"product_tag":[489,492,491,359,490,476,333,338],"class_list":{"0":"post-11322","1":"product","2":"type-product","3":"status-publish","4":"has-post-thumbnail","6":"product_brand-mes-pochoirs","7":"product_cat-expressions-en-close-up","8":"product_cat-close-up","9":"product_cat-collections","10":"product_cat-pochoirs-pop-art","11":"product_cat-pochoirs-portraits-visages","12":"product_tag-close-up","13":"product_tag-collection","14":"product_tag-expression","15":"product_tag-femme","16":"product_tag-gros-plan","17":"product_tag-pochoir","18":"product_tag-pop-art","19":"product_tag-visage","21":"first","22":"instock","23":"taxable","24":"shipping-taxable","25":"purchasable","26":"product-type-variable","27":"entry","28":"content-bg","29":"loop-entry"},"taxonomy_info":{"product_brand":[{"value":1415,"label":"Mes Pochoirs"}],"product_cat":[{"value":486,"label":"Expressions en Close-Up"},{"value":485,"label":"Close-Up"},{"value":481,"label":"Collections"},{"value":332,"label":"Pop Art"},{"value":36,"label":"Portraits &amp; Visages"}],"product_tag":[{"value":489,"label":"Close-Up"},{"value":492,"label":"collection"},{"value":491,"label":"expression"},{"value":359,"label":"femme"},{"value":490,"label":"Gros plan"},{"value":476,"label":"pochoir"},{"value":333,"label":"pop art"},{"value":338,"label":"visage"}]},"featured_image_src_large":["https:\/\/mes-pochoirs.com\/wp-content\/uploads\/2023\/12\/CU0008-FR-pochoir-Close-Up-Demi-Visage-7-10-copyright-mes-pochoirs-com-858x1030.jpg",858,1030,true],"author_info":[],"comment_info":4,"_links":{"self":[{"href":"https:\/\/mes-pochoirs.com\/es\/wp-json\/wp\/v2\/product\/11322","targetHints":{"allow":["GET"]}}],"collection":[{"href":"https:\/\/mes-pochoirs.com\/es\/wp-json\/wp\/v2\/product"}],"about":[{"href":"https:\/\/mes-pochoirs.com\/es\/wp-json\/wp\/v2\/types\/product"}],"replies":[{"embeddable":true,"href":"https:\/\/mes-pochoirs.com\/es\/wp-json\/wp\/v2\/comments?post=11322"}],"wp:featuredmedia":[{"embeddable":true,"href":"https:\/\/mes-pochoirs.com\/es\/wp-json\/wp\/v2\/media\/11116"}],"wp:attachment":[{"href":"https:\/\/mes-pochoirs.com\/es\/wp-json\/wp\/v2\/media?parent=11322"}],"wp:term":[{"taxonomy":"product_brand","embeddable":true,"href":"https:\/\/mes-pochoirs.com\/es\/wp-json\/wp\/v2\/product_brand?post=11322"},{"taxonomy":"product_cat","embeddable":true,"href":"https:\/\/mes-pochoirs.com\/es\/wp-json\/wp\/v2\/product_cat?post=11322"},{"taxonomy":"product_tag","embeddable":true,"href":"https:\/\/mes-pochoirs.com\/es\/wp-json\/wp\/v2\/product_tag?post=11322"}],"curies":[{"name":"wp","href":"https:\/\/api.w.org\/{rel}","templated":true}]}}