{"id":11532,"date":"2024-01-12T09:08:53","date_gmt":"2024-01-12T08:08:53","guid":{"rendered":"https:\/\/mes-pochoirs.com\/?post_type=product&#038;p=11532"},"modified":"2025-10-31T12:00:10","modified_gmt":"2025-10-31T11:00:10","slug":"plantilla-cabeza-de-jirafa-a0009","status":"publish","type":"product","link":"https:\/\/mes-pochoirs.com\/es\/produit\/pochoir-tete-de-girafe-a0009","title":{"rendered":"Plantilla Cabeza de Jirafa - A0009"},"content":{"rendered":"<h2>Plantilla con cabeza de jirafa<\/h2>\n<h3>Belleza salvaje\u00a0<\/h3>\n<p>Descubra el encanto ex\u00f3tico de la naturaleza con nuestra exclusiva plantilla de cabeza de jirafa. Dise\u00f1ada con pasi\u00f3n y precisi\u00f3n, esta plantilla \u00fanica ofrece un toque de la sabana africana a su espacio, su lienzo o sus objetos. No se encuentra en ning\u00fan otro lugar, es la promesa de una decoraci\u00f3n y un arte fuera de lo com\u00fan. D\u00e9jese seducir por la elegancia y majestuosidad de la jirafa, s\u00edmbolo de perspectiva y gracia, y transforme cualquier superficie en un oasis de tranquilidad e inspiraci\u00f3n.<\/p>\n<h3>Calidad artesanal: Made in Atelier<\/h3>\n<p>Cada plantilla se fabrica a mano en nuestro propio taller. Prestamos especial atenci\u00f3n a la calidad y la durabilidad, utilizando pl\u00e1stico de alta calidad, resistente y f\u00e1cil de mantener. Reutilizables y reversibles, nuestras plantillas est\u00e1n dise\u00f1adas para durar y acompa\u00f1arle en todos sus proyectos creativos, grandes o peque\u00f1os.<\/p>\n<h3>Creatividad sin l\u00edmites : Adaptabilidad y facilidad de uso<\/h3>\n<p>Esta plantilla, disponible en varios tama\u00f1os, es tu aliada para multitud de proyectos de decoraci\u00f3n. Ideal para personalizar paredes, lienzos, papel, madera, cartulina y mucho m\u00e1s, es f\u00e1cil y divertida de aplicar. Tanto si prefiere pintar con pincel como con esp\u00e1tula o aerosol, nuestra plantilla se adapta a todas las t\u00e9cnicas, poniendo el arte al alcance de todos.<\/p>","protected":false},"excerpt":{"rendered":"<p><strong data-start=\"891\" data-end=\"917\">Plantilla con cabeza de jirafa<\/strong> pour peinture murale et toile. Haute qualit\u00e9, r\u00e9utilisable, r\u00e9versible, d\u00e9clin\u00e9 en plusieurs tailles.<\/p>","protected":false},"featured_media":11543,"comment_status":"open","ping_status":"closed","template":"","meta":{"bwfblock_default_font":"","_kad_blocks_custom_css":"","_kad_blocks_head_custom_js":"","_kad_blocks_body_custom_js":"","_kad_blocks_footer_custom_js":"","_kadence_starter_templates_imported_post":false,"_kad_post_transparent":"default","_kad_post_title":"","_kad_post_layout":"default","_kad_post_sidebar_id":"","_kad_post_content_style":"default","_kad_post_vertical_padding":"default","_kad_post_feature":"","_kad_post_feature_position":"","_kad_post_header":false,"_kad_post_footer":false,"_kad_post_classname":""},"product_brand":[1415],"product_cat":[364],"product_tag":[367,366,499,370,457,500],"class_list":{"0":"post-11532","1":"product","2":"type-product","3":"status-publish","4":"has-post-thumbnail","6":"product_brand-mes-pochoirs","7":"product_cat-pochoirs-animaux","8":"product_tag-animal","9":"product_tag-animaux","10":"product_tag-girafe","11":"product_tag-nature","12":"product_tag-savane","13":"product_tag-tete","15":"first","16":"instock","17":"taxable","18":"shipping-taxable","19":"purchasable","20":"product-type-variable","21":"has-default-attributes","22":"entry","23":"content-bg","24":"loop-entry"},"taxonomy_info":{"product_brand":[{"value":1415,"label":"Mes Pochoirs"}],"product_cat":[{"value":364,"label":"Animaux"}],"product_tag":[{"value":367,"label":"animal"},{"value":366,"label":"animaux"},{"value":499,"label":"girafe"},{"value":370,"label":"nature"},{"value":457,"label":"savane"},{"value":500,"label":"t\u00eate"}]},"featured_image_src_large":["https:\/\/mes-pochoirs.com\/wp-content\/uploads\/2024\/01\/A0009-FR-pochoir-animaux-tete-Girafe-copyright-mes-pochoirs-com-858x1030.jpg",858,1030,true],"author_info":[],"comment_info":0,"_links":{"self":[{"href":"https:\/\/mes-pochoirs.com\/es\/wp-json\/wp\/v2\/product\/11532","targetHints":{"allow":["GET"]}}],"collection":[{"href":"https:\/\/mes-pochoirs.com\/es\/wp-json\/wp\/v2\/product"}],"about":[{"href":"https:\/\/mes-pochoirs.com\/es\/wp-json\/wp\/v2\/types\/product"}],"replies":[{"embeddable":true,"href":"https:\/\/mes-pochoirs.com\/es\/wp-json\/wp\/v2\/comments?post=11532"}],"wp:featuredmedia":[{"embeddable":true,"href":"https:\/\/mes-pochoirs.com\/es\/wp-json\/wp\/v2\/media\/11543"}],"wp:attachment":[{"href":"https:\/\/mes-pochoirs.com\/es\/wp-json\/wp\/v2\/media?parent=11532"}],"wp:term":[{"taxonomy":"product_brand","embeddable":true,"href":"https:\/\/mes-pochoirs.com\/es\/wp-json\/wp\/v2\/product_brand?post=11532"},{"taxonomy":"product_cat","embeddable":true,"href":"https:\/\/mes-pochoirs.com\/es\/wp-json\/wp\/v2\/product_cat?post=11532"},{"taxonomy":"product_tag","embeddable":true,"href":"https:\/\/mes-pochoirs.com\/es\/wp-json\/wp\/v2\/product_tag?post=11532"}],"curies":[{"name":"wp","href":"https:\/\/api.w.org\/{rel}","templated":true}]}}