{"id":11545,"date":"2024-01-12T11:08:16","date_gmt":"2024-01-12T10:08:16","guid":{"rendered":"https:\/\/mes-pochoirs.com\/?post_type=product&#038;p=11545"},"modified":"2025-10-31T12:00:12","modified_gmt":"2025-10-31T11:00:12","slug":"plantilla-cabeza-de-jirafa-a0010","status":"publish","type":"product","link":"https:\/\/mes-pochoirs.com\/es\/produit\/pochoir-tete-de-girafe-a0010","title":{"rendered":"Plantilla Cabeza de Jirafa - A0010"},"content":{"rendered":"<h2>Plantilla con cabeza de jirafa<\/h2>\n<h3>Inspiraci\u00f3n Sauvage<\/h3>\n<p>Para los pintores que buscan un toque de naturaleza y exotismo, nuestra plantilla con cabeza de jirafa es una fuente inagotable de inspiraci\u00f3n. Este dise\u00f1o \u00fanico y exclusivo, creado por nosotros, despierta la creatividad e invita a la exploraci\u00f3n art\u00edstica. Imagine que su lienzo cobra vida bajo los elegantes rasgos de la jirafa, s\u00edmbolo de elegancia y libertad. Un valor incalculable para sus obras de arte, que sin duda atraer\u00e1 por igual a los amantes del arte y de la naturaleza.<\/p>\n<h3>Calidad profesional para creaciones duraderas<\/h3>\n<p>Nuestras plantillas son el resultado de un trabajo artesanal realizado con esmero en nuestro taller. Fabricadas en pl\u00e1stico resistente de alta calidad, est\u00e1n dise\u00f1adas para un uso intensivo y repetido, garantizando que su trabajo sea lo m\u00e1s preciso posible. F\u00e1ciles de mantener, reutilizables y reversibles, son perfectas para los artistas que desean expresar su arte en una gran variedad de soportes, garantizando al mismo tiempo una calidad y una durabilidad excepcionales.<\/p>\n<h3>Versatilidad y facilidad de aplicaci\u00f3n<\/h3>\n<p>Disponible en varios tama\u00f1os para adaptarse a todos tus proyectos art\u00edsticos, nuestra plantilla con cabeza de jirafa es una herramienta vers\u00e1til para cualquier pintor. Es f\u00e1cil de aplicar, por lo que tendr\u00e1s mucha libertad de movimiento tanto si utilizas pinceles, cuchillos o pintura en spray. Es ideal para experimentar con diferentes t\u00e9cnicas sobre lienzo, ofreciendo siempre un resultado limpio e impresionante.<\/p>","protected":false},"excerpt":{"rendered":"<p><strong data-start=\"603\" data-end=\"629\">Plantilla con cabeza de jirafa<\/strong> pour peinture et tableau. Haute qualit\u00e9, r\u00e9utilisable, r\u00e9versible et disponible en plusieurs tailles.<\/p>","protected":false},"featured_media":11542,"comment_status":"open","ping_status":"closed","template":"","meta":{"bwfblock_default_font":"","_kad_blocks_custom_css":"","_kad_blocks_head_custom_js":"","_kad_blocks_body_custom_js":"","_kad_blocks_footer_custom_js":"","_kadence_starter_templates_imported_post":false,"_kad_post_transparent":"default","_kad_post_title":"","_kad_post_layout":"default","_kad_post_sidebar_id":"","_kad_post_content_style":"default","_kad_post_vertical_padding":"default","_kad_post_feature":"","_kad_post_feature_position":"","_kad_post_header":false,"_kad_post_footer":false,"_kad_post_classname":""},"product_brand":[1415],"product_cat":[364],"product_tag":[367,366,499,370,457,500],"class_list":{"0":"post-11545","1":"product","2":"type-product","3":"status-publish","4":"has-post-thumbnail","6":"product_brand-mes-pochoirs","7":"product_cat-pochoirs-animaux","8":"product_tag-animal","9":"product_tag-animaux","10":"product_tag-girafe","11":"product_tag-nature","12":"product_tag-savane","13":"product_tag-tete","15":"first","16":"instock","17":"taxable","18":"shipping-taxable","19":"purchasable","20":"product-type-variable","21":"has-default-attributes","22":"entry","23":"content-bg","24":"loop-entry"},"taxonomy_info":{"product_brand":[{"value":1415,"label":"Mes Pochoirs"}],"product_cat":[{"value":364,"label":"Animaux"}],"product_tag":[{"value":367,"label":"animal"},{"value":366,"label":"animaux"},{"value":499,"label":"girafe"},{"value":370,"label":"nature"},{"value":457,"label":"savane"},{"value":500,"label":"t\u00eate"}]},"featured_image_src_large":["https:\/\/mes-pochoirs.com\/wp-content\/uploads\/2024\/01\/A0010-FR-pochoir-animaux-tete-Girafe-copyright-mes-pochoirs-com-858x1030.jpg",858,1030,true],"author_info":[],"comment_info":0,"_links":{"self":[{"href":"https:\/\/mes-pochoirs.com\/es\/wp-json\/wp\/v2\/product\/11545","targetHints":{"allow":["GET"]}}],"collection":[{"href":"https:\/\/mes-pochoirs.com\/es\/wp-json\/wp\/v2\/product"}],"about":[{"href":"https:\/\/mes-pochoirs.com\/es\/wp-json\/wp\/v2\/types\/product"}],"replies":[{"embeddable":true,"href":"https:\/\/mes-pochoirs.com\/es\/wp-json\/wp\/v2\/comments?post=11545"}],"wp:featuredmedia":[{"embeddable":true,"href":"https:\/\/mes-pochoirs.com\/es\/wp-json\/wp\/v2\/media\/11542"}],"wp:attachment":[{"href":"https:\/\/mes-pochoirs.com\/es\/wp-json\/wp\/v2\/media?parent=11545"}],"wp:term":[{"taxonomy":"product_brand","embeddable":true,"href":"https:\/\/mes-pochoirs.com\/es\/wp-json\/wp\/v2\/product_brand?post=11545"},{"taxonomy":"product_cat","embeddable":true,"href":"https:\/\/mes-pochoirs.com\/es\/wp-json\/wp\/v2\/product_cat?post=11545"},{"taxonomy":"product_tag","embeddable":true,"href":"https:\/\/mes-pochoirs.com\/es\/wp-json\/wp\/v2\/product_tag?post=11545"}],"curies":[{"name":"wp","href":"https:\/\/api.w.org\/{rel}","templated":true}]}}