{"id":11554,"date":"2024-01-12T11:17:02","date_gmt":"2024-01-12T10:17:02","guid":{"rendered":"https:\/\/mes-pochoirs.com\/?post_type=product&#038;p=11554"},"modified":"2025-10-31T12:00:15","modified_gmt":"2025-10-31T11:00:15","slug":"plantilla-cabeza-de-jirafa-a0011","status":"publish","type":"product","link":"https:\/\/mes-pochoirs.com\/es\/produit\/pochoir-tete-de-girafe-a0011","title":{"rendered":"Plantilla Cabeza de Jirafa - A0011"},"content":{"rendered":"<h2>Plantilla con cabeza de jirafa<\/h2>\n<h3>Escapada art\u00edstica con la plantilla Jirafa<\/h3>\n<p>Para los artistas que buscan inspiraci\u00f3n natural, nuestra plantilla que representa la majestuosa cabeza de una jirafa es una aut\u00e9ntica invitaci\u00f3n a un viaje art\u00edstico. Esta plantilla, con su dise\u00f1o exclusivo creado por nosotros, estimula la imaginaci\u00f3n y abre la puerta a un mundo salvaje y elegante. Proy\u00e9ctese en las llanuras africanas y deje que la gracia de la jirafa se exprese en su lienzo, aportando un soplo de originalidad y belleza a sus creaciones.<\/p>\n<h3>Excelencia artesanal para los entusiastas de la pintura<\/h3>\n<p>Nuestras plantillas son el resultado de un cuidadoso trabajo artesanal, creado en nuestro taller para garantizar una calidad impecable. Fabricadas en pl\u00e1stico duradero de alta calidad, son ideales para un uso frecuente, permitiendo una aplicaci\u00f3n precisa y delicada. Reutilizables y f\u00e1ciles de limpiar, nuestras plantillas est\u00e1n dise\u00f1adas para durar y ayudar a los artistas a hacer realidad sus visiones m\u00e1s audaces.<\/p>\n<h3>F\u00e1cil de usar y adaptable a todos sus proyectos<\/h3>\n<p>Con una amplia gama de tama\u00f1os disponibles, nuestra plantilla de jirafa se adaptar\u00e1 a todas sus inspiraciones, desde formatos peque\u00f1os e \u00edntimos hasta lienzos grandes y atrevidos. Su facilidad de uso la hace ideal para una gran variedad de t\u00e9cnicas pict\u00f3ricas, dando a los artistas la libertad de explorar y expresarse con facilidad y precisi\u00f3n en diferentes soportes.<\/p>","protected":false},"excerpt":{"rendered":"<p><strong data-start=\"1031\" data-end=\"1057\">Plantilla con cabeza de jirafa<\/strong> con\u00e7u pour artistes peintres. R\u00e9utilisable, r\u00e9versible, haute qualit\u00e9 et propos\u00e9 en diff\u00e9rentes tailles.<\/p>","protected":false},"featured_media":11541,"comment_status":"open","ping_status":"closed","template":"","meta":{"bwfblock_default_font":"","_kad_blocks_custom_css":"","_kad_blocks_head_custom_js":"","_kad_blocks_body_custom_js":"","_kad_blocks_footer_custom_js":"","_kadence_starter_templates_imported_post":false,"_kad_post_transparent":"default","_kad_post_title":"","_kad_post_layout":"default","_kad_post_sidebar_id":"","_kad_post_content_style":"default","_kad_post_vertical_padding":"default","_kad_post_feature":"","_kad_post_feature_position":"","_kad_post_header":false,"_kad_post_footer":false,"_kad_post_classname":""},"product_brand":[1415],"product_cat":[364],"product_tag":[367,366,499,370,457,500],"class_list":{"0":"post-11554","1":"product","2":"type-product","3":"status-publish","4":"has-post-thumbnail","6":"product_brand-mes-pochoirs","7":"product_cat-pochoirs-animaux","8":"product_tag-animal","9":"product_tag-animaux","10":"product_tag-girafe","11":"product_tag-nature","12":"product_tag-savane","13":"product_tag-tete","15":"first","16":"instock","17":"taxable","18":"shipping-taxable","19":"purchasable","20":"product-type-variable","21":"entry","22":"content-bg","23":"loop-entry"},"taxonomy_info":{"product_brand":[{"value":1415,"label":"Mes Pochoirs"}],"product_cat":[{"value":364,"label":"Animaux"}],"product_tag":[{"value":367,"label":"animal"},{"value":366,"label":"animaux"},{"value":499,"label":"girafe"},{"value":370,"label":"nature"},{"value":457,"label":"savane"},{"value":500,"label":"t\u00eate"}]},"featured_image_src_large":["https:\/\/mes-pochoirs.com\/wp-content\/uploads\/2024\/01\/A0011-FR-pochoir-animaux-tete-Girafe-copyright-mes-pochoirs-com-858x1030.jpg",858,1030,true],"author_info":[],"comment_info":0,"_links":{"self":[{"href":"https:\/\/mes-pochoirs.com\/es\/wp-json\/wp\/v2\/product\/11554","targetHints":{"allow":["GET"]}}],"collection":[{"href":"https:\/\/mes-pochoirs.com\/es\/wp-json\/wp\/v2\/product"}],"about":[{"href":"https:\/\/mes-pochoirs.com\/es\/wp-json\/wp\/v2\/types\/product"}],"replies":[{"embeddable":true,"href":"https:\/\/mes-pochoirs.com\/es\/wp-json\/wp\/v2\/comments?post=11554"}],"wp:featuredmedia":[{"embeddable":true,"href":"https:\/\/mes-pochoirs.com\/es\/wp-json\/wp\/v2\/media\/11541"}],"wp:attachment":[{"href":"https:\/\/mes-pochoirs.com\/es\/wp-json\/wp\/v2\/media?parent=11554"}],"wp:term":[{"taxonomy":"product_brand","embeddable":true,"href":"https:\/\/mes-pochoirs.com\/es\/wp-json\/wp\/v2\/product_brand?post=11554"},{"taxonomy":"product_cat","embeddable":true,"href":"https:\/\/mes-pochoirs.com\/es\/wp-json\/wp\/v2\/product_cat?post=11554"},{"taxonomy":"product_tag","embeddable":true,"href":"https:\/\/mes-pochoirs.com\/es\/wp-json\/wp\/v2\/product_tag?post=11554"}],"curies":[{"name":"wp","href":"https:\/\/api.w.org\/{rel}","templated":true}]}}