{"id":11595,"date":"2024-01-16T11:19:54","date_gmt":"2024-01-16T10:19:54","guid":{"rendered":"https:\/\/mes-pochoirs.com\/?post_type=product&#038;p=11595"},"modified":"2025-10-31T12:00:16","modified_gmt":"2025-10-31T11:00:16","slug":"plantilla-urbana-senal-de-stop-u0009","status":"publish","type":"product","link":"https:\/\/mes-pochoirs.com\/es\/produit\/pochoir-urbain-panneau-stop-u0009","title":{"rendered":"Plantilla urbana STOP - U0009"},"content":{"rendered":"<h2>Plantilla urbana Se\u00f1al de STOP<\/h2>\n<h3>La esencia del arte urbano<\/h3>\n<p>Ce pochoir repr\u00e9sentant le c\u00e9l\u00e8bre panneau de signalisation STOP incarne l&#8217;essence m\u00eame de l&#8217;art urbain. Il s&#8217;agit d&#8217;une interpr\u00e9tation du style urbain, m\u00ealant le symbolisme classique des rues \u00e0 une esth\u00e9tique moderne. Parfait pour les artistes souhaitant exprimer leur voix dans le monde du street art, ce pochoir est un outil incontournable pour apporter une touche urbaine \u00e0 vos \u0153uvres. L&#8217;art urbain, un mouvement artistique vibrant et en constante \u00e9volution, offre une toile de libert\u00e9 aux artistes du monde entier. Ce style, n\u00e9 dans les rues et les espaces publics, est une forme d&#8217;expression qui d\u00e9fie les conventions et refl\u00e8te la voix de la communaut\u00e9. Il englobe tout, des graffitis audacieux aux installations artistiques complexes, symbolisant la diversit\u00e9 et la cr\u00e9ativit\u00e9 sans limites. En int\u00e9grant des \u00e9l\u00e9ments de l&#8217;art urbain dans vos projets, vous embrassez non seulement une esth\u00e9tique unique, mais vous participez \u00e9galement \u00e0 une culture artistique riche et dynamique. Nos pochoirs sont con\u00e7us pour capturer cet esprit d&#8217;innovation et de libert\u00e9, vous permettant de transformer n&#8217;importe quel espace en une \u0153uvre d&#8217;art urbain saisissante.<\/p>\n<h3>Adaptarse a su creatividad sin l\u00edmites<\/h3>\n<p>Disponible en plusieurs tailles, ce pochoir est con\u00e7u pour s&#8217;adapter parfaitement \u00e0 tous vos projets, grands ou petits. Que vous d\u00e9coriez une toile ou apportiez une touche personnelle \u00e0 des objets, sa flexibilit\u00e9 garantit une application pr\u00e9cise et un rendu impressionnant. Fabriqu\u00e9 en plastique de haute qualit\u00e9, ce pochoir r\u00e9sistant est facile \u00e0 nettoyer, r\u00e9utilisable et r\u00e9versible, vous offrant une libert\u00e9 artistique illimit\u00e9e. Son application est simple et ludique, adapt\u00e9e \u00e0 diverses m\u00e9thodes \u2013 pinceaux, bombe de peinture, etc. \u2013 et \u00e0 tous supports. Cela vous permet d&#8217;explorer votre cr\u00e9ativit\u00e9 sur des toiles, des murs, du papier, du bois, et bien plus encore, avec une facilit\u00e9 d\u00e9concertante.<\/p>","protected":false},"excerpt":{"rendered":"<p><strong data-start=\"917\" data-end=\"948\">Plantilla urbana Se\u00f1al de STOP<\/strong> ideal para pintores. De alta calidad, reutilizables, reversibles y disponibles en varios tama\u00f1os.<\/p>","protected":false},"featured_media":11594,"comment_status":"open","ping_status":"closed","template":"","meta":{"bwfblock_default_font":"","_kad_blocks_custom_css":"","_kad_blocks_head_custom_js":"","_kad_blocks_body_custom_js":"","_kad_blocks_footer_custom_js":"","_kadence_starter_templates_imported_post":false,"_kad_post_transparent":"default","_kad_post_title":"","_kad_post_layout":"default","_kad_post_sidebar_id":"","_kad_post_content_style":"default","_kad_post_vertical_padding":"default","_kad_post_feature":"","_kad_post_feature_position":"","_kad_post_header":false,"_kad_post_footer":false,"_kad_post_classname":""},"product_brand":[1415],"product_cat":[273],"product_tag":[274,503,502,501,446,286,276],"class_list":{"0":"post-11595","1":"product","2":"type-product","3":"status-publish","4":"has-post-thumbnail","6":"product_brand-mes-pochoirs","7":"product_cat-pochoirs-urbains","8":"product_tag-panneau","9":"product_tag-rue","10":"product_tag-signalisation","11":"product_tag-stop","12":"product_tag-street","13":"product_tag-urbain","14":"product_tag-ville","16":"first","17":"instock","18":"taxable","19":"shipping-taxable","20":"purchasable","21":"product-type-variable","22":"entry","23":"content-bg","24":"loop-entry"},"taxonomy_info":{"product_brand":[{"value":1415,"label":"Mes Pochoirs"}],"product_cat":[{"value":273,"label":"Urbains"}],"product_tag":[{"value":274,"label":"Panneau"},{"value":503,"label":"rue"},{"value":502,"label":"signalisation"},{"value":501,"label":"stop"},{"value":446,"label":"street"},{"value":286,"label":"urbain"},{"value":276,"label":"ville"}]},"featured_image_src_large":["https:\/\/mes-pochoirs.com\/wp-content\/uploads\/2024\/01\/U0009-FR-pochoir-urbain-stop-copyright-mes-pochoirs-com-858x1030.jpg",858,1030,true],"author_info":[],"comment_info":1,"_links":{"self":[{"href":"https:\/\/mes-pochoirs.com\/es\/wp-json\/wp\/v2\/product\/11595","targetHints":{"allow":["GET"]}}],"collection":[{"href":"https:\/\/mes-pochoirs.com\/es\/wp-json\/wp\/v2\/product"}],"about":[{"href":"https:\/\/mes-pochoirs.com\/es\/wp-json\/wp\/v2\/types\/product"}],"replies":[{"embeddable":true,"href":"https:\/\/mes-pochoirs.com\/es\/wp-json\/wp\/v2\/comments?post=11595"}],"wp:featuredmedia":[{"embeddable":true,"href":"https:\/\/mes-pochoirs.com\/es\/wp-json\/wp\/v2\/media\/11594"}],"wp:attachment":[{"href":"https:\/\/mes-pochoirs.com\/es\/wp-json\/wp\/v2\/media?parent=11595"}],"wp:term":[{"taxonomy":"product_brand","embeddable":true,"href":"https:\/\/mes-pochoirs.com\/es\/wp-json\/wp\/v2\/product_brand?post=11595"},{"taxonomy":"product_cat","embeddable":true,"href":"https:\/\/mes-pochoirs.com\/es\/wp-json\/wp\/v2\/product_cat?post=11595"},{"taxonomy":"product_tag","embeddable":true,"href":"https:\/\/mes-pochoirs.com\/es\/wp-json\/wp\/v2\/product_tag?post=11595"}],"curies":[{"name":"wp","href":"https:\/\/api.w.org\/{rel}","templated":true}]}}