{"id":11665,"date":"2024-01-19T11:27:20","date_gmt":"2024-01-19T10:27:20","guid":{"rendered":"https:\/\/mes-pochoirs.com\/?post_type=product&#038;p=11665"},"modified":"2025-10-31T12:00:19","modified_gmt":"2025-10-31T11:00:19","slug":"plantilla-de-amor-el0001","status":"publish","type":"product","link":"https:\/\/mes-pochoirs.com\/es\/produit\/pochoir-amour-fusionnel-el0001","title":{"rendered":"Plantilla Fusional Love - EL0001"},"content":{"rendered":"<h2>Plantilla Fusional Love<\/h2>\n<h3>Una fusi\u00f3n de amor<\/h3>\n<p>Descubra nuestra exclusiva plantilla \"Amour Fusionnel\", una verdadera oda al amor, de nuestra exclusiva colecci\u00f3n \"Expressions of Love\". Esta plantilla, que representa a una pareja bes\u00e1ndose, capta la esencia misma de la pasi\u00f3n y la intimidad. Con un estilo que recuerda al arte callejero, atrevido y vibrante, ofrece una representaci\u00f3n art\u00edstica y moderna del amor. Ideal para crear centros de mesa vibrantes y expresivos, esta plantilla es imprescindible para cualquier amante del arte que desee a\u00f1adir un toque de amor a su espacio.<\/p>\n<h3>Creatividad sin l\u00edmites<\/h3>\n<p>Esta plantilla cuadrada 1:1 est\u00e1 disponible en varios tama\u00f1os para adaptarse a todos sus proyectos creativos. Tanto si desea embellecer un gran lienzo o una pared, como crear una obra m\u00e1s modesta, esta plantilla es su aliada. Fabricada en nuestro taller de forma artesanal, est\u00e1 hecha de pl\u00e1stico resistente de alta calidad, por lo que es f\u00e1cil de usar, reutilizable y reversible. Se puede aplicar sobre diversas superficies como lienzos, paredes, papel, madera, cart\u00f3n, etc., ofreciendo una aplicaci\u00f3n l\u00fadica con pinturas acr\u00edlicas, acuarelas u otros medios.<\/p>\n<h3>Arte callejero y retrato<\/h3>\n<p>Esta plantilla es una celebraci\u00f3n del Street Art, un movimiento art\u00edstico conocido por su capacidad para transformar elementos de la cultura popular en obras de arte ic\u00f3nicas. Al utilizar esta plantilla, abrazas la rica historia del Street Art y el retrato, creando piezas \u00fanicas que hablan de emociones, historia y cultura. Es una oportunidad para revisitar el arte del retrato de una forma divertida y contempor\u00e1nea, dando vida a historias de amor a trav\u00e9s de tus propias creaciones.<\/p>","protected":false},"excerpt":{"rendered":"<p data-start=\"825\" data-end=\"953\"><strong>Plantilla Fusional Love<\/strong> Ideal para pintar y decorar paredes. Reversibles, duraderos y disponibles en varios tama\u00f1os.<\/p>","protected":false},"featured_media":11639,"comment_status":"open","ping_status":"closed","template":"","meta":{"bwfblock_default_font":"","_kad_blocks_custom_css":"","_kad_blocks_head_custom_js":"","_kad_blocks_body_custom_js":"","_kad_blocks_footer_custom_js":"","_kadence_starter_templates_imported_post":false,"_kad_post_transparent":"default","_kad_post_title":"","_kad_post_layout":"default","_kad_post_sidebar_id":"","_kad_post_content_style":"default","_kad_post_vertical_padding":"default","_kad_post_feature":"","_kad_post_feature_position":"","_kad_post_header":false,"_kad_post_footer":false,"_kad_post_classname":""},"product_brand":[1415],"product_cat":[504,481,36,1138,328],"product_tag":[325,507,508,492,506,509,491,359,490,505,510,296,476,333,390,327],"class_list":{"0":"post-11665","1":"product","2":"type-product","3":"status-publish","4":"has-post-thumbnail","6":"product_brand-mes-pochoirs","7":"product_cat-expressions-of-love","8":"product_cat-collections","9":"product_cat-pochoirs-portraits-visages","10":"product_cat-pochoirs-saint-valentin","11":"product_cat-pochoirs-street-art","12":"product_tag-amour","13":"product_tag-amoureux","14":"product_tag-baiser","15":"product_tag-collection","16":"product_tag-couple","17":"product_tag-embrasser","18":"product_tag-expression","19":"product_tag-femme","20":"product_tag-gros-plan","21":"product_tag-homme","22":"product_tag-kiss","23":"product_tag-love","24":"product_tag-pochoir","25":"product_tag-pop-art","26":"product_tag-portrait","27":"product_tag-street-art","29":"first","30":"instock","31":"taxable","32":"shipping-taxable","33":"purchasable","34":"product-type-variable","35":"entry","36":"content-bg","37":"loop-entry"},"taxonomy_info":{"product_brand":[{"value":1415,"label":"Mes Pochoirs"}],"product_cat":[{"value":504,"label":"Expressions of Love"},{"value":481,"label":"Collections"},{"value":36,"label":"Portraits &amp; Visages"},{"value":1138,"label":"Saint-Valentin"},{"value":328,"label":"Street Art"}],"product_tag":[{"value":325,"label":"amour"},{"value":507,"label":"amoureux"},{"value":508,"label":"baiser"},{"value":492,"label":"collection"},{"value":506,"label":"couple"},{"value":509,"label":"embrasser"},{"value":491,"label":"expression"},{"value":359,"label":"femme"},{"value":490,"label":"Gros plan"},{"value":505,"label":"homme"},{"value":510,"label":"kiss"},{"value":296,"label":"Love"},{"value":476,"label":"pochoir"},{"value":333,"label":"pop art"},{"value":390,"label":"portrait"},{"value":327,"label":"street art"}]},"featured_image_src_large":["https:\/\/mes-pochoirs.com\/wp-content\/uploads\/2024\/01\/EL0001-FR-pochoir-Expressions-Of-Love-1-1-copyright-mes-pochoirs-com-858x1030.jpg",858,1030,true],"author_info":[],"comment_info":0,"_links":{"self":[{"href":"https:\/\/mes-pochoirs.com\/es\/wp-json\/wp\/v2\/product\/11665","targetHints":{"allow":["GET"]}}],"collection":[{"href":"https:\/\/mes-pochoirs.com\/es\/wp-json\/wp\/v2\/product"}],"about":[{"href":"https:\/\/mes-pochoirs.com\/es\/wp-json\/wp\/v2\/types\/product"}],"replies":[{"embeddable":true,"href":"https:\/\/mes-pochoirs.com\/es\/wp-json\/wp\/v2\/comments?post=11665"}],"wp:featuredmedia":[{"embeddable":true,"href":"https:\/\/mes-pochoirs.com\/es\/wp-json\/wp\/v2\/media\/11639"}],"wp:attachment":[{"href":"https:\/\/mes-pochoirs.com\/es\/wp-json\/wp\/v2\/media?parent=11665"}],"wp:term":[{"taxonomy":"product_brand","embeddable":true,"href":"https:\/\/mes-pochoirs.com\/es\/wp-json\/wp\/v2\/product_brand?post=11665"},{"taxonomy":"product_cat","embeddable":true,"href":"https:\/\/mes-pochoirs.com\/es\/wp-json\/wp\/v2\/product_cat?post=11665"},{"taxonomy":"product_tag","embeddable":true,"href":"https:\/\/mes-pochoirs.com\/es\/wp-json\/wp\/v2\/product_tag?post=11665"}],"curies":[{"name":"wp","href":"https:\/\/api.w.org\/{rel}","templated":true}]}}